{"id":29,"date":"2023-04-20T11:47:20","date_gmt":"2023-04-20T11:47:20","guid":{"rendered":"https:\/\/dummy.xtemos.com\/woodmart2\/furniture2-elementor\/?page_id=29"},"modified":"2025-07-26T20:07:31","modified_gmt":"2025-07-26T18:07:31","slug":"kontakta-oss","status":"publish","type":"page","link":"https:\/\/itsmyruum.com\/en\/kontakta-oss\/","title":{"rendered":"Kontakta oss"},"content":{"rendered":"<div data-elementor-type=\"wp-page\" data-elementor-id=\"29\" class=\"elementor elementor-29\" data-elementor-post-type=\"page\">\n\t\t\t\t<div class=\"elementor-element elementor-element-d7d715d e-flex e-con-boxed e-con e-parent\" data-id=\"d7d715d\" data-element_type=\"container\" data-e-type=\"container\">\n\t\t\t\t\t<div class=\"e-con-inner\">\n\t\t\t\t<div class=\"elementor-element elementor-element-3650a2a color-scheme-inherit text-left elementor-widget elementor-widget-text-editor\" data-id=\"3650a2a\" data-element_type=\"widget\" data-e-type=\"widget\" data-widget_type=\"text-editor.default\">\n\t\t\t\t\t\t\t\t\t<div class=\"rich-text__text rte\"><p>Har du fr\u00e5gor om v\u00e5ra produkter, din best\u00e4llning (ha g\u00e4rna ordernumret redo) eller beh\u00f6ver hj\u00e4lp att hitta din perfekta soffstil? Vi finns h\u00e4r f\u00f6r att hj\u00e4lpa dig!<\/p><p>\ud83d\udd0d\u00a0<strong>Vanliga fr\u00e5gor<\/strong>\u00a0\u2013\u00a0<a title=\"Fr\u00e5gor &amp; Svar\" href=\"https:\/\/itsmyruum.com\/fragor-och-svar\/\">Hitta svar direkt, klicka h\u00e4r.<\/a><br \/>\ud83d\udce7\u00a0<strong>E-post<\/strong>:\u00a0<a>info@ruum.se<br \/><\/a>\ud83d\udce7\u00a0<strong>Kontaktformul\u00e4r l\u00e4ngre ner p\u00e5 sidan.<\/strong><\/p><\/div><div class=\"rich-text__text rte\"><h3><strong>\u00d6ppettider f\u00f6r kundservice<\/strong><\/h3><p>\ud83d\udcc5\u00a0<strong>M\u00e5ndag \u2013 Fredag<\/strong>: 10:00 \u2013 16:00 (Lunchst\u00e4ngt 12:30 \u2013 13:30)<br \/>\ud83d\udcc5\u00a0<strong>Helger &amp; helgdagar<\/strong>: St\u00e4ngt<\/p><p><strong>Kommande helgdagar d\u00e5 vi har st\u00e4ngt:<\/strong><\/p><ul><li>18\u201321 april<\/li><li>1 maj<\/li><li>29 maj<\/li><li>6 juni<\/li><li>20 juni<\/li><\/ul><p>\ud83d\udcac\u00a0<strong>Vi svarar s\u00e5 snabbt vi kan!<\/strong><\/p><p>Vi str\u00e4var efter att besvara din f\u00f6rfr\u00e5gan samma dag. Kontakter som inkommer under helgen hanteras s\u00e5 snart som m\u00f6jligt under v\u00e5ra \u00f6ppettider.<\/p><\/div><div class=\"rich-text__text rte\"><h2><strong>Leverans \u2013 Snabbt och smidigt<\/strong><\/h2><p>Vi erbjuder trygg och snabb leverans. Den ber\u00e4knade leveranstiden f\u00f6r varje produkt hittar du p\u00e5 produktsidan.<br \/><br \/>\ud83d\udce6 Om din best\u00e4llning inneh\u00e5ller flera produkter med olika leveranstider skickas allt tillsammans enligt den l\u00e4ngsta leveranstiden.<\/p><p>\ud83d\ude9a\u00a0<strong>Leveranser<\/strong><br \/>I bekr\u00e4ftelsemailen f\u00e5r du ett estimerat leveransdatum. Dagen d\u00e5 leveransen sker, ringer vi dig under dagen.<\/p><p>\ud83d\udcd6\u00a0<a title=\"Frakt och Leverans\" href=\"https:\/\/itsmyruum.com\/frakt-och-leverans\/\"><strong>L\u00e4s mer om leverans h\u00e4r<\/strong><\/a><\/p><h2><strong>Reklamation &amp; Returer<\/strong><\/h2><p>Om du beh\u00f6ver reklamera en produkt eller returnera en vara, kan du l\u00e4sa mer om hur du g\u00e5r tillv\u00e4ga h\u00e4r:<\/p><p><a title=\"Returer\" href=\"https:\/\/itsmyruum.com\/returer\/\">Tryck h\u00e4r f\u00f6r returer<\/a><br \/><a title=\"Reklamation\" href=\"https:\/\/itsmyruum.com\/reklamation\/\">Tryck h\u00e4r f\u00f6r reklamationer<\/a><\/p><p>\ud83d\udce7 Kontakta oss g\u00e4rna via e-post om du har fr\u00e5gor. Det kan du g\u00f6ra via formul\u00e4ret nedan eller skicka ett e-post till info@ruum.se<\/p><\/div>\t\t\t\t\t\t\t\t<\/div>\n\t\t\t\t<div class=\"elementor-element elementor-element-cd58542 elementor-widget elementor-widget-spacer\" data-id=\"cd58542\" data-element_type=\"widget\" data-e-type=\"widget\" data-widget_type=\"spacer.default\">\n\t\t\t\t\t\t\t<div class=\"elementor-spacer\">\n\t\t\t<div class=\"elementor-spacer-inner\"><\/div>\n\t\t<\/div>\n\t\t\t\t\t\t<\/div>\n\t\t\t\t\t<\/div>\n\t\t\t\t<\/div>\n\t\t<div class=\"wd-negative-gap elementor-element elementor-element-182218e e-flex e-con-boxed e-con e-parent\" data-id=\"182218e\" data-element_type=\"container\" data-e-type=\"container\">\n\t\t\t\t\t<div class=\"e-con-inner\">\n\t\t<div class=\"elementor-element elementor-element-c282c84 e-con-full e-flex e-con e-child\" data-id=\"c282c84\" data-element_type=\"container\" data-e-type=\"container\">\n\t\t\t\t<div class=\"elementor-element elementor-element-6d1e810 wd-width-100 elementor-widget elementor-widget-wd_title\" data-id=\"6d1e810\" data-element_type=\"widget\" data-e-type=\"widget\" data-widget_type=\"wd_title.default\">\n\t\t\t\t<div class=\"elementor-widget-container\">\n\t\t\t\t\t\t\t<div class=\"title-wrapper wd-set-mb reset-last-child wd-title-color-default wd-title-style-default wd-title-size-large text-left\">\n\n\t\t\t\n\t\t\t<div class=\"liner-continer\">\n\t\t\t\t<h4 class=\"woodmart-title-container title wd-fontsize-xxl\">Vi finns h\u00e4r f\u00f6r att hj\u00e4lpa dig<\/h4> \n\t\t\t\t\t\t\t<\/div>\n\n\t\t\t\t\t<\/div>\n\t\t\t\t\t\t<\/div>\n\t\t\t\t<\/div>\n\t\t\t\t<div class=\"elementor-element elementor-element-74e77af wd-cf7 elementor-widget elementor-widget-wd_contact_form_7\" data-id=\"74e77af\" data-element_type=\"widget\" data-e-type=\"widget\" data-widget_type=\"wd_contact_form_7.default\">\n\t\t\t\t<div class=\"elementor-widget-container\">\n\t\t\t\t\t\n<div class=\"wpcf7 no-js\" id=\"wpcf7-f1021-o1\" lang=\"en-US\" dir=\"ltr\" data-wpcf7-id=\"1021\">\n<div class=\"screen-reader-response\"><p role=\"status\" aria-live=\"polite\" aria-atomic=\"true\"><\/p> <ul><\/ul><\/div>\n<form action=\"\/en\/wp-json\/wp\/v2\/pages\/29#wpcf7-f1021-o1\" method=\"post\" class=\"wpcf7-form init\" aria-label=\"Contact form\" novalidate=\"novalidate\" data-status=\"init\" data-trp-original-action=\"\/en\/wp-json\/wp\/v2\/pages\/29#wpcf7-f1021-o1\">\n<fieldset class=\"hidden-fields-container\"><input type=\"hidden\" name=\"_wpcf7\" value=\"1021\" \/><input type=\"hidden\" name=\"_wpcf7_version\" value=\"6.1.5\" \/><input type=\"hidden\" name=\"_wpcf7_locale\" value=\"en_US\" \/><input type=\"hidden\" name=\"_wpcf7_unit_tag\" value=\"wpcf7-f1021-o1\" \/><input type=\"hidden\" name=\"_wpcf7_container_post\" value=\"0\" \/><input type=\"hidden\" name=\"_wpcf7_posted_data_hash\" value=\"\" \/>\n<\/fieldset>\n<div class=\"wd-grid-g\">\n\t<p class=\"wd-col\"><span class=\"wpcf7-form-control-wrap\" data-name=\"Name\"><input size=\"40\" maxlength=\"400\" class=\"wpcf7-form-control wpcf7-text wpcf7-validates-as-required\" aria-required=\"true\" aria-invalid=\"false\" placeholder=\"Namn\" value=\"\" type=\"text\" name=\"Name\" \/><\/span>\n\t<\/p>\n\t<p class=\"wd-col\"><span class=\"wpcf7-form-control-wrap\" data-name=\"Name\"><input size=\"40\" maxlength=\"400\" class=\"wpcf7-form-control wpcf7-text wpcf7-validates-as-required\" aria-required=\"true\" aria-invalid=\"false\" placeholder=\"Telefonnummer\" value=\"\" type=\"text\" name=\"Name\" \/><\/span>\n\t<\/p>\n\t<p class=\"wd-col\"><span class=\"wpcf7-form-control-wrap\" data-name=\"Email\"><input size=\"40\" maxlength=\"400\" class=\"wpcf7-form-control wpcf7-text wpcf7-validates-as-required\" aria-required=\"true\" aria-invalid=\"false\" placeholder=\"E-post\" value=\"\" type=\"text\" name=\"Email\" \/><\/span>\n\t<\/p>\n\t<p class=\"wd-col\"><span class=\"wpcf7-form-control-wrap\" data-name=\"your-message\"><textarea cols=\"40\" rows=\"10\" maxlength=\"2000\" class=\"wpcf7-form-control wpcf7-textarea\" aria-invalid=\"false\" placeholder=\"Ditt meddelande\" name=\"your-message\"><\/textarea><\/span>\n\t<\/p>\n\t<p class=\"wd-col\"><input class=\"wpcf7-form-control wpcf7-submit has-spinner btn btn-color-primary\" type=\"submit\" value=\"Skicka meddelande\" \/>\n\t<\/p>\n<\/div><div class=\"wpcf7-response-output\" aria-hidden=\"true\"><\/div>\n<input type=\"hidden\" name=\"trp-form-language\" value=\"en\"\/><\/form>\n<\/div>\n\t\t\t\t<\/div>\n\t\t\t\t<\/div>\n\t\t\t\t<\/div>\n\t\t\t\t\t<\/div>\n\t\t\t\t<\/div>\n\t\t<div class=\"wd-negative-gap elementor-element elementor-element-e5ff7fd wd-collapsible-content e-flex e-con-boxed e-con e-parent\" data-id=\"e5ff7fd\" data-element_type=\"container\" data-e-type=\"container\">\n\t\t\t\t\t<div class=\"e-con-inner\">\n\t\t\t\t<div class=\"elementor-element elementor-element-ae60863 elementor-widget elementor-widget-wd_button\" data-id=\"ae60863\" data-element_type=\"widget\" data-e-type=\"widget\" data-widget_type=\"wd_button.default\">\n\t\t\t\t<div class=\"elementor-widget-container\">\n\t\t\t\t\t\t\t<div class=\"wd-button-wrapper text-left wd-collapsible-button\" >\n\t\t\t<a class=\"btn btn-style-link btn-shape- btn-size-default btn-color-primary btn-icon-pos-right\"  href=\"#\">\n\t\t\t\t<span class=\"wd-btn-text\" data-elementor-setting-key=\"text\">\n\t\t\t\t\tRead More\t\t\t\t<\/span>\n\n\t\t\t\t\t\t\t<\/a>\n\t\t<\/div>\n\t\t\t\t\t\t<\/div>\n\t\t\t\t<\/div>\n\t\t\t\t\t<\/div>\n\t\t\t\t<\/div>\n\t\t\t\t<\/div>","protected":false},"excerpt":{"rendered":"<p>Har du fr\u00e5gor om v\u00e5ra produkter, din best\u00e4llning (ha g\u00e4rna ordernumret redo) eller beh\u00f6ver hj\u00e4lp att hitta din perfekta soffstil?<\/p>","protected":false},"author":1,"featured_media":0,"parent":0,"menu_order":0,"comment_status":"closed","ping_status":"closed","template":"","meta":{"_acf_changed":false,"footnotes":""},"class_list":["post-29","page","type-page","status-publish","hentry"],"acf":[],"_links":{"self":[{"href":"https:\/\/itsmyruum.com\/en\/wp-json\/wp\/v2\/pages\/29","targetHints":{"allow":["GET"]}}],"collection":[{"href":"https:\/\/itsmyruum.com\/en\/wp-json\/wp\/v2\/pages"}],"about":[{"href":"https:\/\/itsmyruum.com\/en\/wp-json\/wp\/v2\/types\/page"}],"author":[{"embeddable":true,"href":"https:\/\/itsmyruum.com\/en\/wp-json\/wp\/v2\/users\/1"}],"replies":[{"embeddable":true,"href":"https:\/\/itsmyruum.com\/en\/wp-json\/wp\/v2\/comments?post=29"}],"version-history":[{"count":0,"href":"https:\/\/itsmyruum.com\/en\/wp-json\/wp\/v2\/pages\/29\/revisions"}],"wp:attachment":[{"href":"https:\/\/itsmyruum.com\/en\/wp-json\/wp\/v2\/media?parent=29"}],"curies":[{"name":"wp","href":"https:\/\/api.w.org\/{rel}","templated":true}]}}