{"id":3551,"date":"2025-07-23T22:18:18","date_gmt":"2025-07-23T20:18:18","guid":{"rendered":"https:\/\/itsmyruum.com\/?page_id=3551"},"modified":"2025-07-23T22:24:24","modified_gmt":"2025-07-23T20:24:24","slug":"reklamation","status":"publish","type":"page","link":"https:\/\/itsmyruum.com\/en\/reklamation\/","title":{"rendered":"Reklamation"},"content":{"rendered":"<div data-elementor-type=\"wp-page\" data-elementor-id=\"3551\" class=\"elementor elementor-3551\" data-elementor-post-type=\"page\">\n\t\t\t\t<div class=\"elementor-element elementor-element-834ddc8 e-flex e-con-boxed e-con e-parent\" data-id=\"834ddc8\" data-element_type=\"container\" data-e-type=\"container\">\n\t\t\t\t\t<div class=\"e-con-inner\">\n\t\t\t\t<div class=\"elementor-element elementor-element-72e34f2 color-scheme-inherit text-left elementor-widget elementor-widget-text-editor\" data-id=\"72e34f2\" data-element_type=\"widget\" data-e-type=\"widget\" data-widget_type=\"text-editor.default\">\n\t\t\t\t\t\t\t\t\t<section id=\"shopify-section-template--24885148942718__rich_text_DcBeNL\" class=\"shopify-section section\"><div class=\"isolate page-width\"><div class=\"rich-text content-container color-scheme-1 gradient section-template--24885148942718__rich_text_DcBeNL-padding\"><div class=\"rich-text__wrapper rich-text__wrapper--center\"><div class=\"rich-text__blocks left\"><h2 class=\"rich-text__heading rte inline-richtext h1\"><strong>Reklamation och Garanti<\/strong><\/h2><div class=\"rich-text__text rte\"><p>Vi s\u00e4ljer alla produkter med 3 \u00e5rs fabriksgaranti och reklamationsr\u00e4tt enligt konsumentk\u00f6plagen. Vid en godk\u00e4nd reklamation kommer vi att \u00e5tg\u00e4rda felet genom reparation, byte av delar eller en ers\u00e4ttningsprodukt. Observera att vi i f\u00f6rsta hand f\u00f6rs\u00f6ker reparera felet i enlighet med Konsumentverkets riktlinjer.<\/p><p>Notera att fraktalternativen vid reklamation motsvarar de vid ordinarie leverans, och att vissa tj\u00e4nster s\u00e5som inb\u00e4rning och montering kan vara begr\u00e4nsade beroende p\u00e5 ort.<\/p><p><strong>S\u00e5 h\u00e4r g\u00f6r du en reklamation:<\/strong><\/p><ol><li>Kontakta oss med en beskrivning av felet och bifoga bilder.<\/li><li>Vid godk\u00e4nd reklamation st\u00e5r vi f\u00f6r returfrakten.<\/li><\/ol><p><strong>Fel vid leverans<\/strong><br \/>Vid leverans \u00e4r det kundens ansvar att omedelbart inspektera varorna. Kontrollera att leveransen st\u00e4mmer och att inga skador, fel eller brister f\u00f6religger. Om n\u00e5gon skada eller defekt uppt\u00e4cks ska reklamationen g\u00f6ras snarast via mail till\u00a0<a>info@ruum.se<\/a>. Om du mottar en felaktig eller defekt produkt, kommer vi att byta ut de skadade delarna, reparera eller byta ut hela produkten. Om reklamationen inte g\u00f6rs inom en vecka efter leveransen anses varorna vara godtagna.<\/p><\/div><\/div><\/div><\/div><\/div><\/section><section id=\"shopify-section-template--24885148942718__rich_text_ThD679\" class=\"shopify-section section\"><div class=\"isolate page-width\"><div class=\"rich-text content-container color-scheme-1 gradient section-template--24885148942718__rich_text_ThD679-padding\"><div class=\"rich-text__wrapper rich-text__wrapper--center\"><div class=\"rich-text__blocks left\"><h2 class=\"rich-text__heading rte inline-richtext h2\"><strong>Vid transportskador<\/strong><\/h2><div class=\"rich-text__text rte\"><ul><li>Kontrollera emballaget vid mottagandet.<\/li><li>Dokumentera eventuella skador p\u00e5 emballaget med bilder innan du \u00f6ppnar det.<\/li><li>Om produkten ocks\u00e5 \u00e4r skadad, dokumentera detta med bilder.<\/li><li>Notera skador p\u00e5 frakthandlingen innan signering.<\/li><\/ul><p>Vid reklamation av transportskador skicka f\u00f6ljande till\u00a0<a>info@ruum.se<\/a>:<\/p><ul><li>Ordernummer<\/li><li>Kollinummer p\u00e5 det skadade godset<\/li><li>Tid och datum f\u00f6r leveransen<\/li><li>Bilder p\u00e5 skadat emballage och skadad produkt<\/li><li>Beskrivning av skadan<\/li><\/ul><\/div><h2 class=\"rich-text__heading rte inline-richtext h2\"><strong>Garantivillkor<\/strong><\/h2><div class=\"rich-text__text rte\"><p>Garantin omfattar inte:<\/p><ul><li>Allm\u00e4nt slitage<\/li><li>Rynkor\/veck p\u00e5 tyget efter anv\u00e4ndning<\/li><li>S\u00e4ttningar i polstringsmaterial (t.ex. skum och fj\u00e4drar)<\/li><li>Skador p.g.a. felaktig anv\u00e4ndning eller montering<\/li><li>Noppor p\u00e5 tygets yta<\/li><li>Fl\u00e4ckar orsakade av kundens anv\u00e4ndning<\/li><li>Revor\/h\u00e5l i det tunna dammskyddstyget p\u00e5 undersidan av m\u00f6beln*<\/li><\/ul><p>*Detta svarta tyg \u00e4r endast ett dammskydd och kan klippas bort vid behov. Sm\u00e5 revor\/h\u00e5l p\u00e5 detta tyg under transport \u00e4r inte en giltig reklamation.<\/p><p>Observera att garantin endast g\u00e4ller f\u00f6r f\u00f6rstahandsk\u00f6paren och inte vid andrahandsf\u00f6rs\u00e4ljning.<\/p><\/div><h2 class=\"rich-text__heading rte inline-richtext h2\"><strong>R\u00e4ttigheter vid reklamation<\/strong><\/h2><div class=\"rich-text__text rte\"><p>RUUM har i f\u00f6rsta hand r\u00e4tt att \u00e5tg\u00e4rda problemet. Vi ska ges m\u00f6jlighet att laga produkten eller leverera en likv\u00e4rdig produkt innan eventuell h\u00e4vning av k\u00f6pet kan bli aktuell.<\/p><p>F\u00f6r att du ska ha r\u00e4tt att h\u00e4va k\u00f6pet m\u00e5ste felet vara allvarligt och av v\u00e4sentlig betydelse, alternativt att vi har f\u00f6rs\u00f6kt avhj\u00e4lpa felet flera g\u00e5nger utan att lyckas.<\/p><p>Har du fr\u00e5gor? Kontakta v\u00e5r kundservice:<br \/><strong>Mail:<\/strong>\u00a0<a>info@ruum.se<br \/><\/a><br \/><strong>\u00d6ppettider:<\/strong><br \/>M\u00e5ndag \u2013 fredag: 10:00 \u2013 16:00 (lunchst\u00e4ngt 12:30-13:30).<br \/>Helger och helgdagar: St\u00e4ngt.<\/p><\/div><\/div><\/div><\/div><\/div><\/section>\t\t\t\t\t\t\t\t<\/div>\n\t\t\t\t\t<\/div>\n\t\t\t\t<\/div>\n\t\t\t\t<\/div>","protected":false},"excerpt":{"rendered":"<p>Reklamation och Garanti Vi s\u00e4ljer alla produkter med 3 \u00e5rs fabriksgaranti och reklamationsr\u00e4tt enligt konsumentk\u00f6plagen. Vid en godk\u00e4nd reklamation kommer<\/p>","protected":false},"author":1,"featured_media":0,"parent":0,"menu_order":0,"comment_status":"closed","ping_status":"closed","template":"","meta":{"_acf_changed":false,"footnotes":""},"class_list":["post-3551","page","type-page","status-publish","hentry"],"acf":[],"_links":{"self":[{"href":"https:\/\/itsmyruum.com\/en\/wp-json\/wp\/v2\/pages\/3551","targetHints":{"allow":["GET"]}}],"collection":[{"href":"https:\/\/itsmyruum.com\/en\/wp-json\/wp\/v2\/pages"}],"about":[{"href":"https:\/\/itsmyruum.com\/en\/wp-json\/wp\/v2\/types\/page"}],"author":[{"embeddable":true,"href":"https:\/\/itsmyruum.com\/en\/wp-json\/wp\/v2\/users\/1"}],"replies":[{"embeddable":true,"href":"https:\/\/itsmyruum.com\/en\/wp-json\/wp\/v2\/comments?post=3551"}],"version-history":[{"count":0,"href":"https:\/\/itsmyruum.com\/en\/wp-json\/wp\/v2\/pages\/3551\/revisions"}],"wp:attachment":[{"href":"https:\/\/itsmyruum.com\/en\/wp-json\/wp\/v2\/media?parent=3551"}],"curies":[{"name":"wp","href":"https:\/\/api.w.org\/{rel}","templated":true}]}}