{"id":3559,"date":"2025-07-23T22:26:38","date_gmt":"2025-07-23T20:26:38","guid":{"rendered":"https:\/\/itsmyruum.com\/?page_id=3559"},"modified":"2025-07-23T22:27:36","modified_gmt":"2025-07-23T20:27:36","slug":"returer","status":"publish","type":"page","link":"https:\/\/itsmyruum.com\/en\/returer\/","title":{"rendered":"returer"},"content":{"rendered":"<div data-elementor-type=\"wp-page\" data-elementor-id=\"3559\" class=\"elementor elementor-3559\" data-elementor-post-type=\"page\">\n\t\t\t\t<div class=\"elementor-element elementor-element-f2d3e79 e-flex e-con-boxed e-con e-parent\" data-id=\"f2d3e79\" data-element_type=\"container\" data-e-type=\"container\">\n\t\t\t\t\t<div class=\"e-con-inner\">\n\t\t\t\t<div class=\"elementor-element elementor-element-aaf11bd color-scheme-inherit text-left elementor-widget elementor-widget-text-editor\" data-id=\"aaf11bd\" data-element_type=\"widget\" data-e-type=\"widget\" data-widget_type=\"text-editor.default\">\n\t\t\t\t\t\t\t\t\t<section id=\"shopify-section-template--24885173191038__rich_text_DcBeNL\" class=\"shopify-section section\"><div class=\"isolate page-width\"><div class=\"rich-text content-container color-scheme-1 gradient section-template--24885173191038__rich_text_DcBeNL-padding\"><div class=\"rich-text__wrapper rich-text__wrapper--center\"><div class=\"rich-text__blocks left\"><h2 class=\"rich-text__heading rte inline-richtext h1\"><strong>\u00c5ngerr\u00e4tt och Returer<\/strong><\/h2><div class=\"rich-text__text rte\"><p><strong>\u00c5ngerr\u00e4tt<\/strong><br \/>Du har r\u00e4tt att \u00e5ngra ditt k\u00f6p inom 14 dagar fr\u00e5n att du mottagit varan, enligt distansavtalslagen. Du f\u00e5r \u00f6ppna f\u00f6rpackningen f\u00f6r att kontrollera att du f\u00e5tt r\u00e4tt produkt, men var f\u00f6rsiktig s\u00e5 att du kan \u00e5terf\u00f6rsluta originalf\u00f6rpackningen. Produkten ska returneras i oanv\u00e4nt skick och i originalf\u00f6rpackning.<\/p><p>Om du v\u00e4ljer att returnera hela eller delar av din best\u00e4llning tillkommer en hanteringsavgift p\u00e5 150 SEK, som dras fr\u00e5n det totala returbeloppet. Du ansvarar sj\u00e4lv f\u00f6r returfrakten och f\u00f6r att produkten emballeras p\u00e5 ett s\u00e4tt som skyddar den under transporten.<\/p><p>Vi f\u00f6rbeh\u00e5ller oss r\u00e4tten att neka retur av varor som inte uppfyller dessa krav. Returkostnaden st\u00e5r kunden f\u00f6r om inget annat anges. \u00c5terbetalning sker efter att vi mottagit och godk\u00e4nt returen, normalt inom 14 dagar.<\/p><\/div><\/div><\/div><\/div><\/div><\/section><section id=\"shopify-section-template--24885173191038__rich_text_ThD679\" class=\"shopify-section section\"><div class=\"isolate page-width\"><div class=\"rich-text content-container color-scheme-1 gradient section-template--24885173191038__rich_text_ThD679-padding\"><div class=\"rich-text__wrapper rich-text__wrapper--center\"><div class=\"rich-text__blocks left\"><h2 class=\"rich-text__heading rte inline-richtext h2\"><strong>Retur av m\u00f6bler<\/strong><\/h2><div class=\"rich-text__text rte\"><ul><li>Om produkten \u00e4r i sin originalf\u00f6rpackning och returneras inom 14 dagar, \u00e5terbetalas 100% av beloppet.<\/li><li>Om produkten \u00e4r uppackad men oanv\u00e4nd och returneras inom 14 dagar utan skador eller fl\u00e4ckar, \u00e5terbetalas 75% av beloppet.<\/li><\/ul><\/div><h2 class=\"rich-text__heading rte inline-richtext h2\"><strong>Undantag fr\u00e5n \u00e5ngerr\u00e4tten<\/strong><\/h2><div class=\"rich-text__text rte\"><p>F\u00f6ljande varor omfattas inte av \u00e5ngerr\u00e4tten:<\/p><ul><li>Specialbest\u00e4llda eller kundanpassade produkter.<\/li><li>Produkter som av hygieniska sk\u00e4l inte kan returneras efter bruten f\u00f6rpackning.<\/li><\/ul><\/div><h2 class=\"rich-text__heading rte inline-richtext h2\"><strong>Vid retur<\/strong><\/h2><div class=\"rich-text__text rte\"><p>F\u00f6r att en retur eller \u00e5ngerr\u00e4tt ska hanteras korrekt m\u00e5ste vi f\u00e5 denna information fr\u00e5n dig skickad till\u00a0<a>info@ruum.se<\/a>:<\/p><ul><li>Namn och efternamn<\/li><li>Adress<\/li><li>Postnummer och ort<\/li><li>E-postadress<\/li><li>Telefonnummer<\/li><li>Ordernummer<\/li><li>Produkter du vill \u00e5ngra\/returnera<\/li><li>Datum du best\u00e4llde varorna<\/li><li>Datum du mottog varorna<\/li><\/ul><\/div><\/div><\/div><\/div><\/div><\/section>\t\t\t\t\t\t\t\t<\/div>\n\t\t\t\t\t<\/div>\n\t\t\t\t<\/div>\n\t\t\t\t<\/div>","protected":false},"excerpt":{"rendered":"<p>\u00c5ngerr\u00e4tt och Returer \u00c5ngerr\u00e4ttDu har r\u00e4tt att \u00e5ngra ditt k\u00f6p inom 14 dagar fr\u00e5n att du mottagit varan, enligt distansavtalslagen.<\/p>","protected":false},"author":1,"featured_media":0,"parent":0,"menu_order":0,"comment_status":"closed","ping_status":"closed","template":"","meta":{"_acf_changed":false,"footnotes":""},"class_list":["post-3559","page","type-page","status-publish","hentry"],"acf":[],"_links":{"self":[{"href":"https:\/\/itsmyruum.com\/en\/wp-json\/wp\/v2\/pages\/3559","targetHints":{"allow":["GET"]}}],"collection":[{"href":"https:\/\/itsmyruum.com\/en\/wp-json\/wp\/v2\/pages"}],"about":[{"href":"https:\/\/itsmyruum.com\/en\/wp-json\/wp\/v2\/types\/page"}],"author":[{"embeddable":true,"href":"https:\/\/itsmyruum.com\/en\/wp-json\/wp\/v2\/users\/1"}],"replies":[{"embeddable":true,"href":"https:\/\/itsmyruum.com\/en\/wp-json\/wp\/v2\/comments?post=3559"}],"version-history":[{"count":0,"href":"https:\/\/itsmyruum.com\/en\/wp-json\/wp\/v2\/pages\/3559\/revisions"}],"wp:attachment":[{"href":"https:\/\/itsmyruum.com\/en\/wp-json\/wp\/v2\/media?parent=3559"}],"curies":[{"name":"wp","href":"https:\/\/api.w.org\/{rel}","templated":true}]}}