{"id":1669,"date":"2025-07-11T20:56:00","date_gmt":"2025-07-11T18:56:00","guid":{"rendered":"https:\/\/itsmyruum.com\/product\/bjorknatt\/"},"modified":"2025-11-20T22:13:26","modified_gmt":"2025-11-20T21:13:26","slug":"bjorknatt","status":"publish","type":"product","link":"https:\/\/itsmyruum.com\/en\/product\/bjorknatt\/","title":{"rendered":"Bj\u00f6rknatt &#8211; S\u00e4ngram med f\u00f6rvaring"},"content":{"rendered":"<h2 class=\"\" data-start=\"147\" data-end=\"193\">Bj\u00f6rknatt \u2013 ett mjukt statement i sovrummet<\/h2>\n<p class=\"\" data-start=\"195\" data-end=\"470\">Bj\u00f6rknatt \u00e4r en s\u00e4ng som kombinerar form och funktion p\u00e5 ett s\u00e4tt som k\u00e4nns b\u00e5de samtida och dr\u00f6mskt. Med sin karakt\u00e4ristiska &#8221;bubbliga&#8221; siluett, skapad av gener\u00f6st stoppad skum, f\u00e5r s\u00e4ngen en mjuk och skulptural framtoning som ger sovrummet en elegant men avslappnad k\u00e4nsla.<\/p>\n<p class=\"\" data-start=\"472\" data-end=\"774\">S\u00e4ngens rundade former och v\u00e4lvadderade gavel g\u00f6r den inte bara vacker att se p\u00e5 \u2013 utan ocks\u00e5 en fr\u00f6jd att luta sig mot vid kv\u00e4llsl\u00e4sning eller morgonkaffe i s\u00e4ngen. Den tjocka, f\u00f6ljsamma stoppningen ger ett intryck av omslutande komfort, samtidigt som s\u00e4ngen st\u00e5r stadigt med sin robusta konstruktion.<\/p>\n<p class=\"\" data-start=\"776\" data-end=\"999\">Under liggytan d\u00f6ljer sig ett rymligt f\u00f6rvaringsutrymme, enkelt \u00e5tkomligt tack vare ett lyftsystem med fj\u00e4drar. Perfekt f\u00f6r att f\u00f6rvara s\u00e4ngkl\u00e4der, filtar eller andra textilier du vill ha n\u00e4ra till hands \u2013 men utom synh\u00e5ll.<\/p>\n<p class=\"\" data-start=\"776\" data-end=\"999\">T\u00e4nk p\u00e5 att madrass inte ing\u00e5r vid k\u00f6p av en s\u00e4ngram.<\/p>\n<p class=\"\" data-start=\"776\" data-end=\"999\"><img decoding=\"async\" src=\"https:\/\/itsmyruum.com\/wp-content\/uploads\/2025\/07\/RUUM-BJORKNATT-MATT.jpg?v=1743513008\" alt=\"\" \/><\/p>","protected":false},"excerpt":{"rendered":"<p>Bj\u00f6rknatt \u2013 ett mjukt statement i sovrummet Bj\u00f6rknatt \u00e4r en s\u00e4ng som kombinerar form och funktion p\u00e5 ett s\u00e4tt som<\/p>","protected":false},"featured_media":1766,"comment_status":"open","ping_status":"closed","template":"","meta":{"_acf_changed":false},"product_brand":[],"product_cat":[72,73,74,75,77,87,90,86,88],"product_tag":[],"class_list":{"0":"post-1669","1":"product","2":"type-product","3":"status-publish","4":"has-post-thumbnail","6":"product_cat-120x200cm","7":"product_cat-140x200cm","8":"product_cat-160x200cm","9":"product_cat-180x200cm","10":"product_cat-200x200cm","11":"product_cat-alla-sangar","12":"product_cat-products","13":"product_cat-ramsangar","14":"product_cat-startsida","16":"first","17":"instock","18":"shipping-taxable","19":"purchasable","20":"product-type-variable"},"acf":[],"_links":{"self":[{"href":"https:\/\/itsmyruum.com\/en\/wp-json\/wp\/v2\/product\/1669","targetHints":{"allow":["GET"]}}],"collection":[{"href":"https:\/\/itsmyruum.com\/en\/wp-json\/wp\/v2\/product"}],"about":[{"href":"https:\/\/itsmyruum.com\/en\/wp-json\/wp\/v2\/types\/product"}],"replies":[{"embeddable":true,"href":"https:\/\/itsmyruum.com\/en\/wp-json\/wp\/v2\/comments?post=1669"}],"version-history":[{"count":2,"href":"https:\/\/itsmyruum.com\/en\/wp-json\/wp\/v2\/product\/1669\/revisions"}],"predecessor-version":[{"id":4839,"href":"https:\/\/itsmyruum.com\/en\/wp-json\/wp\/v2\/product\/1669\/revisions\/4839"}],"wp:featuredmedia":[{"embeddable":true,"href":"https:\/\/itsmyruum.com\/en\/wp-json\/wp\/v2\/media\/1766"}],"wp:attachment":[{"href":"https:\/\/itsmyruum.com\/en\/wp-json\/wp\/v2\/media?parent=1669"}],"wp:term":[{"taxonomy":"product_brand","embeddable":true,"href":"https:\/\/itsmyruum.com\/en\/wp-json\/wp\/v2\/product_brand?post=1669"},{"taxonomy":"product_cat","embeddable":true,"href":"https:\/\/itsmyruum.com\/en\/wp-json\/wp\/v2\/product_cat?post=1669"},{"taxonomy":"product_tag","embeddable":true,"href":"https:\/\/itsmyruum.com\/en\/wp-json\/wp\/v2\/product_tag?post=1669"}],"curies":[{"name":"wp","href":"https:\/\/api.w.org\/{rel}","templated":true}]}}