{"id":1705,"date":"2025-07-11T20:56:03","date_gmt":"2025-07-11T18:56:03","guid":{"rendered":"https:\/\/itsmyruum.com\/product\/blunda\/"},"modified":"2025-11-20T22:39:54","modified_gmt":"2025-11-20T21:39:54","slug":"blunda","status":"publish","type":"product","link":"https:\/\/itsmyruum.com\/en\/product\/blunda\/","title":{"rendered":"Blunda &#8211; S\u00e4ngram med f\u00f6rvaring"},"content":{"rendered":"<h2 class=\"\" data-start=\"127\" data-end=\"170\">Blunda \u2013 mjuk k\u00e4nsla, avslappnad elegans<\/h2>\n<p class=\"\" data-start=\"172\" data-end=\"439\">Blunda \u00e4r en s\u00e4ng f\u00f6r dig som uppskattar vardagslyx och en varm, inbjudande atmosf\u00e4r i sovrummet. Med sin gener\u00f6st vadderade form och mjuka tygkl\u00e4dsel f\u00e5r s\u00e4ngen en n\u00e4stintill molnliknande karakt\u00e4r \u2013 perfekt f\u00f6r kv\u00e4llar d\u00e5 du vill koppla bort omv\u00e4rlden och bara vila.<\/p>\n<p class=\"\" data-start=\"441\" data-end=\"714\">S\u00e4ngen \u00e4r kl\u00e4dd i ett fluffigt och f\u00f6ljsamt tyg som framh\u00e4ver s\u00e4ngens mjuka linjer och g\u00f6r hela m\u00f6beln till ett blickf\u00e5ng i rummet. Tack vare den djupt stoppade konstruktionen och den kraftiga s\u00e4ngramen \u00e4r Blunda inte bara bekv\u00e4m \u2013 den \u00e4r ocks\u00e5 robust och h\u00e5llbar \u00f6ver tid.<\/p>\n<p class=\"\" data-start=\"716\" data-end=\"913\">Under liggytan d\u00f6ljer sig ett rymligt f\u00f6rvaringsutrymme \u2013 idealiskt f\u00f6r t\u00e4cken, kuddar och annat du vill ha n\u00e4ra men inte synligt. De breda sidorna fungerar dessutom som praktiska avst\u00e4llningsytor.<\/p>\n<p class=\"\" data-start=\"915\" data-end=\"1079\">Blunda tillverkas i Europa med fokus p\u00e5 komfort, kvalitet och materialval. S\u00e4ngen finns i flera storlekar och du v\u00e4ljer sj\u00e4lv tyg och f\u00e4rg som passar ditt hem b\u00e4st.<\/p>\n<p class=\"\" data-start=\"915\" data-end=\"1079\">T\u00e4nk p\u00e5 att madrass inte ing\u00e5r vid k\u00f6p av en s\u00e4ngram.<\/p>","protected":false},"excerpt":{"rendered":"<p>Blunda \u2013 mjuk k\u00e4nsla, avslappnad elegans Blunda \u00e4r en s\u00e4ng f\u00f6r dig som uppskattar vardagslyx och en varm, inbjudande atmosf\u00e4r<\/p>","protected":false},"featured_media":2678,"comment_status":"open","ping_status":"closed","template":"","meta":{"_acf_changed":false},"product_brand":[],"product_cat":[72,73,74,75,87,90,86,88],"product_tag":[],"class_list":{"0":"post-1705","1":"product","2":"type-product","3":"status-publish","4":"has-post-thumbnail","6":"product_cat-120x200cm","7":"product_cat-140x200cm","8":"product_cat-160x200cm","9":"product_cat-180x200cm","10":"product_cat-alla-sangar","11":"product_cat-products","12":"product_cat-ramsangar","13":"product_cat-startsida","15":"first","16":"instock","17":"shipping-taxable","18":"purchasable","19":"product-type-variable"},"acf":[],"_links":{"self":[{"href":"https:\/\/itsmyruum.com\/en\/wp-json\/wp\/v2\/product\/1705","targetHints":{"allow":["GET"]}}],"collection":[{"href":"https:\/\/itsmyruum.com\/en\/wp-json\/wp\/v2\/product"}],"about":[{"href":"https:\/\/itsmyruum.com\/en\/wp-json\/wp\/v2\/types\/product"}],"replies":[{"embeddable":true,"href":"https:\/\/itsmyruum.com\/en\/wp-json\/wp\/v2\/comments?post=1705"}],"version-history":[{"count":0,"href":"https:\/\/itsmyruum.com\/en\/wp-json\/wp\/v2\/product\/1705\/revisions"}],"wp:featuredmedia":[{"embeddable":true,"href":"https:\/\/itsmyruum.com\/en\/wp-json\/wp\/v2\/media\/2678"}],"wp:attachment":[{"href":"https:\/\/itsmyruum.com\/en\/wp-json\/wp\/v2\/media?parent=1705"}],"wp:term":[{"taxonomy":"product_brand","embeddable":true,"href":"https:\/\/itsmyruum.com\/en\/wp-json\/wp\/v2\/product_brand?post=1705"},{"taxonomy":"product_cat","embeddable":true,"href":"https:\/\/itsmyruum.com\/en\/wp-json\/wp\/v2\/product_cat?post=1705"},{"taxonomy":"product_tag","embeddable":true,"href":"https:\/\/itsmyruum.com\/en\/wp-json\/wp\/v2\/product_tag?post=1705"}],"curies":[{"name":"wp","href":"https:\/\/api.w.org\/{rel}","templated":true}]}}