{"id":1744,"date":"2025-08-04T20:56:05","date_gmt":"2025-08-04T18:56:05","guid":{"rendered":"https:\/\/itsmyruum.com\/product\/bubbel-2-sits-baddsoffa-med-forvaring\/"},"modified":"2025-11-20T00:05:30","modified_gmt":"2025-11-19T23:05:30","slug":"bubbel-2-sits-baddsoffa-med-forvaring","status":"publish","type":"product","link":"https:\/\/itsmyruum.com\/en\/product\/bubbel-2-sits-baddsoffa-med-forvaring\/","title":{"rendered":"Bubbel &#8211; 2 sits b\u00e4ddsoffa med f\u00f6rvaring"},"content":{"rendered":"<h3 data-start=\"127\" data-end=\"189\"><strong data-start=\"131\" data-end=\"189\">Bubbel: 2-sits b\u00e4ddsoffa i boucl\u00e9 med f\u00f6rvaring<\/strong><\/h3>\n<p data-start=\"191\" data-end=\"456\"><strong data-start=\"191\" data-end=\"221\">Mjukt, smart och stilrent.<\/strong><br data-start=\"221\" data-end=\"224\" \/>Bubbel \u00e4r v\u00e5r tv\u00e5sitsiga b\u00e4ddsoffa kl\u00e4dd i trendigt boucl\u00e9tyg \u2013 en perfekt kombination av skandinavisk enkelhet och praktisk funktion. Med sina rundade former och mjuka kuddar bjuder Bubbel in till b\u00e5de avslappning och \u00f6vernattning.<\/p>\n<p data-start=\"458\" data-end=\"659\">Under sitsen d\u00f6ljer sig en gener\u00f6s f\u00f6rvaring d\u00e4r du enkelt g\u00f6mmer undan s\u00e4ngkl\u00e4der eller filtar. P\u00e5 kv\u00e4llen f\u00f6rvandlas soffan smidigt till en b\u00e4dd med sovyta p\u00e5\u00a0<strong data-start=\"619\" data-end=\"635\">194 \u00d7 140 cm<\/strong>\u00a0\u2013 tillr\u00e4ckligt f\u00f6r tv\u00e5.<\/p>\n<p data-start=\"661\" data-end=\"691\"><strong data-start=\"661\" data-end=\"691\">Detaljer som g\u00f6r skillnad:<\/strong><\/p>\n<p data-start=\"694\" data-end=\"740\">&#8211; Inkluderar tv\u00e5 ryggkuddar och en prydnadskudde<br \/>\n&#8211; F\u00f6rvaringsutrymme under sitsen<br \/>\n&#8211; Kl\u00e4dd i mjukt, strukturerat boucl\u00e9tyg<br \/>\n&#8211; Stabil konstruktion och sk\u00f6n komfort<\/p>\n<p data-start=\"854\" data-end=\"870\"><strong data-start=\"854\" data-end=\"870\">M\u00e5tt &amp; info:<\/strong><\/p>\n<p>&#8211; Bredd: 209 cm<br \/>\n&#8211; H\u00f6jd: 96 cm<br \/>\n&#8211; Djup: 96 cm<br \/>\n&#8211; Sitth\u00f6jd: 44 cm<br \/>\n&#8211; Sittdjup: 75 cm (utan kuddar) \/ 55 cm (med kuddar)<br \/>\n&#8211; Sittbredd: 194 cm<br \/>\n&#8211; Sovyta: 194 \u00d7 140 cm<\/p>\n<p data-start=\"1044\" data-end=\"1215\"><strong data-start=\"1044\" data-end=\"1136\">Bubbel \u00e4r perfekt f\u00f6r mindre hem, g\u00e4strummet eller som en smart l\u00f6sning i vardagsrummet.<\/strong><br data-start=\"1136\" data-end=\"1139\" \/>Formgiven f\u00f6r dig som vill ha b\u00e5de stil och funktion \u2013 utan att kompromissa.<\/p>\n<p data-start=\"1044\" data-end=\"1215\"><img loading=\"lazy\" decoding=\"async\" class=\"alignnone size-large wp-image-4287\" src=\"https:\/\/itsmyruum.com\/wp-content\/uploads\/2025\/08\/RUUM-BUBBEL-2-SITS-BADDSOFFA-MATT-1024x712.jpg\" alt=\"\" width=\"1024\" height=\"712\" srcset=\"https:\/\/itsmyruum.com\/wp-content\/uploads\/2025\/08\/RUUM-BUBBEL-2-SITS-BADDSOFFA-MATT-1024x712.jpg 1024w, https:\/\/itsmyruum.com\/wp-content\/uploads\/2025\/08\/RUUM-BUBBEL-2-SITS-BADDSOFFA-MATT-300x209.jpg 300w, https:\/\/itsmyruum.com\/wp-content\/uploads\/2025\/08\/RUUM-BUBBEL-2-SITS-BADDSOFFA-MATT-768x534.jpg 768w, https:\/\/itsmyruum.com\/wp-content\/uploads\/2025\/08\/RUUM-BUBBEL-2-SITS-BADDSOFFA-MATT-1536x1068.jpg 1536w, https:\/\/itsmyruum.com\/wp-content\/uploads\/2025\/08\/RUUM-BUBBEL-2-SITS-BADDSOFFA-MATT-18x12.jpg 18w, https:\/\/itsmyruum.com\/wp-content\/uploads\/2025\/08\/RUUM-BUBBEL-2-SITS-BADDSOFFA-MATT-1200x834.jpg 1200w, https:\/\/itsmyruum.com\/wp-content\/uploads\/2025\/08\/RUUM-BUBBEL-2-SITS-BADDSOFFA-MATT-150x104.jpg 150w, https:\/\/itsmyruum.com\/wp-content\/uploads\/2025\/08\/RUUM-BUBBEL-2-SITS-BADDSOFFA-MATT.jpg 1920w\" sizes=\"auto, (max-width: 1024px) 100vw, 1024px\" \/><\/p>","protected":false},"excerpt":{"rendered":"<p>Bubbel: 2-sits b\u00e4ddsoffa i boucl\u00e9 med f\u00f6rvaring Mjukt, smart och stilrent.Bubbel \u00e4r v\u00e5r tv\u00e5sitsiga b\u00e4ddsoffa kl\u00e4dd i trendigt boucl\u00e9tyg \u2013<\/p>","protected":false},"featured_media":4276,"comment_status":"open","ping_status":"closed","template":"","meta":{"_acf_changed":false},"product_brand":[],"product_cat":[76,70,69,90,88],"product_tag":[],"class_list":{"0":"post-1744","1":"product","2":"type-product","3":"status-publish","4":"has-post-thumbnail","6":"product_cat-2-sits-soffor","7":"product_cat-alla-soffor","8":"product_cat-baddsoffor","9":"product_cat-products","10":"product_cat-startsida","12":"first","13":"instock","14":"shipping-taxable","15":"purchasable","16":"product-type-variable"},"acf":[],"_links":{"self":[{"href":"https:\/\/itsmyruum.com\/en\/wp-json\/wp\/v2\/product\/1744","targetHints":{"allow":["GET"]}}],"collection":[{"href":"https:\/\/itsmyruum.com\/en\/wp-json\/wp\/v2\/product"}],"about":[{"href":"https:\/\/itsmyruum.com\/en\/wp-json\/wp\/v2\/types\/product"}],"replies":[{"embeddable":true,"href":"https:\/\/itsmyruum.com\/en\/wp-json\/wp\/v2\/comments?post=1744"}],"version-history":[{"count":3,"href":"https:\/\/itsmyruum.com\/en\/wp-json\/wp\/v2\/product\/1744\/revisions"}],"predecessor-version":[{"id":4928,"href":"https:\/\/itsmyruum.com\/en\/wp-json\/wp\/v2\/product\/1744\/revisions\/4928"}],"wp:featuredmedia":[{"embeddable":true,"href":"https:\/\/itsmyruum.com\/en\/wp-json\/wp\/v2\/media\/4276"}],"wp:attachment":[{"href":"https:\/\/itsmyruum.com\/en\/wp-json\/wp\/v2\/media?parent=1744"}],"wp:term":[{"taxonomy":"product_brand","embeddable":true,"href":"https:\/\/itsmyruum.com\/en\/wp-json\/wp\/v2\/product_brand?post=1744"},{"taxonomy":"product_cat","embeddable":true,"href":"https:\/\/itsmyruum.com\/en\/wp-json\/wp\/v2\/product_cat?post=1744"},{"taxonomy":"product_tag","embeddable":true,"href":"https:\/\/itsmyruum.com\/en\/wp-json\/wp\/v2\/product_tag?post=1744"}],"curies":[{"name":"wp","href":"https:\/\/api.w.org\/{rel}","templated":true}]}}