{"id":1756,"date":"2025-07-11T20:56:05","date_gmt":"2025-07-11T18:56:05","guid":{"rendered":"https:\/\/itsmyruum.com\/product\/dromdriva\/"},"modified":"2025-11-20T23:21:10","modified_gmt":"2025-11-20T22:21:10","slug":"dromdriva","status":"publish","type":"product","link":"https:\/\/itsmyruum.com\/en\/product\/dromdriva\/","title":{"rendered":"Dr\u00f6mdriva &#8211; S\u00e4ngram med f\u00f6rvaring"},"content":{"rendered":"<h3 class=\"\" data-end=\"191\" data-start=\"148\">Dr\u00f6mdriva \u2013 Sov med stil i varje detalj<\/h3>\n<p class=\"\" data-end=\"528\" data-start=\"193\"><strong data-end=\"206\" data-start=\"193\">Dr\u00f6mdriva<\/strong> \u00e4r en s\u00e4ng som kombinerar kraftfull design med mjuk komfort. Den robusta ramen, gener\u00f6st kl\u00e4dd i tjock skum, ger inte bara ett modernt uttryck utan skapar ocks\u00e5 en inbjudande k\u00e4nsla av trygghet och vila. De vertikala s\u00f6mmarna i b\u00e5de gavel och ram f\u00f6rst\u00e4rker det grafiska formspr\u00e5ket och s\u00e4tter en stilren ton i sovrummet.<\/p>\n<p class=\"\" data-end=\"883\" data-start=\"530\">Det \u00e4r inte bara utseendet som imponerar \u2013 Dr\u00f6mdriva \u00e4r \u00e4ven praktisk. Med ett gener\u00f6st f\u00f6rvaringsutrymme under madrassen blir det enkelt att organisera s\u00e4ngkl\u00e4der, filtar eller andra prylar du vill h\u00e5lla undan men \u00e4nd\u00e5 ha n\u00e4ra till hands. De breda sidorna fungerar dessutom som en perfekt plats f\u00f6r att l\u00e4gga boken, telefonen eller glaset med kv\u00e4llste.<\/p>\n<p class=\"\" data-end=\"1037\" data-start=\"885\"><strong data-end=\"898\" data-start=\"885\">Dr\u00f6mdriva<\/strong> \u00e4r skapad f\u00f6r dig som vill ha mer \u00e4n bara en plats att sova \u2013 du vill ha ett statement i rummet. Ett lugnt uttryck med stark personlighet.<\/p>\n<p class=\"\" data-end=\"1037\" data-start=\"885\">T\u00e4nk p\u00e5 att madrass inte ing\u00e5r vid k\u00f6p av en s\u00e4ngram.<\/p>\n<p class=\"\" data-end=\"1037\" data-start=\"885\"><img decoding=\"async\" src=\"https:\/\/itsmyruum.com\/wp-content\/uploads\/2025\/07\/RUUM-DROMDRIVA-MATT.jpg?v=1743550689\" alt=\"\" \/><\/p>","protected":false},"excerpt":{"rendered":"<p>Dr\u00f6mdriva \u2013 Sov med stil i varje detalj Dr\u00f6mdriva \u00e4r en s\u00e4ng som kombinerar kraftfull design med mjuk komfort. Den<\/p>","protected":false},"featured_media":2776,"comment_status":"open","ping_status":"closed","template":"","meta":{"_acf_changed":false},"product_brand":[],"product_cat":[72,73,74,75,87,90,86,88],"product_tag":[],"class_list":{"0":"post-1756","1":"product","2":"type-product","3":"status-publish","4":"has-post-thumbnail","6":"product_cat-120x200cm","7":"product_cat-140x200cm","8":"product_cat-160x200cm","9":"product_cat-180x200cm","10":"product_cat-alla-sangar","11":"product_cat-products","12":"product_cat-ramsangar","13":"product_cat-startsida","15":"first","16":"instock","17":"shipping-taxable","18":"purchasable","19":"product-type-variable"},"acf":[],"_links":{"self":[{"href":"https:\/\/itsmyruum.com\/en\/wp-json\/wp\/v2\/product\/1756","targetHints":{"allow":["GET"]}}],"collection":[{"href":"https:\/\/itsmyruum.com\/en\/wp-json\/wp\/v2\/product"}],"about":[{"href":"https:\/\/itsmyruum.com\/en\/wp-json\/wp\/v2\/types\/product"}],"replies":[{"embeddable":true,"href":"https:\/\/itsmyruum.com\/en\/wp-json\/wp\/v2\/comments?post=1756"}],"version-history":[{"count":2,"href":"https:\/\/itsmyruum.com\/en\/wp-json\/wp\/v2\/product\/1756\/revisions"}],"predecessor-version":[{"id":5553,"href":"https:\/\/itsmyruum.com\/en\/wp-json\/wp\/v2\/product\/1756\/revisions\/5553"}],"wp:featuredmedia":[{"embeddable":true,"href":"https:\/\/itsmyruum.com\/en\/wp-json\/wp\/v2\/media\/2776"}],"wp:attachment":[{"href":"https:\/\/itsmyruum.com\/en\/wp-json\/wp\/v2\/media?parent=1756"}],"wp:term":[{"taxonomy":"product_brand","embeddable":true,"href":"https:\/\/itsmyruum.com\/en\/wp-json\/wp\/v2\/product_brand?post=1756"},{"taxonomy":"product_cat","embeddable":true,"href":"https:\/\/itsmyruum.com\/en\/wp-json\/wp\/v2\/product_cat?post=1756"},{"taxonomy":"product_tag","embeddable":true,"href":"https:\/\/itsmyruum.com\/en\/wp-json\/wp\/v2\/product_tag?post=1756"}],"curies":[{"name":"wp","href":"https:\/\/api.w.org\/{rel}","templated":true}]}}