{"id":1788,"date":"2025-07-11T20:56:13","date_gmt":"2025-07-11T18:56:13","guid":{"rendered":"https:\/\/itsmyruum.com\/product\/drommen\/"},"modified":"2025-11-26T00:36:28","modified_gmt":"2025-11-25T23:36:28","slug":"drommen","status":"publish","type":"product","link":"https:\/\/itsmyruum.com\/en\/product\/drommen\/","title":{"rendered":"Dr\u00f6mmen &#8211; Kontinentals\u00e4ng med f\u00f6rvaring"},"content":{"rendered":"<h3 class=\"\" data-start=\"123\" data-end=\"190\"><strong data-start=\"127\" data-end=\"190\">Dr\u00f6mmen \u2013 En lyxig kontinentals\u00e4ng med djupa s\u00f6mnkvaliteter<\/strong><\/h3>\n<p class=\"\" data-start=\"192\" data-end=\"485\"><strong data-start=\"192\" data-end=\"203\">Dr\u00f6mmen<\/strong> \u00e4r precis vad namnet lovar \u2013 en kontinentals\u00e4ng som f\u00f6renar stil, komfort och funktionalitet i ett och samma uttrycksfulla m\u00f6bel. Med sin djupknappade, h\u00f6gresta s\u00e4nggavel och eleganta formspr\u00e5k \u00e4r detta s\u00e4ngen som f\u00f6rvandlar varje sovrum till en plats f\u00f6r \u00e5terh\u00e4mtning och estetik.<\/p>\n<p class=\"\" data-start=\"487\" data-end=\"754\">S\u00e4ngen \u00e4r utrustad med <strong data-start=\"510\" data-end=\"541\">tv\u00e5 rymliga f\u00f6rvaringsl\u00e5dor<\/strong> som enkelt \u00f6ppnas med hj\u00e4lp av <strong data-start=\"573\" data-end=\"605\">fj\u00e4derassisterade lyftsystem<\/strong>. H\u00e4r f\u00e5r du plats med s\u00e4ngkl\u00e4der, filtar eller andra textilier, vilket g\u00f6r Dr\u00f6mmen till ett perfekt val f\u00f6r hem d\u00e4r f\u00f6rvaringsutrymmet \u00e4r begr\u00e4nsat.<\/p>\n<p class=\"\" data-start=\"756\" data-end=\"977\">Den 20 cm tjocka <strong data-start=\"773\" data-end=\"791\">huvudmadrassen<\/strong> \u00e4r uppbyggd med bonellfj\u00e4drar och ett lager skum f\u00f6r stabilt st\u00f6d och h\u00f6g komfort. En <strong data-start=\"878\" data-end=\"902\">topper p\u00e5 cirka 4 cm<\/strong> f\u00f6ljer med och ger en mjukare liggyta som formar sig l\u00e4tt efter din kropp.<\/p>\n<p class=\"\" data-start=\"979\" data-end=\"1218\">S\u00e4ngens imponerande gavel \u00e4r <strong data-start=\"1008\" data-end=\"1043\">djupknappad i Chesterfield-stil<\/strong> men utan knappar, vilket ger en mjukare och mer modern look. De dekorativa \u201c\u00f6ronen\u201d p\u00e5 vardera sida om gaveln ger en ombonad k\u00e4nsla och ramar in s\u00e4ngen p\u00e5 ett exklusivt s\u00e4tt.<\/p>\n<p class=\"\" data-start=\"979\" data-end=\"1218\"><img decoding=\"async\" src=\"https:\/\/itsmyruum.com\/wp-content\/uploads\/2025\/07\/RUUM-DROMMEN-MATT.jpg?v=1743177863\" alt=\"\" \/><\/p>","protected":false},"excerpt":{"rendered":"<p>Dr\u00f6mmen \u2013 En lyxig kontinentals\u00e4ng med djupa s\u00f6mnkvaliteter Dr\u00f6mmen \u00e4r precis vad namnet lovar \u2013 en kontinentals\u00e4ng som f\u00f6renar stil,<\/p>","protected":false},"featured_media":2799,"comment_status":"open","ping_status":"closed","template":"","meta":{"_acf_changed":false},"product_brand":[],"product_cat":[72,73,74,75,87,84,90,88],"product_tag":[],"class_list":{"0":"post-1788","1":"product","2":"type-product","3":"status-publish","4":"has-post-thumbnail","6":"product_cat-120x200cm","7":"product_cat-140x200cm","8":"product_cat-160x200cm","9":"product_cat-180x200cm","10":"product_cat-alla-sangar","11":"product_cat-kontinentalsangar","12":"product_cat-products","13":"product_cat-startsida","15":"first","16":"instock","17":"shipping-taxable","18":"purchasable","19":"product-type-variable"},"acf":[],"_links":{"self":[{"href":"https:\/\/itsmyruum.com\/en\/wp-json\/wp\/v2\/product\/1788","targetHints":{"allow":["GET"]}}],"collection":[{"href":"https:\/\/itsmyruum.com\/en\/wp-json\/wp\/v2\/product"}],"about":[{"href":"https:\/\/itsmyruum.com\/en\/wp-json\/wp\/v2\/types\/product"}],"replies":[{"embeddable":true,"href":"https:\/\/itsmyruum.com\/en\/wp-json\/wp\/v2\/comments?post=1788"}],"version-history":[{"count":1,"href":"https:\/\/itsmyruum.com\/en\/wp-json\/wp\/v2\/product\/1788\/revisions"}],"predecessor-version":[{"id":5864,"href":"https:\/\/itsmyruum.com\/en\/wp-json\/wp\/v2\/product\/1788\/revisions\/5864"}],"wp:featuredmedia":[{"embeddable":true,"href":"https:\/\/itsmyruum.com\/en\/wp-json\/wp\/v2\/media\/2799"}],"wp:attachment":[{"href":"https:\/\/itsmyruum.com\/en\/wp-json\/wp\/v2\/media?parent=1788"}],"wp:term":[{"taxonomy":"product_brand","embeddable":true,"href":"https:\/\/itsmyruum.com\/en\/wp-json\/wp\/v2\/product_brand?post=1788"},{"taxonomy":"product_cat","embeddable":true,"href":"https:\/\/itsmyruum.com\/en\/wp-json\/wp\/v2\/product_cat?post=1788"},{"taxonomy":"product_tag","embeddable":true,"href":"https:\/\/itsmyruum.com\/en\/wp-json\/wp\/v2\/product_tag?post=1788"}],"curies":[{"name":"wp","href":"https:\/\/api.w.org\/{rel}","templated":true}]}}