{"id":1839,"date":"2025-07-11T20:56:15","date_gmt":"2025-07-11T18:56:15","guid":{"rendered":"https:\/\/itsmyruum.com\/product\/famnen\/"},"modified":"2025-11-18T20:50:43","modified_gmt":"2025-11-18T19:50:43","slug":"famnen","status":"publish","type":"product","link":"https:\/\/itsmyruum.com\/en\/product\/famnen\/","title":{"rendered":"Famnen &#8211; B\u00e4ddsoffa med f\u00f6rvaring &#8211; H\u00f6rnsoffa"},"content":{"rendered":"<h3 class=\"\" data-start=\"52\" data-end=\"108\"><strong data-start=\"56\" data-end=\"106\">Bekv\u00e4m b\u00e4ddsoffa till vardagsrummet \u2013 Famnen<\/strong><\/h3>\n<p class=\"\" data-start=\"109\" data-end=\"240\">Letar du efter en soffa som kombinerar <strong data-start=\"148\" data-end=\"181\">komfort med en stilren design<\/strong>? D\u00e5 \u00e4r b\u00e4ddsoffan <strong data-start=\"200\" data-end=\"210\">Famnen<\/strong> det perfekta valet f\u00f6r dig!<\/p>\n<p class=\"\" data-start=\"242\" data-end=\"737\"><strong data-start=\"242\" data-end=\"252\">Famnen<\/strong> \u00e4r en minimalistisk och elegant b\u00e4ddsoffa som sm\u00e4lter in i alla typer av inredningar. Dess <strong data-start=\"344\" data-end=\"371\">enkla och stilrena form<\/strong> ger ett modernt intryck, samtidigt som den gener\u00f6sa sittkomforten g\u00f6r den till en idealisk plats f\u00f6r avkoppling. <strong data-start=\"485\" data-end=\"506\">Sits och ryggst\u00f6d<\/strong> \u00e4r tillverkade av <strong data-start=\"525\" data-end=\"552\">T30-skum och v\u00e5gfj\u00e4drar<\/strong>, vilket garanterar h\u00e5llbarhet och bevarad form \u00e4ven efter l\u00e5ng tids anv\u00e4ndning. Soffan levereras med <strong data-start=\"654\" data-end=\"674\">tre mjuka kuddar<\/strong>, som ger extra st\u00f6d och \u00e4ven fungerar som dekorativa inslag.<\/p>\n<p class=\"\" data-start=\"739\" data-end=\"1016\"><strong data-start=\"739\" data-end=\"749\">Famnen<\/strong> \u00e4r inte bara en stilfull m\u00f6bel \u2013 den \u00e4r ocks\u00e5 <strong data-start=\"796\" data-end=\"808\">praktisk<\/strong>. Med <strong data-start=\"814\" data-end=\"852\">b\u00e4ddfunktion och f\u00f6rvaringsutrymme<\/strong> blir den ett utm\u00e4rkt val f\u00f6r alla vardagsrum, oavsett storlek. Perfekt f\u00f6r dig som vill ha en <strong data-start=\"947\" data-end=\"973\">funktionell och bekv\u00e4m<\/strong> l\u00f6sning f\u00f6r b\u00e5de vardagsbruk och g\u00e4ster!<\/p>\n<p data-start=\"2098\" data-end=\"2218\" data-is-last-node=\"\" data-is-only-node=\"\"><img decoding=\"async\" src=\"https:\/\/cdn.shopify.com\/s\/files\/1\/0914\/4945\/9070\/files\/wymiary.jpg?v=1742939008\" alt=\"\" \/><\/p>","protected":false},"excerpt":{"rendered":"<p>Bekv\u00e4m b\u00e4ddsoffa till vardagsrummet \u2013 Famnen Letar du efter en soffa som kombinerar komfort med en stilren design? D\u00e5 \u00e4r<\/p>","protected":false},"featured_media":3339,"comment_status":"open","ping_status":"closed","template":"","meta":{"_acf_changed":false},"product_brand":[],"product_cat":[78,70,69,81,83,90,88],"product_tag":[],"class_list":{"0":"post-1839","1":"product","2":"type-product","3":"status-publish","4":"has-post-thumbnail","6":"product_cat-3-sits-soffor","7":"product_cat-alla-soffor","8":"product_cat-baddsoffor","9":"product_cat-divansoffor","10":"product_cat-hornsoffor","11":"product_cat-products","12":"product_cat-startsida","14":"first","15":"instock","16":"shipping-taxable","17":"purchasable","18":"product-type-variable"},"acf":[],"_links":{"self":[{"href":"https:\/\/itsmyruum.com\/en\/wp-json\/wp\/v2\/product\/1839","targetHints":{"allow":["GET"]}}],"collection":[{"href":"https:\/\/itsmyruum.com\/en\/wp-json\/wp\/v2\/product"}],"about":[{"href":"https:\/\/itsmyruum.com\/en\/wp-json\/wp\/v2\/types\/product"}],"replies":[{"embeddable":true,"href":"https:\/\/itsmyruum.com\/en\/wp-json\/wp\/v2\/comments?post=1839"}],"version-history":[{"count":1,"href":"https:\/\/itsmyruum.com\/en\/wp-json\/wp\/v2\/product\/1839\/revisions"}],"predecessor-version":[{"id":4645,"href":"https:\/\/itsmyruum.com\/en\/wp-json\/wp\/v2\/product\/1839\/revisions\/4645"}],"wp:featuredmedia":[{"embeddable":true,"href":"https:\/\/itsmyruum.com\/en\/wp-json\/wp\/v2\/media\/3339"}],"wp:attachment":[{"href":"https:\/\/itsmyruum.com\/en\/wp-json\/wp\/v2\/media?parent=1839"}],"wp:term":[{"taxonomy":"product_brand","embeddable":true,"href":"https:\/\/itsmyruum.com\/en\/wp-json\/wp\/v2\/product_brand?post=1839"},{"taxonomy":"product_cat","embeddable":true,"href":"https:\/\/itsmyruum.com\/en\/wp-json\/wp\/v2\/product_cat?post=1839"},{"taxonomy":"product_tag","embeddable":true,"href":"https:\/\/itsmyruum.com\/en\/wp-json\/wp\/v2\/product_tag?post=1839"}],"curies":[{"name":"wp","href":"https:\/\/api.w.org\/{rel}","templated":true}]}}