{"id":1852,"date":"2025-07-11T20:56:15","date_gmt":"2025-07-11T18:56:15","guid":{"rendered":"https:\/\/itsmyruum.com\/product\/frihet\/"},"modified":"2025-11-19T20:33:04","modified_gmt":"2025-11-19T19:33:04","slug":"frihet","status":"publish","type":"product","link":"https:\/\/itsmyruum.com\/en\/product\/frihet\/","title":{"rendered":"Frihet &#8211; H\u00f6rnsoffa"},"content":{"rendered":"<h3 data-start=\"0\" data-end=\"53\"><strong data-start=\"4\" data-end=\"51\">Bekv\u00e4m h\u00f6rnsoffa f\u00f6r vardagsrummet \u2013 Frihet<\/strong><\/h3>\n<p data-start=\"55\" data-end=\"448\">H\u00f6rnsoffan\u00a0<strong data-start=\"66\" data-end=\"76\">Frihet<\/strong>\u00a0\u00e4r en perfekt kombination av\u00a0<strong data-start=\"106\" data-end=\"133\">modern stil och komfort<\/strong>. Den sm\u00e4lter in i de senaste inredningstrenderna och dess unika design med\u00a0<strong data-start=\"209\" data-end=\"242\">djuph\u00e4ftade, vertikala s\u00f6mmar<\/strong>\u00a0p\u00e5 sits och ryggst\u00f6d ger en elegant och stilfull k\u00e4nsla. Soffan \u00e4r tillverkad av\u00a0<strong data-start=\"324\" data-end=\"355\">material av h\u00f6gsta kvalitet<\/strong>\u00a0och har en stomme av\u00a0<strong data-start=\"377\" data-end=\"407\">massivt tr\u00e4 och m\u00f6belskiva<\/strong>\u00a0f\u00f6r maximal stabilitet och h\u00e5llbarhet.<\/p>\n<p data-start=\"450\" data-end=\"643\">Sittkomforten \u00e4r i en klass f\u00f6r sig \u2013\u00a0<strong data-start=\"488\" data-end=\"527\">v\u00e5gfj\u00e4drar och h\u00f6gelastiskt HR-skum<\/strong>\u00a0ser till att soffan beh\u00e5ller sin form och erbjuder\u00a0<strong data-start=\"579\" data-end=\"608\">exceptionell bekv\u00e4mlighet<\/strong>\u00a0\u00e4ven efter l\u00e5ng tids anv\u00e4ndning.<\/p>\n<p data-start=\"645\" data-end=\"879\">Denna h\u00f6rnsoffa \u00e4r mer \u00e4n bara en m\u00f6bel \u2013 den \u00e4r en\u00a0<strong data-start=\"697\" data-end=\"768\">genomt\u00e4nkt kombination av funktionalitet, komfort och modern design<\/strong>. Ett perfekt val f\u00f6r dig som vill ha en stilfull soffa som uppfyller h\u00f6ga krav b\u00e5de estetiskt och praktiskt.<\/p>\n<p data-start=\"2098\" data-end=\"2218\" data-is-last-node=\"\" data-is-only-node=\"\"><img decoding=\"async\" src=\"https:\/\/cdn.shopify.com\/s\/files\/1\/0914\/4945\/9070\/files\/RUUM-FRIHET-MATT.jpg?v=1742914540\" alt=\"\" \/><\/p>","protected":false},"excerpt":{"rendered":"<p>Bekv\u00e4m h\u00f6rnsoffa f\u00f6r vardagsrummet \u2013 Frihet H\u00f6rnsoffan\u00a0Frihet\u00a0\u00e4r en perfekt kombination av\u00a0modern stil och komfort. Den sm\u00e4lter in i de senaste<\/p>","protected":false},"featured_media":3322,"comment_status":"open","ping_status":"closed","template":"","meta":{"_acf_changed":false},"product_brand":[],"product_cat":[78,70,81,83,90,88],"product_tag":[],"class_list":{"0":"post-1852","1":"product","2":"type-product","3":"status-publish","4":"has-post-thumbnail","6":"product_cat-3-sits-soffor","7":"product_cat-alla-soffor","8":"product_cat-divansoffor","9":"product_cat-hornsoffor","10":"product_cat-products","11":"product_cat-startsida","13":"first","14":"instock","15":"shipping-taxable","16":"purchasable","17":"product-type-variable"},"acf":[],"_links":{"self":[{"href":"https:\/\/itsmyruum.com\/en\/wp-json\/wp\/v2\/product\/1852","targetHints":{"allow":["GET"]}}],"collection":[{"href":"https:\/\/itsmyruum.com\/en\/wp-json\/wp\/v2\/product"}],"about":[{"href":"https:\/\/itsmyruum.com\/en\/wp-json\/wp\/v2\/types\/product"}],"replies":[{"embeddable":true,"href":"https:\/\/itsmyruum.com\/en\/wp-json\/wp\/v2\/comments?post=1852"}],"version-history":[{"count":3,"href":"https:\/\/itsmyruum.com\/en\/wp-json\/wp\/v2\/product\/1852\/revisions"}],"predecessor-version":[{"id":4758,"href":"https:\/\/itsmyruum.com\/en\/wp-json\/wp\/v2\/product\/1852\/revisions\/4758"}],"wp:featuredmedia":[{"embeddable":true,"href":"https:\/\/itsmyruum.com\/en\/wp-json\/wp\/v2\/media\/3322"}],"wp:attachment":[{"href":"https:\/\/itsmyruum.com\/en\/wp-json\/wp\/v2\/media?parent=1852"}],"wp:term":[{"taxonomy":"product_brand","embeddable":true,"href":"https:\/\/itsmyruum.com\/en\/wp-json\/wp\/v2\/product_brand?post=1852"},{"taxonomy":"product_cat","embeddable":true,"href":"https:\/\/itsmyruum.com\/en\/wp-json\/wp\/v2\/product_cat?post=1852"},{"taxonomy":"product_tag","embeddable":true,"href":"https:\/\/itsmyruum.com\/en\/wp-json\/wp\/v2\/product_tag?post=1852"}],"curies":[{"name":"wp","href":"https:\/\/api.w.org\/{rel}","templated":true}]}}