{"id":1877,"date":"2025-07-11T20:56:22","date_gmt":"2025-07-11T18:56:22","guid":{"rendered":"https:\/\/itsmyruum.com\/product\/helgdrom\/"},"modified":"2025-11-21T00:08:55","modified_gmt":"2025-11-20T23:08:55","slug":"helgdrom","status":"publish","type":"product","link":"https:\/\/itsmyruum.com\/en\/product\/helgdrom\/","title":{"rendered":"Helgdr\u00f6m &#8211; S\u00e4ngram med f\u00f6rvaring"},"content":{"rendered":"<h3 class=\"\" data-start=\"180\" data-end=\"235\">Helgdr\u00f6m \u2013 s\u00e4ngen f\u00f6r avkopplingens finaste stunder<\/h3>\n<p class=\"\" data-start=\"237\" data-end=\"570\"><strong data-start=\"237\" data-end=\"249\">Helgdr\u00f6m<\/strong> \u00e4r en s\u00e4ng som f\u00f6r tankarna till lugna morgnar, mjuka t\u00e4cken och den d\u00e4r obeskrivliga k\u00e4nslan av helg. Med sin eleganta, f\u00f6rl\u00e4ngda s\u00e4nggavel och stilrena linjer ger Helgdr\u00f6m sovrummet ett harmoniskt uttryck. Gaveln \u00e4r extra bred \u2013 15 cm ut\u00e5t p\u00e5 vardera sida \u2013 vilket ramar in s\u00e4ngen p\u00e5 ett exklusivt och omslutande s\u00e4tt.<\/p>\n<p class=\"\" data-start=\"572\" data-end=\"786\">De vertikala s\u00f6mmarna i gaveln skapar en sofistikerad textur som kompletteras av en mjuk, stoppad k\u00e4nsla. Detaljerna \u00e4r genomt\u00e4nkta \u2013 fr\u00e5n de sl\u00e4ta sidostyckena till den solida ramen kl\u00e4dd i ett vackert sammetstyg.<\/p>\n<p class=\"\" data-start=\"788\" data-end=\"1046\">F\u00f6rutom sin design bjuder Helgdr\u00f6m p\u00e5 smart funktionalitet: under madrassen finns ett gener\u00f6st f\u00f6rvaringsutrymme med l\u00e4tt\u00e5tkomlig \u00f6ppning via en smidig lyftmekanism. Perfekt f\u00f6r att f\u00f6rvara extra t\u00e4cken, s\u00e4ngkl\u00e4der eller det du vill ha n\u00e4ra men utom synh\u00e5ll.<\/p>\n<p class=\"\" data-start=\"788\" data-end=\"1046\">T\u00e4nk p\u00e5 att madrass inte ing\u00e5r vid k\u00f6p av en s\u00e4ngram.<\/p>\n<p class=\"\" data-start=\"788\" data-end=\"1046\"><img decoding=\"async\" src=\"https:\/\/cdn.shopify.com\/s\/files\/1\/0914\/4945\/9070\/files\/RUUM-HELGDROM-MATT.jpg?v=1743544210\" alt=\"\" \/><\/p>","protected":false},"excerpt":{"rendered":"<p>Helgdr\u00f6m \u2013 s\u00e4ngen f\u00f6r avkopplingens finaste stunder Helgdr\u00f6m \u00e4r en s\u00e4ng som f\u00f6r tankarna till lugna morgnar, mjuka t\u00e4cken och<\/p>","protected":false},"featured_media":3310,"comment_status":"open","ping_status":"closed","template":"","meta":{"_acf_changed":false},"product_brand":[],"product_cat":[72,73,74,75,87,90,86,88],"product_tag":[],"class_list":{"0":"post-1877","1":"product","2":"type-product","3":"status-publish","4":"has-post-thumbnail","6":"product_cat-120x200cm","7":"product_cat-140x200cm","8":"product_cat-160x200cm","9":"product_cat-180x200cm","10":"product_cat-alla-sangar","11":"product_cat-products","12":"product_cat-ramsangar","13":"product_cat-startsida","15":"first","16":"instock","17":"shipping-taxable","18":"purchasable","19":"product-type-variable"},"acf":[],"_links":{"self":[{"href":"https:\/\/itsmyruum.com\/en\/wp-json\/wp\/v2\/product\/1877","targetHints":{"allow":["GET"]}}],"collection":[{"href":"https:\/\/itsmyruum.com\/en\/wp-json\/wp\/v2\/product"}],"about":[{"href":"https:\/\/itsmyruum.com\/en\/wp-json\/wp\/v2\/types\/product"}],"replies":[{"embeddable":true,"href":"https:\/\/itsmyruum.com\/en\/wp-json\/wp\/v2\/comments?post=1877"}],"version-history":[{"count":1,"href":"https:\/\/itsmyruum.com\/en\/wp-json\/wp\/v2\/product\/1877\/revisions"}],"predecessor-version":[{"id":5580,"href":"https:\/\/itsmyruum.com\/en\/wp-json\/wp\/v2\/product\/1877\/revisions\/5580"}],"wp:featuredmedia":[{"embeddable":true,"href":"https:\/\/itsmyruum.com\/en\/wp-json\/wp\/v2\/media\/3310"}],"wp:attachment":[{"href":"https:\/\/itsmyruum.com\/en\/wp-json\/wp\/v2\/media?parent=1877"}],"wp:term":[{"taxonomy":"product_brand","embeddable":true,"href":"https:\/\/itsmyruum.com\/en\/wp-json\/wp\/v2\/product_brand?post=1877"},{"taxonomy":"product_cat","embeddable":true,"href":"https:\/\/itsmyruum.com\/en\/wp-json\/wp\/v2\/product_cat?post=1877"},{"taxonomy":"product_tag","embeddable":true,"href":"https:\/\/itsmyruum.com\/en\/wp-json\/wp\/v2\/product_tag?post=1877"}],"curies":[{"name":"wp","href":"https:\/\/api.w.org\/{rel}","templated":true}]}}