{"id":1906,"date":"2025-07-11T20:56:23","date_gmt":"2025-07-11T18:56:23","guid":{"rendered":"https:\/\/itsmyruum.com\/product\/himlabadd\/"},"modified":"2025-11-21T00:43:20","modified_gmt":"2025-11-20T23:43:20","slug":"himlabadd","status":"publish","type":"product","link":"https:\/\/itsmyruum.com\/en\/product\/himlabadd\/","title":{"rendered":"Himlab\u00e4dd &#8211; S\u00e4ngram med f\u00f6rvaring"},"content":{"rendered":"<p class=\"\" data-start=\"123\" data-end=\"166\"><strong data-start=\"123\" data-end=\"166\">Himlab\u00e4dd \u2013 d\u00e4r dr\u00f6mmar f\u00e5r vila i stil<\/strong><\/p>\n<p class=\"\" data-start=\"168\" data-end=\"445\">Himlab\u00e4dd \u00e4r en s\u00e4ng med en avskalad och elegant design som skapar en k\u00e4nsla av lugn och harmoni i sovrummet. Den raka s\u00e4nggaveln med stilfulla vertikala s\u00f6mmar ger ett modernt och sofistikerat uttryck \u2013 perfekt f\u00f6r dig som uppskattar skandinavisk enkelhet med en touch av lyx.<\/p>\n<p class=\"\" data-start=\"447\" data-end=\"686\">Den h\u00f6ga, mjukt stoppade gaveln \u00e4r bekv\u00e4m att luta sig mot n\u00e4r du vill l\u00e4sa en bok, jobba fr\u00e5n s\u00e4ngen eller se p\u00e5 en film i lugn och ro. B\u00e5de gavel och ram \u00e4r kl\u00e4dda i v\u00e5rt exklusiva sammetstyg, vilket skapar en mjuk och inbjudande helhet.<\/p>\n<p class=\"\" data-start=\"688\" data-end=\"915\">Under s\u00e4ngen d\u00f6ljer sig ett gener\u00f6st f\u00f6rvaringsutrymme, l\u00e4tt\u00e5tkomligt tack vare en smidig lyftmekanism. H\u00e4r f\u00e5r du plats med allt fr\u00e5n extra t\u00e4cken och kuddar till s\u00e4songskl\u00e4der \u2013 utan att kompromissa med estetik eller komfort.<\/p>\n<p class=\"\" data-start=\"917\" data-end=\"1039\">Med Himlab\u00e4dd f\u00e5r du en perfekt balans mellan funktionalitet, komfort och stil. En s\u00e4ng att l\u00e4ngta hem till \u2013 varje kv\u00e4ll.<\/p>\n<p class=\"\" data-start=\"917\" data-end=\"1039\">T\u00e4nk p\u00e5 att madrass inte ing\u00e5r vid k\u00f6p av en s\u00e4ngram.<\/p>\n<p class=\"\" data-start=\"917\" data-end=\"1039\"><img decoding=\"async\" src=\"https:\/\/cdn.shopify.com\/s\/files\/1\/0914\/4945\/9070\/files\/RUUM-HIMLABADD-MATT.jpg?v=1743522007\" alt=\"\" \/><\/p>","protected":false},"excerpt":{"rendered":"<p>Himlab\u00e4dd \u2013 d\u00e4r dr\u00f6mmar f\u00e5r vila i stil Himlab\u00e4dd \u00e4r en s\u00e4ng med en avskalad och elegant design som skapar<\/p>","protected":false},"featured_media":3309,"comment_status":"open","ping_status":"closed","template":"","meta":{"_acf_changed":false},"product_brand":[],"product_cat":[72,73,74,75,77,87,90,86,88],"product_tag":[],"class_list":{"0":"post-1906","1":"product","2":"type-product","3":"status-publish","4":"has-post-thumbnail","6":"product_cat-120x200cm","7":"product_cat-140x200cm","8":"product_cat-160x200cm","9":"product_cat-180x200cm","10":"product_cat-200x200cm","11":"product_cat-alla-sangar","12":"product_cat-products","13":"product_cat-ramsangar","14":"product_cat-startsida","16":"first","17":"instock","18":"shipping-taxable","19":"purchasable","20":"product-type-variable"},"acf":[],"_links":{"self":[{"href":"https:\/\/itsmyruum.com\/en\/wp-json\/wp\/v2\/product\/1906","targetHints":{"allow":["GET"]}}],"collection":[{"href":"https:\/\/itsmyruum.com\/en\/wp-json\/wp\/v2\/product"}],"about":[{"href":"https:\/\/itsmyruum.com\/en\/wp-json\/wp\/v2\/types\/product"}],"replies":[{"embeddable":true,"href":"https:\/\/itsmyruum.com\/en\/wp-json\/wp\/v2\/comments?post=1906"}],"version-history":[{"count":1,"href":"https:\/\/itsmyruum.com\/en\/wp-json\/wp\/v2\/product\/1906\/revisions"}],"predecessor-version":[{"id":5599,"href":"https:\/\/itsmyruum.com\/en\/wp-json\/wp\/v2\/product\/1906\/revisions\/5599"}],"wp:featuredmedia":[{"embeddable":true,"href":"https:\/\/itsmyruum.com\/en\/wp-json\/wp\/v2\/media\/3309"}],"wp:attachment":[{"href":"https:\/\/itsmyruum.com\/en\/wp-json\/wp\/v2\/media?parent=1906"}],"wp:term":[{"taxonomy":"product_brand","embeddable":true,"href":"https:\/\/itsmyruum.com\/en\/wp-json\/wp\/v2\/product_brand?post=1906"},{"taxonomy":"product_cat","embeddable":true,"href":"https:\/\/itsmyruum.com\/en\/wp-json\/wp\/v2\/product_cat?post=1906"},{"taxonomy":"product_tag","embeddable":true,"href":"https:\/\/itsmyruum.com\/en\/wp-json\/wp\/v2\/product_tag?post=1906"}],"curies":[{"name":"wp","href":"https:\/\/api.w.org\/{rel}","templated":true}]}}