{"id":1937,"date":"2025-07-11T20:56:24","date_gmt":"2025-07-11T18:56:24","guid":{"rendered":"https:\/\/itsmyruum.com\/product\/himlenatt\/"},"modified":"2025-11-21T01:21:11","modified_gmt":"2025-11-21T00:21:11","slug":"himlenatt","status":"publish","type":"product","link":"https:\/\/itsmyruum.com\/en\/product\/himlenatt\/","title":{"rendered":"Himlenatt &#8211; S\u00e4ngram med f\u00f6rvaring"},"content":{"rendered":"<h3 class=\"\" data-start=\"152\" data-end=\"192\">Himlenatt \u2013 Sov som bland stj\u00e4rnorna<\/h3>\n<p class=\"\" data-start=\"194\" data-end=\"517\"><strong data-start=\"194\" data-end=\"207\">Himlenatt<\/strong> \u00e4r en elegant och modern rams\u00e4ng med en unik design som direkt f\u00e5ngar blicken. Den mjukt stoppade s\u00e4nggaveln \u00e4r kl\u00e4dd i ett lyxigt sammetstyg med stilrena vertikala s\u00f6mmar, och ramas in av diskreta \u201d\u00f6ron\u201d p\u00e5 sidorna \u2013 ett raffinerat designelement som ger s\u00e4ngen ett omslutande och exklusivt uttryck.<\/p>\n<p class=\"\" data-start=\"519\" data-end=\"793\">B\u00e5de fronten och sidorna \u00e4r kl\u00e4dda i samma material och matchar gavelns formspr\u00e5k, vilket skapar en harmonisk helhet. Den stabila konstruktionen, tillsammans med den omsorgsfulla stoppningen i hela ramen, g\u00f6r Himlenatt till ett p\u00e5litligt och bekv\u00e4mt val i m\u00e5nga \u00e5r fram\u00f6ver.<\/p>\n<p class=\"\" data-start=\"795\" data-end=\"982\">Under madrassen d\u00f6ljer sig ett gener\u00f6st f\u00f6rvaringsutrymme med smidig uppf\u00e4llningsmekanism \u2013 perfekt f\u00f6r att enkelt g\u00f6mma undan extra s\u00e4ngkl\u00e4der, t\u00e4cken eller annat du inte vill ha framme.<\/p>\n<p class=\"\" data-start=\"984\" data-end=\"1094\">Med Himlenatt investerar du i b\u00e5de stil och funktion \u2013 en s\u00e4ng som l\u00e5ter dig vakna utvilad, kv\u00e4ll efter kv\u00e4ll.<\/p>\n<p class=\"\" data-start=\"984\" data-end=\"1094\">T\u00e4nk p\u00e5 att madrass inte ing\u00e5r vid k\u00f6p av en s\u00e4ngram.<\/p>\n<p><img decoding=\"async\" src=\"https:\/\/cdn.shopify.com\/s\/files\/1\/0914\/4945\/9070\/files\/RUUM-HIMLENATT-MATT.jpg?v=1743548765\" alt=\"\" \/><\/p>","protected":false},"excerpt":{"rendered":"<p>Himlenatt \u2013 Sov som bland stj\u00e4rnorna Himlenatt \u00e4r en elegant och modern rams\u00e4ng med en unik design som direkt f\u00e5ngar<\/p>","protected":false},"featured_media":3242,"comment_status":"open","ping_status":"closed","template":"","meta":{"_acf_changed":false},"product_brand":[],"product_cat":[72,73,74,75,77,87,90,86,88],"product_tag":[],"class_list":{"0":"post-1937","1":"product","2":"type-product","3":"status-publish","4":"has-post-thumbnail","6":"product_cat-120x200cm","7":"product_cat-140x200cm","8":"product_cat-160x200cm","9":"product_cat-180x200cm","10":"product_cat-200x200cm","11":"product_cat-alla-sangar","12":"product_cat-products","13":"product_cat-ramsangar","14":"product_cat-startsida","16":"first","17":"instock","18":"shipping-taxable","19":"purchasable","20":"product-type-variable"},"acf":[],"_links":{"self":[{"href":"https:\/\/itsmyruum.com\/en\/wp-json\/wp\/v2\/product\/1937","targetHints":{"allow":["GET"]}}],"collection":[{"href":"https:\/\/itsmyruum.com\/en\/wp-json\/wp\/v2\/product"}],"about":[{"href":"https:\/\/itsmyruum.com\/en\/wp-json\/wp\/v2\/types\/product"}],"replies":[{"embeddable":true,"href":"https:\/\/itsmyruum.com\/en\/wp-json\/wp\/v2\/comments?post=1937"}],"version-history":[{"count":1,"href":"https:\/\/itsmyruum.com\/en\/wp-json\/wp\/v2\/product\/1937\/revisions"}],"predecessor-version":[{"id":5616,"href":"https:\/\/itsmyruum.com\/en\/wp-json\/wp\/v2\/product\/1937\/revisions\/5616"}],"wp:featuredmedia":[{"embeddable":true,"href":"https:\/\/itsmyruum.com\/en\/wp-json\/wp\/v2\/media\/3242"}],"wp:attachment":[{"href":"https:\/\/itsmyruum.com\/en\/wp-json\/wp\/v2\/media?parent=1937"}],"wp:term":[{"taxonomy":"product_brand","embeddable":true,"href":"https:\/\/itsmyruum.com\/en\/wp-json\/wp\/v2\/product_brand?post=1937"},{"taxonomy":"product_cat","embeddable":true,"href":"https:\/\/itsmyruum.com\/en\/wp-json\/wp\/v2\/product_cat?post=1937"},{"taxonomy":"product_tag","embeddable":true,"href":"https:\/\/itsmyruum.com\/en\/wp-json\/wp\/v2\/product_tag?post=1937"}],"curies":[{"name":"wp","href":"https:\/\/api.w.org\/{rel}","templated":true}]}}