{"id":1963,"date":"2025-07-11T20:56:25","date_gmt":"2025-07-11T18:56:25","guid":{"rendered":"https:\/\/itsmyruum.com\/product\/klick-2-sits-hv-hh\/"},"modified":"2025-11-20T21:32:42","modified_gmt":"2025-11-20T20:32:42","slug":"klick-2-sits-hv-hh","status":"publish","type":"product","link":"https:\/\/itsmyruum.com\/en\/product\/klick-2-sits-hv-hh\/","title":{"rendered":"Klick \u2013 2-sits modulsoffa (HV + HH)"},"content":{"rendered":"<p class=\"\" data-start=\"247\" data-end=\"320\"><strong data-start=\"247\" data-end=\"298\">2 moduler \u2013 M\u00e5tt: 210 \u00d7 105 \u00d7 70 cm (B \u00d7 D \u00d7 H)<\/strong><br data-start=\"298\" data-end=\"301\" \/><strong data-start=\"301\" data-end=\"320\">Sitth\u00f6jd: 41 cm<\/strong><\/p>\n<p class=\"\" data-start=\"322\" data-end=\"456\">En n\u00e4tt och balanserad rak soffa f\u00f6r tv\u00e5 personer \u2013 perfekt i mindre rum, g\u00e4strum eller som en del av en st\u00f6rre yta. Soffan best\u00e5r av:<\/p>\n<p class=\"\" data-start=\"460\" data-end=\"486\"><strong data-start=\"460\" data-end=\"466\">HV<\/strong>\u00a0= H\u00f6rndel v\u00e4nster<br \/>\n<strong data-start=\"489\" data-end=\"495\">HH<\/strong>\u00a0= H\u00f6rndel h\u00f6ger<\/p>\n<p class=\"\" data-start=\"515\" data-end=\"656\">Tillsammans skapar de en symmetrisk och inbjudande l\u00f6sning med gener\u00f6st sittdjup och st\u00f6djande ryggkuddar. Stilren komfort f\u00f6r kompakta ytor.<\/p>\n<p class=\"\" data-start=\"658\" data-end=\"788\">&#8211; 2 moduler: HV + HH<br data-start=\"679\" data-end=\"682\" \/>&#8211; Plats f\u00f6r 2 personer<br data-start=\"705\" data-end=\"708\" \/>&#8211; Snygg b\u00e5de frist\u00e5ende och mot v\u00e4gg<\/p>","protected":false},"excerpt":{"rendered":"<p>2 moduler \u2013 M\u00e5tt: 210 \u00d7 105 \u00d7 70 cm (B \u00d7 D \u00d7 H)Sitth\u00f6jd: 41 cm En n\u00e4tt och<\/p>","protected":false},"featured_media":2847,"comment_status":"open","ping_status":"closed","template":"","meta":{"_acf_changed":false},"product_brand":[],"product_cat":[76,70,85,90,88],"product_tag":[],"class_list":{"0":"post-1963","1":"product","2":"type-product","3":"status-publish","4":"has-post-thumbnail","6":"product_cat-2-sits-soffor","7":"product_cat-alla-soffor","8":"product_cat-modulsoffor","9":"product_cat-products","10":"product_cat-startsida","12":"first","13":"instock","14":"shipping-taxable","15":"purchasable","16":"product-type-simple"},"acf":[],"_links":{"self":[{"href":"https:\/\/itsmyruum.com\/en\/wp-json\/wp\/v2\/product\/1963","targetHints":{"allow":["GET"]}}],"collection":[{"href":"https:\/\/itsmyruum.com\/en\/wp-json\/wp\/v2\/product"}],"about":[{"href":"https:\/\/itsmyruum.com\/en\/wp-json\/wp\/v2\/types\/product"}],"replies":[{"embeddable":true,"href":"https:\/\/itsmyruum.com\/en\/wp-json\/wp\/v2\/comments?post=1963"}],"version-history":[{"count":1,"href":"https:\/\/itsmyruum.com\/en\/wp-json\/wp\/v2\/product\/1963\/revisions"}],"predecessor-version":[{"id":4837,"href":"https:\/\/itsmyruum.com\/en\/wp-json\/wp\/v2\/product\/1963\/revisions\/4837"}],"wp:featuredmedia":[{"embeddable":true,"href":"https:\/\/itsmyruum.com\/en\/wp-json\/wp\/v2\/media\/2847"}],"wp:attachment":[{"href":"https:\/\/itsmyruum.com\/en\/wp-json\/wp\/v2\/media?parent=1963"}],"wp:term":[{"taxonomy":"product_brand","embeddable":true,"href":"https:\/\/itsmyruum.com\/en\/wp-json\/wp\/v2\/product_brand?post=1963"},{"taxonomy":"product_cat","embeddable":true,"href":"https:\/\/itsmyruum.com\/en\/wp-json\/wp\/v2\/product_cat?post=1963"},{"taxonomy":"product_tag","embeddable":true,"href":"https:\/\/itsmyruum.com\/en\/wp-json\/wp\/v2\/product_tag?post=1963"}],"curies":[{"name":"wp","href":"https:\/\/api.w.org\/{rel}","templated":true}]}}