{"id":1965,"date":"2025-07-11T20:56:32","date_gmt":"2025-07-11T18:56:32","guid":{"rendered":"https:\/\/itsmyruum.com\/product\/klick-3-sits-modulsoffa-dbh-df\/"},"modified":"2025-11-20T00:05:30","modified_gmt":"2025-11-19T23:05:30","slug":"klick-3-sits-modulsoffa-dbh-df","status":"publish","type":"product","link":"https:\/\/itsmyruum.com\/en\/product\/klick-3-sits-modulsoffa-dbh-df\/","title":{"rendered":"Klick \u2013 3-sits modulsoffa (DBH + DF)"},"content":{"rendered":"<p class=\"\" data-start=\"247\" data-end=\"320\"><strong data-start=\"247\" data-end=\"298\">2 moduler \u2013 M\u00e5tt: 266 \u00d7 188 \u00d7 70 cm (B \u00d7 D \u00d7 H)<\/strong><br data-start=\"298\" data-end=\"301\" \/><strong data-start=\"301\" data-end=\"320\">Sitth\u00f6jd: 41 cm<\/strong><\/p>\n<p class=\"\" data-start=\"247\" data-end=\"320\">En smart och m\u00e5ngsidig b\u00e4ddsoffa som kombinerar stil, komfort och funktion p\u00e5 b\u00e4sta s\u00e4tt. Med en dubbel b\u00e4ddbar h\u00f6rndel och en divan med praktisk f\u00f6rvaring f\u00e5r du b\u00e5de gener\u00f6s sittplats och en extra sovplats \u2013 perfekt f\u00f6r vardagsrummet, g\u00e4strummet eller den \u00f6ppna planl\u00f6sningen.<\/p>\n<p class=\"\" data-start=\"460\" data-end=\"486\"><strong data-start=\"460\" data-end=\"466\">DBH<\/strong>\u00a0= Dubbel B\u00e4ddbar H\u00f6rndel<br \/>\n<strong data-start=\"489\" data-end=\"495\">DF<\/strong>\u00a0= Divan med f\u00f6rvaring<\/p>\n<p class=\"\" data-start=\"504\" data-end=\"731\">Resultatet \u00e4r en elegant och platsbesparande l\u00f6sning som rymmer tre personer bekv\u00e4mt. N\u00e4r natten faller f\u00f6rvandlas soffan enkelt till en bekv\u00e4m s\u00e4ng, medan divanen g\u00f6mmer filtar, kuddar eller annat du vill ha n\u00e4ra till hands.<\/p>\n<p class=\"\" data-start=\"658\" data-end=\"788\">&#8211; 2 moduler: DBH + DF<br data-start=\"679\" data-end=\"682\" \/>&#8211; Plats f\u00f6r 3 personer<br data-start=\"705\" data-end=\"708\" \/>&#8211; Snygg b\u00e5de frist\u00e5ende och mot v\u00e4gg<\/p>","protected":false},"excerpt":{"rendered":"<p>2 moduler \u2013 M\u00e5tt: 266 \u00d7 188 \u00d7 70 cm (B \u00d7 D \u00d7 H)Sitth\u00f6jd: 41 cm En smart och<\/p>","protected":false},"featured_media":2846,"comment_status":"open","ping_status":"closed","template":"","meta":{"_acf_changed":false},"product_brand":[],"product_cat":[78,70,69,81,83,85,90,88],"product_tag":[],"class_list":{"0":"post-1965","1":"product","2":"type-product","3":"status-publish","4":"has-post-thumbnail","6":"product_cat-3-sits-soffor","7":"product_cat-alla-soffor","8":"product_cat-baddsoffor","9":"product_cat-divansoffor","10":"product_cat-hornsoffor","11":"product_cat-modulsoffor","12":"product_cat-products","13":"product_cat-startsida","15":"first","16":"instock","17":"shipping-taxable","18":"purchasable","19":"product-type-variable"},"acf":[],"_links":{"self":[{"href":"https:\/\/itsmyruum.com\/en\/wp-json\/wp\/v2\/product\/1965","targetHints":{"allow":["GET"]}}],"collection":[{"href":"https:\/\/itsmyruum.com\/en\/wp-json\/wp\/v2\/product"}],"about":[{"href":"https:\/\/itsmyruum.com\/en\/wp-json\/wp\/v2\/types\/product"}],"replies":[{"embeddable":true,"href":"https:\/\/itsmyruum.com\/en\/wp-json\/wp\/v2\/comments?post=1965"}],"version-history":[{"count":1,"href":"https:\/\/itsmyruum.com\/en\/wp-json\/wp\/v2\/product\/1965\/revisions"}],"predecessor-version":[{"id":4836,"href":"https:\/\/itsmyruum.com\/en\/wp-json\/wp\/v2\/product\/1965\/revisions\/4836"}],"wp:featuredmedia":[{"embeddable":true,"href":"https:\/\/itsmyruum.com\/en\/wp-json\/wp\/v2\/media\/2846"}],"wp:attachment":[{"href":"https:\/\/itsmyruum.com\/en\/wp-json\/wp\/v2\/media?parent=1965"}],"wp:term":[{"taxonomy":"product_brand","embeddable":true,"href":"https:\/\/itsmyruum.com\/en\/wp-json\/wp\/v2\/product_brand?post=1965"},{"taxonomy":"product_cat","embeddable":true,"href":"https:\/\/itsmyruum.com\/en\/wp-json\/wp\/v2\/product_cat?post=1965"},{"taxonomy":"product_tag","embeddable":true,"href":"https:\/\/itsmyruum.com\/en\/wp-json\/wp\/v2\/product_tag?post=1965"}],"curies":[{"name":"wp","href":"https:\/\/api.w.org\/{rel}","templated":true}]}}