{"id":1968,"date":"2025-07-11T20:56:32","date_gmt":"2025-07-11T18:56:32","guid":{"rendered":"https:\/\/itsmyruum.com\/product\/klick-3-sits-modulsoffa-dhv-hdxl\/"},"modified":"2025-11-20T00:05:20","modified_gmt":"2025-11-19T23:05:20","slug":"klick-3-sits-modulsoffa-dhv-hdxl","status":"publish","type":"product","link":"https:\/\/itsmyruum.com\/en\/product\/klick-3-sits-modulsoffa-dhv-hdxl\/","title":{"rendered":"Klick \u2013 3-sits modulsoffa (DH + DXL)"},"content":{"rendered":"<p class=\"\" data-start=\"247\" data-end=\"320\"><strong data-start=\"247\" data-end=\"298\">2 moduler \u2013 M\u00e5tt: 278 \u00d7 105 \u00d7 70 cm (B \u00d7 D \u00d7 H)<\/strong><br data-start=\"298\" data-end=\"301\" \/><strong data-start=\"301\" data-end=\"320\">Sitth\u00f6jd: 41 cm<\/strong><\/p>\n<p class=\"\" data-start=\"173\" data-end=\"461\">En modern och rymlig soffa med gener\u00f6st djup och extra plats att str\u00e4cka ut sig \u2013 perfekt f\u00f6r b\u00e5de vardagslyx och avkoppling. Kombinationen av en dubbel h\u00f6rndel till v\u00e4nster och en extra stor divan till h\u00f6ger skapar en harmonisk och inbjudande m\u00f6bel, idealisk f\u00f6r tv\u00e5 till tre personer.<\/p>\n<p class=\"\" data-start=\"460\" data-end=\"486\"><strong data-start=\"460\" data-end=\"466\">DH<\/strong>\u00a0= Dubbel H\u00f6rndel<br \/>\n<strong data-start=\"489\" data-end=\"495\">DXL<\/strong>\u00a0= Divan XL<\/p>\n<p class=\"\" data-start=\"413\" data-end=\"608\">Resultatet \u00e4r en stilren, flexibel l\u00f6sning som fungerar lika bra frist\u00e5ende mitt i rummet som placerad l\u00e4ngs en v\u00e4gg. Perfekt f\u00f6r dig som vill ha b\u00e5de komfort och modern design.<\/p>\n<p class=\"\" data-start=\"658\" data-end=\"788\">&#8211; 2 moduler: DH + DXL<br data-start=\"679\" data-end=\"682\" \/>&#8211; Plats f\u00f6r 3 personer<br data-start=\"705\" data-end=\"708\" \/>&#8211; Snygg b\u00e5de frist\u00e5ende och mot v\u00e4gg<\/p>","protected":false},"excerpt":{"rendered":"<p>2 moduler \u2013 M\u00e5tt: 278 \u00d7 105 \u00d7 70 cm (B \u00d7 D \u00d7 H)Sitth\u00f6jd: 41 cm En modern och<\/p>","protected":false},"featured_media":2845,"comment_status":"open","ping_status":"closed","template":"","meta":{"_acf_changed":false},"product_brand":[],"product_cat":[78,70,81,83,85,90,88],"product_tag":[],"class_list":{"0":"post-1968","1":"product","2":"type-product","3":"status-publish","4":"has-post-thumbnail","6":"product_cat-3-sits-soffor","7":"product_cat-alla-soffor","8":"product_cat-divansoffor","9":"product_cat-hornsoffor","10":"product_cat-modulsoffor","11":"product_cat-products","12":"product_cat-startsida","14":"first","15":"instock","16":"shipping-taxable","17":"purchasable","18":"product-type-variable"},"acf":[],"_links":{"self":[{"href":"https:\/\/itsmyruum.com\/en\/wp-json\/wp\/v2\/product\/1968","targetHints":{"allow":["GET"]}}],"collection":[{"href":"https:\/\/itsmyruum.com\/en\/wp-json\/wp\/v2\/product"}],"about":[{"href":"https:\/\/itsmyruum.com\/en\/wp-json\/wp\/v2\/types\/product"}],"replies":[{"embeddable":true,"href":"https:\/\/itsmyruum.com\/en\/wp-json\/wp\/v2\/comments?post=1968"}],"version-history":[{"count":1,"href":"https:\/\/itsmyruum.com\/en\/wp-json\/wp\/v2\/product\/1968\/revisions"}],"predecessor-version":[{"id":4835,"href":"https:\/\/itsmyruum.com\/en\/wp-json\/wp\/v2\/product\/1968\/revisions\/4835"}],"wp:featuredmedia":[{"embeddable":true,"href":"https:\/\/itsmyruum.com\/en\/wp-json\/wp\/v2\/media\/2845"}],"wp:attachment":[{"href":"https:\/\/itsmyruum.com\/en\/wp-json\/wp\/v2\/media?parent=1968"}],"wp:term":[{"taxonomy":"product_brand","embeddable":true,"href":"https:\/\/itsmyruum.com\/en\/wp-json\/wp\/v2\/product_brand?post=1968"},{"taxonomy":"product_cat","embeddable":true,"href":"https:\/\/itsmyruum.com\/en\/wp-json\/wp\/v2\/product_cat?post=1968"},{"taxonomy":"product_tag","embeddable":true,"href":"https:\/\/itsmyruum.com\/en\/wp-json\/wp\/v2\/product_tag?post=1968"}],"curies":[{"name":"wp","href":"https:\/\/api.w.org\/{rel}","templated":true}]}}