{"id":1971,"date":"2025-07-11T20:56:33","date_gmt":"2025-07-11T18:56:33","guid":{"rendered":"https:\/\/itsmyruum.com\/product\/klick-3-sits-modulsoffa-hv-rd-hh\/"},"modified":"2025-11-20T00:05:30","modified_gmt":"2025-11-19T23:05:30","slug":"klick-3-sits-modulsoffa-hv-rd-hh","status":"publish","type":"product","link":"https:\/\/itsmyruum.com\/en\/product\/klick-3-sits-modulsoffa-hv-rd-hh\/","title":{"rendered":"Klick \u2013 3-sits modulsoffa (HV + RD + HH)"},"content":{"rendered":"<p class=\"\" data-start=\"247\" data-end=\"320\"><strong data-start=\"247\" data-end=\"298\">3 moduler \u2013 M\u00e5tt: 285 \u00d7 105 \u00d7 70 cm (B \u00d7 D \u00d7 H)<\/strong><br data-start=\"298\" data-end=\"301\" \/><strong data-start=\"301\" data-end=\"320\">Sitth\u00f6jd: 41 cm<\/strong><\/p>\n<p class=\"\" data-start=\"180\" data-end=\"333\">En elegant och v\u00e4lbalanserad raksoffa f\u00f6r tre personer \u2013 idealisk f\u00f6r mindre vardagsrum, g\u00e4strum eller som en del i en st\u00f6rre milj\u00f6. Soffan best\u00e5r av:<\/p>\n<p class=\"\" data-start=\"460\" data-end=\"486\"><strong data-start=\"460\" data-end=\"466\">HV<\/strong> = H\u00f6rndel v\u00e4nster<br \/>\n<strong data-start=\"489\" data-end=\"495\">HH<\/strong> = H\u00f6rndel h\u00f6ger<br \/>\n<strong data-start=\"489\" data-end=\"495\">RD<\/strong> = Rak del<\/p>\n<p class=\"\" data-start=\"413\" data-end=\"608\">Tillsammans bildar de en symmetrisk och inbjudande helhet med gener\u00f6st sittdjup och bekv\u00e4ma ryggkuddar. En stilren l\u00f6sning som kombinerar komfort och design, perfekt anpassad f\u00f6r kompakta ytor.<\/p>\n<p class=\"\" data-start=\"658\" data-end=\"788\">&#8211; 3 moduler: HV + RD + HH<br data-start=\"679\" data-end=\"682\" \/>&#8211; Plats f\u00f6r 3 personer<br data-start=\"705\" data-end=\"708\" \/>&#8211; Snygg b\u00e5de frist\u00e5ende och mot v\u00e4gg<\/p>","protected":false},"excerpt":{"rendered":"<p>3 moduler \u2013 M\u00e5tt: 285 \u00d7 105 \u00d7 70 cm (B \u00d7 D \u00d7 H)Sitth\u00f6jd: 41 cm En elegant och<\/p>","protected":false},"featured_media":2848,"comment_status":"open","ping_status":"closed","template":"","meta":{"_acf_changed":false},"product_brand":[],"product_cat":[76,70,85,90,88],"product_tag":[],"class_list":{"0":"post-1971","1":"product","2":"type-product","3":"status-publish","4":"has-post-thumbnail","6":"product_cat-2-sits-soffor","7":"product_cat-alla-soffor","8":"product_cat-modulsoffor","9":"product_cat-products","10":"product_cat-startsida","12":"first","13":"instock","14":"shipping-taxable","15":"purchasable","16":"product-type-simple"},"acf":[],"_links":{"self":[{"href":"https:\/\/itsmyruum.com\/en\/wp-json\/wp\/v2\/product\/1971","targetHints":{"allow":["GET"]}}],"collection":[{"href":"https:\/\/itsmyruum.com\/en\/wp-json\/wp\/v2\/product"}],"about":[{"href":"https:\/\/itsmyruum.com\/en\/wp-json\/wp\/v2\/types\/product"}],"replies":[{"embeddable":true,"href":"https:\/\/itsmyruum.com\/en\/wp-json\/wp\/v2\/comments?post=1971"}],"version-history":[{"count":0,"href":"https:\/\/itsmyruum.com\/en\/wp-json\/wp\/v2\/product\/1971\/revisions"}],"wp:featuredmedia":[{"embeddable":true,"href":"https:\/\/itsmyruum.com\/en\/wp-json\/wp\/v2\/media\/2848"}],"wp:attachment":[{"href":"https:\/\/itsmyruum.com\/en\/wp-json\/wp\/v2\/media?parent=1971"}],"wp:term":[{"taxonomy":"product_brand","embeddable":true,"href":"https:\/\/itsmyruum.com\/en\/wp-json\/wp\/v2\/product_brand?post=1971"},{"taxonomy":"product_cat","embeddable":true,"href":"https:\/\/itsmyruum.com\/en\/wp-json\/wp\/v2\/product_cat?post=1971"},{"taxonomy":"product_tag","embeddable":true,"href":"https:\/\/itsmyruum.com\/en\/wp-json\/wp\/v2\/product_tag?post=1971"}],"curies":[{"name":"wp","href":"https:\/\/api.w.org\/{rel}","templated":true}]}}