{"id":1984,"date":"2025-07-11T20:56:39","date_gmt":"2025-07-11T18:56:39","guid":{"rendered":"https:\/\/itsmyruum.com\/product\/koppla-2-sits-hv-panel-hh\/"},"modified":"2025-09-05T21:11:41","modified_gmt":"2025-09-05T19:11:41","slug":"koppla-2-sits-hv-panel-hh","status":"publish","type":"product","link":"https:\/\/itsmyruum.com\/en\/product\/koppla-2-sits-hv-panel-hh\/","title":{"rendered":"Koppla \u2013 2-sits modulsoffa (HV + PANEL + HH)"},"content":{"rendered":"<p class=\"\" data-start=\"1361\" data-end=\"1434\"><strong data-start=\"1361\" data-end=\"1412\">3 moduler \u2013 M\u00e5tt: 290 \u00d7 105 \u00d7 87 cm (B \u00d7 D \u00d7 H)<\/strong><br data-start=\"1412\" data-end=\"1415\" \/><strong data-start=\"1415\" data-end=\"1434\">Sitth\u00f6jd: 45 cm<\/strong><\/p>\n<p class=\"\" data-start=\"1436\" data-end=\"1527\">Denna soffa kombinerar tydlig struktur med en \u00f6ppen och luftig k\u00e4nsla. Modulerna best\u00e5r av:<\/p>\n<p class=\"\" data-start=\"1531\" data-end=\"1557\"><strong data-start=\"1531\" data-end=\"1537\">HV<\/strong>\u00a0= H\u00f6rndel v\u00e4nster<br \/>\n<strong data-start=\"1560\" data-end=\"1570\">PANEL<\/strong>\u00a0= Panelmodul<br \/>\n<strong data-start=\"1601\" data-end=\"1607\">HH<\/strong>\u00a0= H\u00f6rndel h\u00f6ger<\/p>\n<p class=\"\" data-start=\"1627\" data-end=\"1766\">Panelmodulen fungerar som en l\u00e4ttare mellansektion som delar upp rummet utan att k\u00e4nnas tung. En smart 2-sitsl\u00f6sning med extra designv\u00e4rde.<\/p>\n<p class=\"\" data-start=\"1768\" data-end=\"1910\">&#8211; 3 moduler: HV + PANEL + HH<br data-start=\"1798\" data-end=\"1801\" \/>&#8211; Plats f\u00f6r 2 personer<br data-start=\"1824\" data-end=\"1827\" \/>&#8211; Skapar rymd i b\u00e5de sm\u00e5 och stora rum<\/p>","protected":false},"excerpt":{"rendered":"<p>3 moduler \u2013 M\u00e5tt: 290 \u00d7 105 \u00d7 87 cm (B \u00d7 D \u00d7 H)Sitth\u00f6jd: 45 cm Denna soffa kombinerar<\/p>","protected":false},"featured_media":3241,"comment_status":"open","ping_status":"closed","template":"","meta":{"_acf_changed":false},"product_brand":[],"product_cat":[76,70,85,90,88],"product_tag":[],"class_list":{"0":"post-1984","1":"product","2":"type-product","3":"status-publish","4":"has-post-thumbnail","6":"product_cat-2-sits-soffor","7":"product_cat-alla-soffor","8":"product_cat-modulsoffor","9":"product_cat-products","10":"product_cat-startsida","12":"first","13":"instock","14":"shipping-taxable","15":"purchasable","16":"product-type-simple"},"acf":[],"_links":{"self":[{"href":"https:\/\/itsmyruum.com\/en\/wp-json\/wp\/v2\/product\/1984","targetHints":{"allow":["GET"]}}],"collection":[{"href":"https:\/\/itsmyruum.com\/en\/wp-json\/wp\/v2\/product"}],"about":[{"href":"https:\/\/itsmyruum.com\/en\/wp-json\/wp\/v2\/types\/product"}],"replies":[{"embeddable":true,"href":"https:\/\/itsmyruum.com\/en\/wp-json\/wp\/v2\/comments?post=1984"}],"version-history":[{"count":1,"href":"https:\/\/itsmyruum.com\/en\/wp-json\/wp\/v2\/product\/1984\/revisions"}],"predecessor-version":[{"id":4834,"href":"https:\/\/itsmyruum.com\/en\/wp-json\/wp\/v2\/product\/1984\/revisions\/4834"}],"wp:featuredmedia":[{"embeddable":true,"href":"https:\/\/itsmyruum.com\/en\/wp-json\/wp\/v2\/media\/3241"}],"wp:attachment":[{"href":"https:\/\/itsmyruum.com\/en\/wp-json\/wp\/v2\/media?parent=1984"}],"wp:term":[{"taxonomy":"product_brand","embeddable":true,"href":"https:\/\/itsmyruum.com\/en\/wp-json\/wp\/v2\/product_brand?post=1984"},{"taxonomy":"product_cat","embeddable":true,"href":"https:\/\/itsmyruum.com\/en\/wp-json\/wp\/v2\/product_cat?post=1984"},{"taxonomy":"product_tag","embeddable":true,"href":"https:\/\/itsmyruum.com\/en\/wp-json\/wp\/v2\/product_tag?post=1984"}],"curies":[{"name":"wp","href":"https:\/\/api.w.org\/{rel}","templated":true}]}}