{"id":1985,"date":"2025-07-11T20:56:39","date_gmt":"2025-07-11T18:56:39","guid":{"rendered":"https:\/\/itsmyruum.com\/product\/koppla-3-sits-sv-hh\/"},"modified":"2025-08-26T22:29:38","modified_gmt":"2025-08-26T20:29:38","slug":"koppla-3-sits-sv-hh","status":"publish","type":"product","link":"https:\/\/itsmyruum.com\/en\/product\/koppla-3-sits-sv-hh\/","title":{"rendered":"Koppla \u2013 3-sits modulsoffa (SV + HH)"},"content":{"rendered":"<p class=\"\" data-start=\"831\" data-end=\"904\"><strong data-start=\"831\" data-end=\"882\">2 moduler \u2013 M\u00e5tt: 246 \u00d7 165 \u00d7 87 cm (B \u00d7 D \u00d7 H)<\/strong><br data-start=\"882\" data-end=\"885\" \/><strong data-start=\"885\" data-end=\"904\">Sitth\u00f6jd: 45 cm<\/strong><\/p>\n<p class=\"\" data-start=\"906\" data-end=\"992\">En stilren 3-sits soffa i L-form som kombinerar vila och visuell balans. Den byggs av:<\/p>\n<p class=\"\" data-start=\"996\" data-end=\"1024\"><strong data-start=\"996\" data-end=\"1002\">SV<\/strong> = Sch\u00e4slong v\u00e4nster<br \/>\n<strong data-start=\"1027\" data-end=\"1033\">HH<\/strong> = H\u00f6rndel h\u00f6ger<\/p>\n<p class=\"\" data-start=\"1053\" data-end=\"1189\">Den gener\u00f6sa sch\u00e4slongen bjuder in till avslappning medan h\u00f6rndelen ramar in soffan snyggt. En perfekt kombination av form och funktion.<\/p>\n<p class=\"\" data-start=\"1191\" data-end=\"1309\">&#8211; 2 moduler: SV + HH<br data-start=\"1212\" data-end=\"1215\" \/>&#8211; Plats f\u00f6r 3 personer<br data-start=\"1238\" data-end=\"1241\" \/>&#8211; Idealisk f\u00f6r mindre vardagsrum<br data-start=\"1274\" data-end=\"1277\" \/>&#8211; Anpassningsbar i f\u00e4rg och tyg<\/p>","protected":false},"excerpt":{"rendered":"<p>2 moduler \u2013 M\u00e5tt: 246 \u00d7 165 \u00d7 87 cm (B \u00d7 D \u00d7 H)Sitth\u00f6jd: 45 cm En stilren 3-sits<\/p>","protected":false},"featured_media":3261,"comment_status":"open","ping_status":"closed","template":"","meta":{"_acf_changed":false},"product_brand":[],"product_cat":[76,78,70,81,83,85,90,88],"product_tag":[],"class_list":{"0":"post-1985","1":"product","2":"type-product","3":"status-publish","4":"has-post-thumbnail","6":"product_cat-2-sits-soffor","7":"product_cat-3-sits-soffor","8":"product_cat-alla-soffor","9":"product_cat-divansoffor","10":"product_cat-hornsoffor","11":"product_cat-modulsoffor","12":"product_cat-products","13":"product_cat-startsida","15":"first","16":"instock","17":"shipping-taxable","18":"purchasable","19":"product-type-simple"},"acf":[],"_links":{"self":[{"href":"https:\/\/itsmyruum.com\/en\/wp-json\/wp\/v2\/product\/1985","targetHints":{"allow":["GET"]}}],"collection":[{"href":"https:\/\/itsmyruum.com\/en\/wp-json\/wp\/v2\/product"}],"about":[{"href":"https:\/\/itsmyruum.com\/en\/wp-json\/wp\/v2\/types\/product"}],"replies":[{"embeddable":true,"href":"https:\/\/itsmyruum.com\/en\/wp-json\/wp\/v2\/comments?post=1985"}],"version-history":[{"count":0,"href":"https:\/\/itsmyruum.com\/en\/wp-json\/wp\/v2\/product\/1985\/revisions"}],"wp:featuredmedia":[{"embeddable":true,"href":"https:\/\/itsmyruum.com\/en\/wp-json\/wp\/v2\/media\/3261"}],"wp:attachment":[{"href":"https:\/\/itsmyruum.com\/en\/wp-json\/wp\/v2\/media?parent=1985"}],"wp:term":[{"taxonomy":"product_brand","embeddable":true,"href":"https:\/\/itsmyruum.com\/en\/wp-json\/wp\/v2\/product_brand?post=1985"},{"taxonomy":"product_cat","embeddable":true,"href":"https:\/\/itsmyruum.com\/en\/wp-json\/wp\/v2\/product_cat?post=1985"},{"taxonomy":"product_tag","embeddable":true,"href":"https:\/\/itsmyruum.com\/en\/wp-json\/wp\/v2\/product_tag?post=1985"}],"curies":[{"name":"wp","href":"https:\/\/api.w.org\/{rel}","templated":true}]}}