{"id":1986,"date":"2025-07-11T20:56:39","date_gmt":"2025-07-11T18:56:39","guid":{"rendered":"https:\/\/itsmyruum.com\/product\/koppla-3-sits-sv-rd-hh\/"},"modified":"2025-09-05T21:10:34","modified_gmt":"2025-09-05T19:10:34","slug":"koppla-3-sits-sv-rd-hh","status":"publish","type":"product","link":"https:\/\/itsmyruum.com\/en\/product\/koppla-3-sits-sv-rd-hh\/","title":{"rendered":"Koppla \u2013 3-sits modulsoffa (SV + RD + HH)"},"content":{"rendered":"<p class=\"\" data-start=\"1958\" data-end=\"2031\"><strong data-start=\"1958\" data-end=\"2009\">3 moduler \u2013 M\u00e5tt: 338 \u00d7 165 \u00d7 87 cm (B \u00d7 D \u00d7 H)<\/strong><br data-start=\"2009\" data-end=\"2012\" \/><strong data-start=\"2012\" data-end=\"2031\">Sitth\u00f6jd: 45 cm<\/strong><\/p>\n<p class=\"\" data-start=\"2033\" data-end=\"2155\">En 3-sits som kombinerar den avkopplande k\u00e4nslan av en sch\u00e4slong med funktionaliteten hos klassiska soffmoduler. Byggd av:<\/p>\n<p class=\"\" data-start=\"2159\" data-end=\"2187\"><strong data-start=\"2159\" data-end=\"2165\">SV<\/strong>\u00a0= Sch\u00e4slong v\u00e4nster<br \/>\n<strong data-start=\"2190\" data-end=\"2196\">RD<\/strong>\u00a0= Rak del<br \/>\n<strong data-start=\"2211\" data-end=\"2217\">HH<\/strong>\u00a0= H\u00f6rndel h\u00f6ger<\/p>\n<p class=\"\" data-start=\"2237\" data-end=\"2353\">Det h\u00e4r \u00e4r en m\u00e5ngsidig soffa som ger b\u00e5de lounging och traditionell sittkomfort, perfekt i det \u00f6ppna vardagsrummet.<\/p>\n<p class=\"\" data-start=\"2355\" data-end=\"2499\">&#8211; 3 moduler: SV + RD + HH<br data-start=\"2381\" data-end=\"2384\" \/>&#8211; Plats f\u00f6r 3 personer<br data-start=\"2407\" data-end=\"2410\" \/>&#8211; Perfekt balans mellan stil och komfort<\/p>","protected":false},"excerpt":{"rendered":"<p>3 moduler \u2013 M\u00e5tt: 338 \u00d7 165 \u00d7 87 cm (B \u00d7 D \u00d7 H)Sitth\u00f6jd: 45 cm En 3-sits som<\/p>","protected":false},"featured_media":3256,"comment_status":"open","ping_status":"closed","template":"","meta":{"_acf_changed":false},"product_brand":[],"product_cat":[78,70,81,83,85,90,88],"product_tag":[],"class_list":{"0":"post-1986","1":"product","2":"type-product","3":"status-publish","4":"has-post-thumbnail","6":"product_cat-3-sits-soffor","7":"product_cat-alla-soffor","8":"product_cat-divansoffor","9":"product_cat-hornsoffor","10":"product_cat-modulsoffor","11":"product_cat-products","12":"product_cat-startsida","14":"first","15":"instock","16":"shipping-taxable","17":"purchasable","18":"product-type-simple"},"acf":[],"_links":{"self":[{"href":"https:\/\/itsmyruum.com\/en\/wp-json\/wp\/v2\/product\/1986","targetHints":{"allow":["GET"]}}],"collection":[{"href":"https:\/\/itsmyruum.com\/en\/wp-json\/wp\/v2\/product"}],"about":[{"href":"https:\/\/itsmyruum.com\/en\/wp-json\/wp\/v2\/types\/product"}],"replies":[{"embeddable":true,"href":"https:\/\/itsmyruum.com\/en\/wp-json\/wp\/v2\/comments?post=1986"}],"version-history":[{"count":1,"href":"https:\/\/itsmyruum.com\/en\/wp-json\/wp\/v2\/product\/1986\/revisions"}],"predecessor-version":[{"id":4833,"href":"https:\/\/itsmyruum.com\/en\/wp-json\/wp\/v2\/product\/1986\/revisions\/4833"}],"wp:featuredmedia":[{"embeddable":true,"href":"https:\/\/itsmyruum.com\/en\/wp-json\/wp\/v2\/media\/3256"}],"wp:attachment":[{"href":"https:\/\/itsmyruum.com\/en\/wp-json\/wp\/v2\/media?parent=1986"}],"wp:term":[{"taxonomy":"product_brand","embeddable":true,"href":"https:\/\/itsmyruum.com\/en\/wp-json\/wp\/v2\/product_brand?post=1986"},{"taxonomy":"product_cat","embeddable":true,"href":"https:\/\/itsmyruum.com\/en\/wp-json\/wp\/v2\/product_cat?post=1986"},{"taxonomy":"product_tag","embeddable":true,"href":"https:\/\/itsmyruum.com\/en\/wp-json\/wp\/v2\/product_tag?post=1986"}],"curies":[{"name":"wp","href":"https:\/\/api.w.org\/{rel}","templated":true}]}}