{"id":1987,"date":"2025-07-11T20:56:39","date_gmt":"2025-07-11T18:56:39","guid":{"rendered":"https:\/\/itsmyruum.com\/product\/koppla-4-sits-hv-panell-rd-horna-rho\/"},"modified":"2025-08-26T22:28:17","modified_gmt":"2025-08-26T20:28:17","slug":"koppla-4-sits-hv-panell-rd-horna-rho","status":"publish","type":"product","link":"https:\/\/itsmyruum.com\/en\/product\/koppla-4-sits-hv-panell-rd-horna-rho\/","title":{"rendered":"Koppla \u2013 4-sits modulsoffa (HV + PANELL + RD + H\u00d6RNA + RH\u00d6)"},"content":{"rendered":"<p class=\"\" data-start=\"276\" data-end=\"349\"><strong data-start=\"276\" data-end=\"327\">5 moduler \u2013 M\u00e5tt: 362 \u00d7 197 \u00d7 87 cm (B \u00d7 D \u00d7 H)<\/strong><br data-start=\"327\" data-end=\"330\" \/><strong data-start=\"330\" data-end=\"349\">Sitth\u00f6jd: 45 cm<\/strong><\/p>\n<p class=\"\" data-start=\"351\" data-end=\"486\">En m\u00e5ngsidig 4-sits f\u00f6r dig som vill ha mycket plats utan att tappa den skandinaviska k\u00e4nslan av luft och linje. Soffan \u00e4r uppbyggd av:<\/p>\n<p class=\"\" data-start=\"490\" data-end=\"516\"><strong data-start=\"490\" data-end=\"496\">HV<\/strong> = H\u00f6rndel v\u00e4nster<br \/>\n<strong data-start=\"519\" data-end=\"529\">PANELL<\/strong> = Panelmodul<br \/>\n<strong data-start=\"555\" data-end=\"561\">RD<\/strong> = Rak del<br \/>\n<strong data-start=\"576\" data-end=\"585\">H\u00d6RNA<\/strong> = Klassisk h\u00f6rna<br \/>\n<strong data-start=\"607\" data-end=\"614\">RH\u00d6<\/strong> = Rak med \u00f6ppen h\u00f6ger<\/p>\n<p class=\"\" data-start=\"640\" data-end=\"772\">En kombination som ger tydlig riktning, naturligt fl\u00f6de och plats f\u00f6r alla \u2013 oavsett om du bjuder hem v\u00e4nner eller kryper upp sj\u00e4lv.<\/p>\n<p class=\"\" data-start=\"774\" data-end=\"946\">&#8211; 5 moduler: HV + PANELL + RD + H\u00d6RNA + RH\u00d6<br data-start=\"818\" data-end=\"821\" \/>&#8211; Plats f\u00f6r 4 personer<br data-start=\"844\" data-end=\"847\" \/>&#8211; Snygg i b\u00e5de stora rum och \u00f6ppna planl\u00f6sningar<\/p>","protected":false},"excerpt":{"rendered":"<p>5 moduler \u2013 M\u00e5tt: 362 \u00d7 197 \u00d7 87 cm (B \u00d7 D \u00d7 H)Sitth\u00f6jd: 45 cm En m\u00e5ngsidig 4-sits<\/p>","protected":false},"featured_media":3255,"comment_status":"open","ping_status":"closed","template":"","meta":{"_acf_changed":false},"product_brand":[],"product_cat":[79,70,81,83,85,90,88],"product_tag":[],"class_list":{"0":"post-1987","1":"product","2":"type-product","3":"status-publish","4":"has-post-thumbnail","6":"product_cat-4-sits-soffor","7":"product_cat-alla-soffor","8":"product_cat-divansoffor","9":"product_cat-hornsoffor","10":"product_cat-modulsoffor","11":"product_cat-products","12":"product_cat-startsida","14":"first","15":"instock","16":"shipping-taxable","17":"purchasable","18":"product-type-simple"},"acf":[],"_links":{"self":[{"href":"https:\/\/itsmyruum.com\/en\/wp-json\/wp\/v2\/product\/1987","targetHints":{"allow":["GET"]}}],"collection":[{"href":"https:\/\/itsmyruum.com\/en\/wp-json\/wp\/v2\/product"}],"about":[{"href":"https:\/\/itsmyruum.com\/en\/wp-json\/wp\/v2\/types\/product"}],"replies":[{"embeddable":true,"href":"https:\/\/itsmyruum.com\/en\/wp-json\/wp\/v2\/comments?post=1987"}],"version-history":[{"count":0,"href":"https:\/\/itsmyruum.com\/en\/wp-json\/wp\/v2\/product\/1987\/revisions"}],"wp:featuredmedia":[{"embeddable":true,"href":"https:\/\/itsmyruum.com\/en\/wp-json\/wp\/v2\/media\/3255"}],"wp:attachment":[{"href":"https:\/\/itsmyruum.com\/en\/wp-json\/wp\/v2\/media?parent=1987"}],"wp:term":[{"taxonomy":"product_brand","embeddable":true,"href":"https:\/\/itsmyruum.com\/en\/wp-json\/wp\/v2\/product_brand?post=1987"},{"taxonomy":"product_cat","embeddable":true,"href":"https:\/\/itsmyruum.com\/en\/wp-json\/wp\/v2\/product_cat?post=1987"},{"taxonomy":"product_tag","embeddable":true,"href":"https:\/\/itsmyruum.com\/en\/wp-json\/wp\/v2\/product_tag?post=1987"}],"curies":[{"name":"wp","href":"https:\/\/api.w.org\/{rel}","templated":true}]}}