{"id":1989,"date":"2025-07-11T20:56:45","date_gmt":"2025-07-11T18:56:45","guid":{"rendered":"https:\/\/itsmyruum.com\/product\/koppla-5-sits-hv-rd-horna-rho-puff\/"},"modified":"2025-08-26T22:26:42","modified_gmt":"2025-08-26T20:26:42","slug":"koppla-5-sits-hv-rd-horna-rho-puff","status":"publish","type":"product","link":"https:\/\/itsmyruum.com\/en\/product\/koppla-5-sits-hv-rd-horna-rho-puff\/","title":{"rendered":"Koppla \u2013 5-sits modulsoffa (HV + RD + H\u00d6RNA + RH\u00d6 + PUFF)"},"content":{"rendered":"<p class=\"\" data-start=\"1010\" data-end=\"1083\"><strong data-start=\"1010\" data-end=\"1061\">5 moduler \u2013 M\u00e5tt: 318 \u00d7 263 \u00d7 87 cm (B \u00d7 D \u00d7 H)<\/strong><br data-start=\"1061\" data-end=\"1064\" \/><strong data-start=\"1064\" data-end=\"1083\">Sitth\u00f6jd: 45 cm<\/strong><\/p>\n<p class=\"\" data-start=\"1085\" data-end=\"1254\">En avslappnad 5-sits d\u00e4r loungen f\u00e5r ta mer plats \u2013 tack vare puffmodulen som bjuder in till att l\u00e4gga upp f\u00f6tterna eller agera som extra sittplats. Modulerna best\u00e5r av:<\/p>\n<p class=\"\" data-start=\"1258\" data-end=\"1284\"><strong data-start=\"1258\" data-end=\"1264\">HV<\/strong> = H\u00f6rndel v\u00e4nster<br \/>\n<strong data-start=\"1287\" data-end=\"1293\">RD<\/strong> = Rak del<br \/>\n<strong data-start=\"1308\" data-end=\"1317\">H\u00d6RNA<\/strong> = Klassisk h\u00f6rna<br \/>\n<strong data-start=\"1339\" data-end=\"1346\">RH\u00d6<\/strong> = Rak med \u00f6ppen h\u00f6ger<br \/>\n<strong data-start=\"1373\" data-end=\"1381\">PUFF<\/strong> = Separat sittdel<\/p>\n<p class=\"\" data-start=\"1429\" data-end=\"1495\">En vardagshj\u00e4lte i fem delar \u2013 d\u00e4r form m\u00f6ter funktion p\u00e5 riktigt.<\/p>\n<p class=\"\" data-start=\"1497\" data-end=\"1673\">&#8211; 5 moduler: HV + RD + H\u00d6RNA + RH\u00d6 + PUFF<br data-start=\"1539\" data-end=\"1542\" \/>&#8211; Plats f\u00f6r 5 personer<br data-start=\"1565\" data-end=\"1568\" \/>&#8211; Inbjudande och flexibel \u2013 sitt, str\u00e4ck ut eller kombinera om<\/p>","protected":false},"excerpt":{"rendered":"<p>5 moduler \u2013 M\u00e5tt: 318 \u00d7 263 \u00d7 87 cm (B \u00d7 D \u00d7 H)Sitth\u00f6jd: 45 cm En avslappnad 5-sits<\/p>","protected":false},"featured_media":3265,"comment_status":"open","ping_status":"closed","template":"","meta":{"_acf_changed":false},"product_brand":[],"product_cat":[70,81,83,85,90,88,89],"product_tag":[],"class_list":{"0":"post-1989","1":"product","2":"type-product","3":"status-publish","4":"has-post-thumbnail","6":"product_cat-alla-soffor","7":"product_cat-divansoffor","8":"product_cat-hornsoffor","9":"product_cat-modulsoffor","10":"product_cat-products","11":"product_cat-startsida","12":"product_cat-storre-soffor","14":"first","15":"instock","16":"shipping-taxable","17":"purchasable","18":"product-type-simple"},"acf":[],"_links":{"self":[{"href":"https:\/\/itsmyruum.com\/en\/wp-json\/wp\/v2\/product\/1989","targetHints":{"allow":["GET"]}}],"collection":[{"href":"https:\/\/itsmyruum.com\/en\/wp-json\/wp\/v2\/product"}],"about":[{"href":"https:\/\/itsmyruum.com\/en\/wp-json\/wp\/v2\/types\/product"}],"replies":[{"embeddable":true,"href":"https:\/\/itsmyruum.com\/en\/wp-json\/wp\/v2\/comments?post=1989"}],"version-history":[{"count":0,"href":"https:\/\/itsmyruum.com\/en\/wp-json\/wp\/v2\/product\/1989\/revisions"}],"wp:featuredmedia":[{"embeddable":true,"href":"https:\/\/itsmyruum.com\/en\/wp-json\/wp\/v2\/media\/3265"}],"wp:attachment":[{"href":"https:\/\/itsmyruum.com\/en\/wp-json\/wp\/v2\/media?parent=1989"}],"wp:term":[{"taxonomy":"product_brand","embeddable":true,"href":"https:\/\/itsmyruum.com\/en\/wp-json\/wp\/v2\/product_brand?post=1989"},{"taxonomy":"product_cat","embeddable":true,"href":"https:\/\/itsmyruum.com\/en\/wp-json\/wp\/v2\/product_cat?post=1989"},{"taxonomy":"product_tag","embeddable":true,"href":"https:\/\/itsmyruum.com\/en\/wp-json\/wp\/v2\/product_tag?post=1989"}],"curies":[{"name":"wp","href":"https:\/\/api.w.org\/{rel}","templated":true}]}}