{"id":1992,"date":"2025-07-11T20:56:46","date_gmt":"2025-07-11T18:56:46","guid":{"rendered":"https:\/\/itsmyruum.com\/product\/kvallen\/"},"modified":"2025-11-24T17:19:11","modified_gmt":"2025-11-24T16:19:11","slug":"kvallen","status":"publish","type":"product","link":"https:\/\/itsmyruum.com\/en\/product\/kvallen\/","title":{"rendered":"Kv\u00e4llen &#8211; S\u00e4ngram med f\u00f6rvaring"},"content":{"rendered":"<h2 class=\"\" data-start=\"157\" data-end=\"207\">Kv\u00e4llen \u2013 En inbjudande s\u00e4ng med tidl\u00f6s elegans<\/h2>\n<p class=\"\" data-start=\"209\" data-end=\"497\">Kv\u00e4llen \u00e4r en s\u00e4ngram med design som kombinerar modern form med klassisk komfort. Den h\u00f6ga s\u00e4nggaveln, med sina mjuka och rundade former, ger s\u00e4ngen ett elegant uttryck samtidigt som den erbjuder ett bekv\u00e4mt st\u00f6d n\u00e4r du vill sitta upp f\u00f6r att l\u00e4sa, arbeta eller bara vila.<\/p>\n<p class=\"\" data-start=\"499\" data-end=\"696\">Kl\u00e4dd i v\u00e5rt tyg Elegance, utstr\u00e5lar Kv\u00e4llen en lugn och mjuk karakt\u00e4r som passar perfekt i ett harmoniskt sovrum. Tygets fina struktur och sobra ton ger en exklusiv k\u00e4nsla utan att ta \u00f6ver rummet.<\/p>\n<p class=\"\" data-start=\"698\" data-end=\"950\">Under s\u00e4ngen finns en rymlig f\u00f6rvaringsl\u00f6sning med tv\u00e5 separata l\u00e5dor \u2013 idealiskt f\u00f6r t\u00e4cken, kuddar och annan textil. S\u00e4ngen \u00e4r uppbyggd med en solid stomme i tr\u00e4 och stoppad med gener\u00f6sa lager av skum, vilket ger b\u00e5de stabilitet och komfort \u00f6ver tid.<\/p>\n<p class=\"\" data-start=\"952\" data-end=\"1049\">Kv\u00e4llen tillverkas i Europa av erfarna m\u00f6belsnickare, med fokus p\u00e5 hantverk, h\u00e5llbarhet och form.<\/p>\n<p class=\"\" data-start=\"952\" data-end=\"1049\">T\u00e4nk p\u00e5 att madrass inte ing\u00e5r vid k\u00f6p av en s\u00e4ngram.<\/p>\n<p class=\"\" data-start=\"952\" data-end=\"1049\"><img decoding=\"async\" src=\"https:\/\/cdn.shopify.com\/s\/files\/1\/0914\/4945\/9070\/files\/RUUM-KVALLEN-MATT.jpg?v=1743498992\" alt=\"\" \/><\/p>","protected":false},"excerpt":{"rendered":"<p>Kv\u00e4llen \u2013 En inbjudande s\u00e4ng med tidl\u00f6s elegans Kv\u00e4llen \u00e4r en s\u00e4ngram med design som kombinerar modern form med klassisk<\/p>","protected":false},"featured_media":3279,"comment_status":"open","ping_status":"closed","template":"","meta":{"_acf_changed":false},"product_brand":[],"product_cat":[72,73,74,75,87,90,86,88],"product_tag":[],"class_list":{"0":"post-1992","1":"product","2":"type-product","3":"status-publish","4":"has-post-thumbnail","6":"product_cat-120x200cm","7":"product_cat-140x200cm","8":"product_cat-160x200cm","9":"product_cat-180x200cm","10":"product_cat-alla-sangar","11":"product_cat-products","12":"product_cat-ramsangar","13":"product_cat-startsida","15":"first","16":"instock","17":"shipping-taxable","18":"purchasable","19":"product-type-variable"},"acf":[],"_links":{"self":[{"href":"https:\/\/itsmyruum.com\/en\/wp-json\/wp\/v2\/product\/1992","targetHints":{"allow":["GET"]}}],"collection":[{"href":"https:\/\/itsmyruum.com\/en\/wp-json\/wp\/v2\/product"}],"about":[{"href":"https:\/\/itsmyruum.com\/en\/wp-json\/wp\/v2\/types\/product"}],"replies":[{"embeddable":true,"href":"https:\/\/itsmyruum.com\/en\/wp-json\/wp\/v2\/comments?post=1992"}],"version-history":[{"count":1,"href":"https:\/\/itsmyruum.com\/en\/wp-json\/wp\/v2\/product\/1992\/revisions"}],"predecessor-version":[{"id":5623,"href":"https:\/\/itsmyruum.com\/en\/wp-json\/wp\/v2\/product\/1992\/revisions\/5623"}],"wp:featuredmedia":[{"embeddable":true,"href":"https:\/\/itsmyruum.com\/en\/wp-json\/wp\/v2\/media\/3279"}],"wp:attachment":[{"href":"https:\/\/itsmyruum.com\/en\/wp-json\/wp\/v2\/media?parent=1992"}],"wp:term":[{"taxonomy":"product_brand","embeddable":true,"href":"https:\/\/itsmyruum.com\/en\/wp-json\/wp\/v2\/product_brand?post=1992"},{"taxonomy":"product_cat","embeddable":true,"href":"https:\/\/itsmyruum.com\/en\/wp-json\/wp\/v2\/product_cat?post=1992"},{"taxonomy":"product_tag","embeddable":true,"href":"https:\/\/itsmyruum.com\/en\/wp-json\/wp\/v2\/product_tag?post=1992"}],"curies":[{"name":"wp","href":"https:\/\/api.w.org\/{rel}","templated":true}]}}