{"id":2025,"date":"2025-07-11T20:56:47","date_gmt":"2025-07-11T18:56:47","guid":{"rendered":"https:\/\/itsmyruum.com\/product\/lugnet\/"},"modified":"2025-08-26T22:23:35","modified_gmt":"2025-08-26T20:23:35","slug":"lugnet","status":"publish","type":"product","link":"https:\/\/itsmyruum.com\/en\/product\/lugnet\/","title":{"rendered":"Lugnet &#8211; Kontinentals\u00e4ng med f\u00f6rvaring"},"content":{"rendered":"<h3 class=\"\" data-end=\"137\" data-start=\"75\">Skapa en harmonisk sovplats med kontinentals\u00e4ngen Lugnet<\/h3>\n<p class=\"\" data-end=\"381\" data-start=\"139\">Kontinentals\u00e4ngen <strong data-end=\"167\" data-start=\"157\">Lugnet<\/strong> \u00e4r det perfekta valet f\u00f6r dig som v\u00e4rdes\u00e4tter b\u00e5de modern design och maximal sovkomfort. Med sina tv\u00e5 rymliga f\u00f6rvaringsl\u00e5dor hj\u00e4lper s\u00e4ngen dig att h\u00e5lla ordning i sovrummet och utnyttja utrymmet p\u00e5 b\u00e4sta s\u00e4tt.<\/p>\n<p class=\"\" data-end=\"680\" data-start=\"383\">Den 20 cm tjocka huvudmadrassen \u00e4r uppbyggd med bonellfj\u00e4drar, vilket ger ett optimalt st\u00f6d och en behaglig liggkomfort. Ett extra lager skum anpassar sig efter din kropp och \u00f6kar sovkomforten ytterligare. Dessutom ing\u00e5r en 4 cm tjock b\u00e4ddmadrass (topper) som g\u00f6r s\u00e4ngen \u00e4nnu sk\u00f6nare att sova i.<\/p>\n<p class=\"\" data-end=\"908\" data-start=\"682\">Den stilrena och moderna designen k\u00e4nnetecknas av eleganta s\u00f6mmar p\u00e5 s\u00e4nggaveln, vilket skapar en sofistikerad och inbjudande k\u00e4nsla. Den extra frontpanelen ger s\u00e4ngen ett mjukare uttryck och f\u00f6rst\u00e4rker den exklusiva looken.<\/p>\n<p class=\"\" data-end=\"1140\" data-start=\"910\">F\u00f6rutom den fantastiska komforten och designen \u00e4r <strong data-end=\"970\" data-start=\"960\">Lugnet<\/strong> utrustad med fj\u00e4dermekanismer som g\u00f6r det enkelt att \u00f6ppna f\u00f6rvaringsutrymmet under s\u00e4ngen. Perfekt f\u00f6r dig som vill ha extra plats f\u00f6r s\u00e4ngkl\u00e4der och andra textilier.<\/p>\n<p class=\"\" data-end=\"1140\" data-start=\"910\">En s\u00e4ng f\u00f6r dig som s\u00f6ker <strong data-end=\"1924\" data-start=\"1876\">avkoppling, elegans och smart funktionalitet<\/strong> i ett. Med <strong data-end=\"1946\" data-start=\"1936\">Lugnet<\/strong> f\u00e5r du en f\u00f6rstklassig sovupplevelse och en stilren inredningsdetalj till ditt sovrum.<\/p>\n<p class=\"\" data-end=\"1140\" data-start=\"910\"><img decoding=\"async\" src=\"https:\/\/cdn.shopify.com\/s\/files\/1\/0914\/4945\/9070\/files\/RUUM-LUGNET-MATT.jpg?v=1743108792\" alt=\"\" \/><\/p>","protected":false},"excerpt":{"rendered":"<p>Skapa en harmonisk sovplats med kontinentals\u00e4ngen Lugnet Kontinentals\u00e4ngen Lugnet \u00e4r det perfekta valet f\u00f6r dig som v\u00e4rdes\u00e4tter b\u00e5de modern design<\/p>","protected":false},"featured_media":3281,"comment_status":"open","ping_status":"closed","template":"","meta":{"_acf_changed":false},"product_brand":[],"product_cat":[72,73,74,75,87,84,90,88],"product_tag":[],"class_list":{"0":"post-2025","1":"product","2":"type-product","3":"status-publish","4":"has-post-thumbnail","6":"product_cat-120x200cm","7":"product_cat-140x200cm","8":"product_cat-160x200cm","9":"product_cat-180x200cm","10":"product_cat-alla-sangar","11":"product_cat-kontinentalsangar","12":"product_cat-products","13":"product_cat-startsida","15":"first","16":"instock","17":"shipping-taxable","18":"purchasable","19":"product-type-variable"},"acf":[],"_links":{"self":[{"href":"https:\/\/itsmyruum.com\/en\/wp-json\/wp\/v2\/product\/2025","targetHints":{"allow":["GET"]}}],"collection":[{"href":"https:\/\/itsmyruum.com\/en\/wp-json\/wp\/v2\/product"}],"about":[{"href":"https:\/\/itsmyruum.com\/en\/wp-json\/wp\/v2\/types\/product"}],"replies":[{"embeddable":true,"href":"https:\/\/itsmyruum.com\/en\/wp-json\/wp\/v2\/comments?post=2025"}],"version-history":[{"count":0,"href":"https:\/\/itsmyruum.com\/en\/wp-json\/wp\/v2\/product\/2025\/revisions"}],"wp:featuredmedia":[{"embeddable":true,"href":"https:\/\/itsmyruum.com\/en\/wp-json\/wp\/v2\/media\/3281"}],"wp:attachment":[{"href":"https:\/\/itsmyruum.com\/en\/wp-json\/wp\/v2\/media?parent=2025"}],"wp:term":[{"taxonomy":"product_brand","embeddable":true,"href":"https:\/\/itsmyruum.com\/en\/wp-json\/wp\/v2\/product_brand?post=2025"},{"taxonomy":"product_cat","embeddable":true,"href":"https:\/\/itsmyruum.com\/en\/wp-json\/wp\/v2\/product_cat?post=2025"},{"taxonomy":"product_tag","embeddable":true,"href":"https:\/\/itsmyruum.com\/en\/wp-json\/wp\/v2\/product_tag?post=2025"}],"curies":[{"name":"wp","href":"https:\/\/api.w.org\/{rel}","templated":true}]}}