{"id":2055,"date":"2025-07-11T20:56:54","date_gmt":"2025-07-11T18:56:54","guid":{"rendered":"https:\/\/itsmyruum.com\/product\/mansken\/"},"modified":"2025-08-26T22:22:56","modified_gmt":"2025-08-26T20:22:56","slug":"mansken","status":"publish","type":"product","link":"https:\/\/itsmyruum.com\/en\/product\/mansken\/","title":{"rendered":"M\u00e5nsken &#8211; Kontinentals\u00e4ng med f\u00f6rvaring"},"content":{"rendered":"<h3 class=\"\" data-start=\"112\" data-end=\"175\"><strong data-start=\"116\" data-end=\"175\">M\u00e5nsken \u2013 En dr\u00f6mlik kontinentals\u00e4ng f\u00f6r natts\u00f6mn i lyx<\/strong><\/h3>\n<p class=\"\" data-start=\"177\" data-end=\"426\">L\u00e5t din s\u00f6mn lysas upp av <strong data-start=\"203\" data-end=\"214\">M\u00e5nsken<\/strong> \u2013 en elegant kontinentals\u00e4ng designad f\u00f6r dig som s\u00f6ker b\u00e5de komfort och karakt\u00e4r. Med sin moderna siluett och gener\u00f6sa konstruktion passar M\u00e5nsken perfekt i allt fr\u00e5n mindre sovrum till stora master bedrooms.<\/p>\n<p class=\"\" data-start=\"428\" data-end=\"590\">S\u00e4ngen finns i fyra storlekar: <strong data-start=\"459\" data-end=\"470\">120&#215;200<\/strong>, <strong data-start=\"472\" data-end=\"483\">140&#215;200<\/strong>, <strong data-start=\"485\" data-end=\"496\">160&#215;200<\/strong> och <strong data-start=\"501\" data-end=\"512\">180&#215;200<\/strong>, s\u00e5 att du enkelt kan hitta r\u00e4tt modell f\u00f6r just ditt hem och din livsstil.<\/p>\n<p class=\"\" data-start=\"592\" data-end=\"843\">Den 20 cm tjocka huvudmadrassen vilar p\u00e5 ett system av <strong data-start=\"647\" data-end=\"664\">bonellfj\u00e4drar<\/strong>, vilket ger ett stabilt och j\u00e4mnt st\u00f6d under hela natten. Madrassen kompletteras av en <strong data-start=\"752\" data-end=\"776\">topper p\u00e5 cirka 4 cm<\/strong>, som tillf\u00f6r extra mjukhet och f\u00f6rb\u00e4ttrar komforten ytterligare.<\/p>\n<p class=\"\" data-start=\"845\" data-end=\"1135\"><strong data-start=\"845\" data-end=\"879\">M\u00e5nsken \u00e4r mer \u00e4n bara en s\u00e4ng<\/strong> \u2013 den \u00e4r ocks\u00e5 ett praktiskt f\u00f6rvaringsutrymme. Med tv\u00e5 gener\u00f6sa s\u00e4ngl\u00e5dor under liggytan f\u00e5r du enkelt plats med s\u00e4ngkl\u00e4der, kuddar eller annat du vill ha n\u00e4ra men ur v\u00e4gen. Ett <strong data-start=\"1059\" data-end=\"1090\">fj\u00e4derassisterat lyftsystem<\/strong> g\u00f6r \u00f6ppningen smidig och l\u00e4tt att hantera.<\/p>\n<p class=\"\" data-start=\"1137\" data-end=\"1389\">S\u00e4ngens uttryck f\u00f6rst\u00e4rks av en stilren design med en h\u00f6g och inbjudande s\u00e4nggavel \u2013 perfekt f\u00f6r kv\u00e4llsl\u00e4sning eller l\u00e5nga, lugna morgnar. Med m\u00f6jlighet att v\u00e4lja bland olika f\u00e4rger och tyger kan du dessutom anpassa M\u00e5nsken efter din personliga stil.<\/p>\n<p class=\"\" data-start=\"1093\" data-end=\"1324\"><img decoding=\"async\" src=\"https:\/\/cdn.shopify.com\/s\/files\/1\/0914\/4945\/9070\/files\/RUUM-MANSKEN-MATT.jpg?v=1743157408\" alt=\"\" \/><\/p>","protected":false},"excerpt":{"rendered":"<p>M\u00e5nsken \u2013 En dr\u00f6mlik kontinentals\u00e4ng f\u00f6r natts\u00f6mn i lyx L\u00e5t din s\u00f6mn lysas upp av M\u00e5nsken \u2013 en elegant kontinentals\u00e4ng<\/p>","protected":false},"featured_media":3284,"comment_status":"open","ping_status":"closed","template":"","meta":{"_acf_changed":false},"product_brand":[],"product_cat":[72,73,74,75,87,84,90,88],"product_tag":[],"class_list":{"0":"post-2055","1":"product","2":"type-product","3":"status-publish","4":"has-post-thumbnail","6":"product_cat-120x200cm","7":"product_cat-140x200cm","8":"product_cat-160x200cm","9":"product_cat-180x200cm","10":"product_cat-alla-sangar","11":"product_cat-kontinentalsangar","12":"product_cat-products","13":"product_cat-startsida","15":"first","16":"instock","17":"shipping-taxable","18":"purchasable","19":"product-type-variable"},"acf":[],"_links":{"self":[{"href":"https:\/\/itsmyruum.com\/en\/wp-json\/wp\/v2\/product\/2055","targetHints":{"allow":["GET"]}}],"collection":[{"href":"https:\/\/itsmyruum.com\/en\/wp-json\/wp\/v2\/product"}],"about":[{"href":"https:\/\/itsmyruum.com\/en\/wp-json\/wp\/v2\/types\/product"}],"replies":[{"embeddable":true,"href":"https:\/\/itsmyruum.com\/en\/wp-json\/wp\/v2\/comments?post=2055"}],"version-history":[{"count":0,"href":"https:\/\/itsmyruum.com\/en\/wp-json\/wp\/v2\/product\/2055\/revisions"}],"wp:featuredmedia":[{"embeddable":true,"href":"https:\/\/itsmyruum.com\/en\/wp-json\/wp\/v2\/media\/3284"}],"wp:attachment":[{"href":"https:\/\/itsmyruum.com\/en\/wp-json\/wp\/v2\/media?parent=2055"}],"wp:term":[{"taxonomy":"product_brand","embeddable":true,"href":"https:\/\/itsmyruum.com\/en\/wp-json\/wp\/v2\/product_brand?post=2055"},{"taxonomy":"product_cat","embeddable":true,"href":"https:\/\/itsmyruum.com\/en\/wp-json\/wp\/v2\/product_cat?post=2055"},{"taxonomy":"product_tag","embeddable":true,"href":"https:\/\/itsmyruum.com\/en\/wp-json\/wp\/v2\/product_tag?post=2055"}],"curies":[{"name":"wp","href":"https:\/\/api.w.org\/{rel}","templated":true}]}}