{"id":2084,"date":"2025-07-11T20:56:55","date_gmt":"2025-07-11T18:56:55","guid":{"rendered":"https:\/\/itsmyruum.com\/product\/mjornen\/"},"modified":"2025-11-20T20:12:06","modified_gmt":"2025-11-20T19:12:06","slug":"mjornen","status":"publish","type":"product","link":"https:\/\/itsmyruum.com\/en\/product\/mjornen\/","title":{"rendered":"Mj\u00f6rnen &#8211; B\u00e4ddsoffa med f\u00f6rvaring &#8211; H\u00f6rnsoffa"},"content":{"rendered":"<h3 class=\"\" data-start=\"75\" data-end=\"130\"><strong data-start=\"79\" data-end=\"128\">Bekv\u00e4m h\u00f6rnsoffa till vardagsrummet \u2013 Mj\u00f6rnen<\/strong><\/h3>\n<p class=\"\" data-start=\"132\" data-end=\"280\">Letar du efter en soffa som kombinerar <strong data-start=\"171\" data-end=\"197\">komfort, modern design<\/strong> och <strong data-start=\"202\" data-end=\"220\">funktionalitet<\/strong>? D\u00e5 \u00e4r <strong data-start=\"228\" data-end=\"250\">h\u00f6rnsoffan Mj\u00f6rnen<\/strong> det perfekta valet f\u00f6r dig!<\/p>\n<p class=\"\" data-start=\"282\" data-end=\"531\"><strong data-start=\"282\" data-end=\"293\">Mj\u00f6rnen<\/strong> \u00e4r en <strong data-start=\"300\" data-end=\"337\">stilren och funktionell h\u00f6rnsoffa<\/strong> som passar perfekt i moderna hem. Dess <strong data-start=\"377\" data-end=\"421\">eleganta s\u00f6mmar och djupa knapp-pikering<\/strong> ger en exklusiv k\u00e4nsla, medan den minimalistiska formen g\u00f6r den l\u00e4tt att matcha med olika inredningsstilar.<\/p>\n<p class=\"\" data-start=\"533\" data-end=\"781\"><strong data-start=\"533\" data-end=\"567\">Maximal komfort och h\u00e5llbarhet<\/strong><br data-start=\"567\" data-end=\"570\" \/>Sitsen och ryggst\u00f6det \u00e4r tillverkade av <strong data-start=\"610\" data-end=\"637\">T30-skum och v\u00e5gfj\u00e4drar<\/strong>, vilket s\u00e4kerst\u00e4ller <strong data-start=\"659\" data-end=\"701\">h\u00f6g h\u00e5llbarhet och utm\u00e4rkt sittkomfort<\/strong>. Medf\u00f6ljande <strong data-start=\"715\" data-end=\"750\">kuddar med silikonfiberfyllning<\/strong> ger extra st\u00f6d och mysighet.<\/p>\n<p class=\"\" data-start=\"783\" data-end=\"1104\"><strong data-start=\"783\" data-end=\"818\">Sovfunktion och smart f\u00f6rvaring<\/strong><br data-start=\"818\" data-end=\"821\" \/>F\u00f6rutom att vara en bekv\u00e4m soffa har <strong data-start=\"858\" data-end=\"899\">Mj\u00f6rnen \u00e4ven en praktisk b\u00e4ddfunktion<\/strong>, vilket g\u00f6r den till en <strong data-start=\"924\" data-end=\"956\">perfekt extras\u00e4ng f\u00f6r g\u00e4ster<\/strong>. Dessutom finns <strong data-start=\"973\" data-end=\"1006\">ett rymligt f\u00f6rvaringsutrymme<\/strong> f\u00f6r exempelvis s\u00e4ngkl\u00e4der eller filtar \u2013 en <strong data-start=\"1051\" data-end=\"1101\">perfekt kombination av stil och funktionalitet<\/strong>.<\/p>\n<p class=\"\" data-start=\"783\" data-end=\"1104\"><img decoding=\"async\" src=\"https:\/\/cdn.shopify.com\/s\/files\/1\/0914\/4945\/9070\/files\/ruum-mjornen-matt.jpg?v=1742988695\" alt=\"\" \/><\/p>","protected":false},"excerpt":{"rendered":"<p>Bekv\u00e4m h\u00f6rnsoffa till vardagsrummet \u2013 Mj\u00f6rnen Letar du efter en soffa som kombinerar komfort, modern design och funktionalitet? D\u00e5 \u00e4r<\/p>","protected":false},"featured_media":3285,"comment_status":"open","ping_status":"closed","template":"","meta":{"_acf_changed":false},"product_brand":[],"product_cat":[78,70,69,81,83,90,88],"product_tag":[],"class_list":{"0":"post-2084","1":"product","2":"type-product","3":"status-publish","4":"has-post-thumbnail","6":"product_cat-3-sits-soffor","7":"product_cat-alla-soffor","8":"product_cat-baddsoffor","9":"product_cat-divansoffor","10":"product_cat-hornsoffor","11":"product_cat-products","12":"product_cat-startsida","14":"first","15":"instock","16":"shipping-taxable","17":"purchasable","18":"product-type-variable"},"acf":[],"_links":{"self":[{"href":"https:\/\/itsmyruum.com\/en\/wp-json\/wp\/v2\/product\/2084","targetHints":{"allow":["GET"]}}],"collection":[{"href":"https:\/\/itsmyruum.com\/en\/wp-json\/wp\/v2\/product"}],"about":[{"href":"https:\/\/itsmyruum.com\/en\/wp-json\/wp\/v2\/types\/product"}],"replies":[{"embeddable":true,"href":"https:\/\/itsmyruum.com\/en\/wp-json\/wp\/v2\/comments?post=2084"}],"version-history":[{"count":2,"href":"https:\/\/itsmyruum.com\/en\/wp-json\/wp\/v2\/product\/2084\/revisions"}],"predecessor-version":[{"id":5466,"href":"https:\/\/itsmyruum.com\/en\/wp-json\/wp\/v2\/product\/2084\/revisions\/5466"}],"wp:featuredmedia":[{"embeddable":true,"href":"https:\/\/itsmyruum.com\/en\/wp-json\/wp\/v2\/media\/3285"}],"wp:attachment":[{"href":"https:\/\/itsmyruum.com\/en\/wp-json\/wp\/v2\/media?parent=2084"}],"wp:term":[{"taxonomy":"product_brand","embeddable":true,"href":"https:\/\/itsmyruum.com\/en\/wp-json\/wp\/v2\/product_brand?post=2084"},{"taxonomy":"product_cat","embeddable":true,"href":"https:\/\/itsmyruum.com\/en\/wp-json\/wp\/v2\/product_cat?post=2084"},{"taxonomy":"product_tag","embeddable":true,"href":"https:\/\/itsmyruum.com\/en\/wp-json\/wp\/v2\/product_tag?post=2084"}],"curies":[{"name":"wp","href":"https:\/\/api.w.org\/{rel}","templated":true}]}}