{"id":2095,"date":"2025-07-11T20:56:56","date_gmt":"2025-07-11T18:56:56","guid":{"rendered":"https:\/\/itsmyruum.com\/product\/mjukna\/"},"modified":"2025-11-19T23:56:40","modified_gmt":"2025-11-19T22:56:40","slug":"mjukna","status":"publish","type":"product","link":"https:\/\/itsmyruum.com\/en\/product\/mjukna\/","title":{"rendered":"Mjukna &#8211; B\u00e4ddsoffa med f\u00f6rvaring &#8211; H\u00f6rnsoffa"},"content":{"rendered":"<h3 class=\"\" data-start=\"194\" data-end=\"253\"><strong data-start=\"198\" data-end=\"251\">Mjukna \u2013 f\u00f6r stunder som kr\u00e4ver lite mer mjukhet.<\/strong><\/h3>\n<p class=\"\" data-start=\"254\" data-end=\"394\">En soffa n\u00e4r du vill landa. En s\u00e4ng n\u00e4r du beh\u00f6ver vila.\u00a0<br data-start=\"310\" data-end=\"313\" \/><strong data-start=\"313\" data-end=\"323\">Mjukna<\/strong>\u00a0\u00e4r skapad f\u00f6r att m\u00f6ta vardagens behov med stil, komfort och enkelhet.<\/p>\n<p class=\"\" data-start=\"396\" data-end=\"653\">Med sina gener\u00f6sa sittdynor och ett f\u00f6ljsamt ryggst\u00f6d i T30-skum och v\u00e5gfj\u00e4drar erbjuder Mjukna en avkopplande plats \u2013 b\u00e5de dag och natt. Den dolda b\u00e4ddfunktionen f\u00e4lls ut med ett enkelt grepp och skapar en rymlig sovplats f\u00f6r dig sj\u00e4lv eller dina g\u00e4ster.<\/p>\n<p class=\"\" data-start=\"655\" data-end=\"888\">Det stilrena formspr\u00e5ket, de mjuka linjerna och de genomt\u00e4nkta detaljerna g\u00f6r Mjukna till en naturlig del av det moderna hemmet. L\u00e4gg d\u00e4rtill ett smart f\u00f6rvaringsutrymme, och du har en m\u00f6bel som \u00e4r lika vacker som den \u00e4r funktionell.<\/p>\n<p class=\"\" data-start=\"655\" data-end=\"888\"><strong data-start=\"895\" data-end=\"931\">\u2714\ufe0f H\u00f6rnsoffa och b\u00e4ddsoffa i ett<\/strong><br data-start=\"931\" data-end=\"934\" \/><strong data-start=\"934\" data-end=\"969\">\u2714\ufe0f Tidl\u00f6s design i mjuka former<\/strong><br data-start=\"969\" data-end=\"972\" \/><strong data-start=\"972\" data-end=\"1008\">\u2714\ufe0f Enkel att f\u00f6rvandla till s\u00e4ng<\/strong><br data-start=\"1008\" data-end=\"1011\" \/><strong data-start=\"1011\" data-end=\"1050\">\u2714\ufe0f Inbyggd f\u00f6rvaring f\u00f6r s\u00e4ngkl\u00e4der<\/strong><\/p>\n<p class=\"\" data-start=\"655\" data-end=\"888\"><img decoding=\"async\" src=\"https:\/\/cdn.shopify.com\/s\/files\/1\/0914\/4945\/9070\/files\/RUUM_MJUKNA_MATT.png?v=1745325575\" alt=\"\" \/><\/p>","protected":false},"excerpt":{"rendered":"<p>Mjukna \u2013 f\u00f6r stunder som kr\u00e4ver lite mer mjukhet. En soffa n\u00e4r du vill landa. En s\u00e4ng n\u00e4r du beh\u00f6ver<\/p>","protected":false},"featured_media":3286,"comment_status":"open","ping_status":"closed","template":"","meta":{"_acf_changed":false},"product_brand":[],"product_cat":[78,70,69,81,83,90,88],"product_tag":[],"class_list":{"0":"post-2095","1":"product","2":"type-product","3":"status-publish","4":"has-post-thumbnail","6":"product_cat-3-sits-soffor","7":"product_cat-alla-soffor","8":"product_cat-baddsoffor","9":"product_cat-divansoffor","10":"product_cat-hornsoffor","11":"product_cat-products","12":"product_cat-startsida","14":"first","15":"instock","16":"shipping-taxable","17":"purchasable","18":"product-type-variable"},"acf":[],"_links":{"self":[{"href":"https:\/\/itsmyruum.com\/en\/wp-json\/wp\/v2\/product\/2095","targetHints":{"allow":["GET"]}}],"collection":[{"href":"https:\/\/itsmyruum.com\/en\/wp-json\/wp\/v2\/product"}],"about":[{"href":"https:\/\/itsmyruum.com\/en\/wp-json\/wp\/v2\/types\/product"}],"replies":[{"embeddable":true,"href":"https:\/\/itsmyruum.com\/en\/wp-json\/wp\/v2\/comments?post=2095"}],"version-history":[{"count":2,"href":"https:\/\/itsmyruum.com\/en\/wp-json\/wp\/v2\/product\/2095\/revisions"}],"predecessor-version":[{"id":4830,"href":"https:\/\/itsmyruum.com\/en\/wp-json\/wp\/v2\/product\/2095\/revisions\/4830"}],"wp:featuredmedia":[{"embeddable":true,"href":"https:\/\/itsmyruum.com\/en\/wp-json\/wp\/v2\/media\/3286"}],"wp:attachment":[{"href":"https:\/\/itsmyruum.com\/en\/wp-json\/wp\/v2\/media?parent=2095"}],"wp:term":[{"taxonomy":"product_brand","embeddable":true,"href":"https:\/\/itsmyruum.com\/en\/wp-json\/wp\/v2\/product_brand?post=2095"},{"taxonomy":"product_cat","embeddable":true,"href":"https:\/\/itsmyruum.com\/en\/wp-json\/wp\/v2\/product_cat?post=2095"},{"taxonomy":"product_tag","embeddable":true,"href":"https:\/\/itsmyruum.com\/en\/wp-json\/wp\/v2\/product_tag?post=2095"}],"curies":[{"name":"wp","href":"https:\/\/api.w.org\/{rel}","templated":true}]}}