{"id":2104,"date":"2025-07-11T20:56:56","date_gmt":"2025-07-11T18:56:56","guid":{"rendered":"https:\/\/itsmyruum.com\/product\/molnet\/"},"modified":"2025-11-18T22:20:13","modified_gmt":"2025-11-18T21:20:13","slug":"molnet","status":"publish","type":"product","link":"https:\/\/itsmyruum.com\/en\/product\/molnet\/","title":{"rendered":"Molnet &#8211; H\u00f6rnsoffa &#8211; Kuddar ing\u00e5r"},"content":{"rendered":"<h3 data-start=\"0\" data-end=\"55\"><strong data-start=\"4\" data-end=\"53\">Bekv\u00e4m h\u00f6rnsoffa f\u00f6r vardagsrummet \u2013 Molnet<\/strong><\/h3>\n<p data-start=\"57\" data-end=\"181\">Letar du efter en m\u00f6bel som kombinerar komfort med en unik design? D\u00e5 \u00e4r h\u00f6rnsoffan\u00a0<strong data-start=\"141\" data-end=\"151\">Molnet<\/strong>\u00a0det perfekta valet f\u00f6r dig!<\/p>\n<p data-start=\"183\" data-end=\"637\"><strong data-start=\"183\" data-end=\"193\">Molnet<\/strong>\u00a0\u00e4r en stilren och modern h\u00f6rnsoffa som passar perfekt in i alla typer av vardagsrum. Den k\u00e4nnetecknas av sin minimalistiska, geometriska form samtidigt som den erbjuder en mjuk och bekv\u00e4m sittupplevelse. Sitsen och ryggst\u00f6det \u00e4r tillverkade av\u00a0<strong data-start=\"438\" data-end=\"464\">HR-skum och v\u00e5gfj\u00e4drar<\/strong>, vilket garanterar h\u00e5llbarhet och f\u00f6rhindrar att soffan tappar sin form \u00f6ver tid. Den ger maximal komfort \u2013 perfekt f\u00f6r dig som har h\u00f6ga krav p\u00e5 b\u00e5de design och funktion.<\/p>\n<p data-start=\"639\" data-end=\"874\">Soffan kompletteras av\u00a0<strong data-start=\"662\" data-end=\"689\">fyra medf\u00f6ljande kuddar<\/strong>, som kan anv\u00e4ndas b\u00e5de som extra st\u00f6d och dekorativa inslag. Stommen \u00e4r tillverkad av\u00a0<strong data-start=\"776\" data-end=\"820\">h\u00f6gkvalitativt massivt tr\u00e4 och sp\u00e5nskiva<\/strong>, vilket s\u00e4kerst\u00e4ller stabilitet och l\u00e5ng livsl\u00e4ngd.<\/p>\n<p data-start=\"876\" data-end=\"1111\">V\u00e5r h\u00f6rnsoffa \u00e4r mer \u00e4n bara en m\u00f6bel \u2013 den \u00e4r en genomt\u00e4nkt kombination av\u00a0<strong data-start=\"952\" data-end=\"997\">funktionalitet, komfort och modern design<\/strong>. Ett idealiskt val f\u00f6r dig som vill ha en stilfull och praktisk m\u00f6bel som blir hemmets naturliga samlingspunkt.<\/p>\n<p data-start=\"2098\" data-end=\"2218\" data-is-last-node=\"\" data-is-only-node=\"\">G\u00f6r ditt vardagsrum till hemmets hj\u00e4rta med\u00a0<strong data-start=\"2142\" data-end=\"2154\">Molnet<\/strong>\u00a0\u2013 en soffa som kombinerar allt du beh\u00f6ver f\u00f6r komfort och stil!<\/p>\n<h3 data-start=\"0\" data-end=\"55\"><img decoding=\"async\" style=\"color: #333333; font-size: 16px;\" src=\"https:\/\/cdn.shopify.com\/s\/files\/1\/0914\/4945\/9070\/files\/RUUM-MOLNET-MATT.jpg?v=1742899863\" alt=\"\" \/><\/h3>","protected":false},"excerpt":{"rendered":"<p>Bekv\u00e4m h\u00f6rnsoffa f\u00f6r vardagsrummet \u2013 Molnet Letar du efter en m\u00f6bel som kombinerar komfort med en unik design? D\u00e5 \u00e4r<\/p>","protected":false},"featured_media":3290,"comment_status":"open","ping_status":"closed","template":"","meta":{"_acf_changed":false},"product_brand":[],"product_cat":[78,70,81,83,90,88],"product_tag":[],"class_list":{"0":"post-2104","1":"product","2":"type-product","3":"status-publish","4":"has-post-thumbnail","6":"product_cat-3-sits-soffor","7":"product_cat-alla-soffor","8":"product_cat-divansoffor","9":"product_cat-hornsoffor","10":"product_cat-products","11":"product_cat-startsida","13":"first","14":"instock","15":"shipping-taxable","16":"purchasable","17":"product-type-variable"},"acf":[],"_links":{"self":[{"href":"https:\/\/itsmyruum.com\/en\/wp-json\/wp\/v2\/product\/2104","targetHints":{"allow":["GET"]}}],"collection":[{"href":"https:\/\/itsmyruum.com\/en\/wp-json\/wp\/v2\/product"}],"about":[{"href":"https:\/\/itsmyruum.com\/en\/wp-json\/wp\/v2\/types\/product"}],"replies":[{"embeddable":true,"href":"https:\/\/itsmyruum.com\/en\/wp-json\/wp\/v2\/comments?post=2104"}],"version-history":[{"count":3,"href":"https:\/\/itsmyruum.com\/en\/wp-json\/wp\/v2\/product\/2104\/revisions"}],"predecessor-version":[{"id":4851,"href":"https:\/\/itsmyruum.com\/en\/wp-json\/wp\/v2\/product\/2104\/revisions\/4851"}],"wp:featuredmedia":[{"embeddable":true,"href":"https:\/\/itsmyruum.com\/en\/wp-json\/wp\/v2\/media\/3290"}],"wp:attachment":[{"href":"https:\/\/itsmyruum.com\/en\/wp-json\/wp\/v2\/media?parent=2104"}],"wp:term":[{"taxonomy":"product_brand","embeddable":true,"href":"https:\/\/itsmyruum.com\/en\/wp-json\/wp\/v2\/product_brand?post=2104"},{"taxonomy":"product_cat","embeddable":true,"href":"https:\/\/itsmyruum.com\/en\/wp-json\/wp\/v2\/product_cat?post=2104"},{"taxonomy":"product_tag","embeddable":true,"href":"https:\/\/itsmyruum.com\/en\/wp-json\/wp\/v2\/product_tag?post=2104"}],"curies":[{"name":"wp","href":"https:\/\/api.w.org\/{rel}","templated":true}]}}