{"id":2119,"date":"2025-07-11T20:56:57","date_gmt":"2025-07-11T18:56:57","guid":{"rendered":"https:\/\/itsmyruum.com\/product\/mysa\/"},"modified":"2025-11-24T18:26:00","modified_gmt":"2025-11-24T17:26:00","slug":"mysa","status":"publish","type":"product","link":"https:\/\/itsmyruum.com\/en\/product\/mysa\/","title":{"rendered":"Mysa &#8211; S\u00e4ngram med f\u00f6rvaring"},"content":{"rendered":"<h2 class=\"\" data-start=\"127\" data-end=\"178\">Mysa \u2013 en s\u00e4ng som bjuder in till vila och v\u00e4rme<\/h2>\n<p class=\"\" data-start=\"180\" data-end=\"442\">Mysa \u00e4r precis vad den heter \u2013 en s\u00e4ng f\u00f6r dig som \u00e4lskar komfort, textur och ett hem att k\u00e4nna sig riktigt hemma i. Kl\u00e4dd i ett tyg som liknar mjuk fuskp\u00e4ls, erbjuder Mysa en taktil och inbjudande k\u00e4nsla, perfekt f\u00f6r ett sovrum d\u00e4r mysfaktorn f\u00e5r st\u00e5 i centrum.<\/p>\n<p class=\"\" data-start=\"444\" data-end=\"722\">Den rundade formen, gener\u00f6sa stoppningen och den l\u00e5ga s\u00e4nggaveln g\u00f6r att Mysa k\u00e4nns omfamnande, n\u00e4stan som en kokong f\u00f6r vila. Tack vare den breda ramen fungerar s\u00e4ngen \u00e4ven som en naturlig plats att l\u00e4gga ifr\u00e5n sig bok, telefon eller ett glas vatten \u2013 utan att beh\u00f6va resa sig.<\/p>\n<p class=\"\" data-start=\"724\" data-end=\"949\">S\u00e4ngen \u00e4r dessutom utrustad med en rymlig f\u00f6rvaring under madrassen. H\u00e4r kan du enkelt g\u00f6mma undan t\u00e4cken, kuddar eller annat du vill ha n\u00e4ra men utom synh\u00e5ll \u2013 perfekt f\u00f6r dig som vill ha ett stilrent och organiserat sovrum.<\/p>\n<p class=\"\" data-start=\"951\" data-end=\"1116\">Mysa \u00e4r tillverkad i Europa med noggrant utvalda material och h\u00f6g hantverksstandard. Den finns i flera f\u00e4rger och storlekar f\u00f6r att passa b\u00e5de mindre och st\u00f6rre rum.<\/p>\n<p class=\"\" data-start=\"951\" data-end=\"1116\">T\u00e4nk p\u00e5 att madrass inte ing\u00e5r vid k\u00f6p av en s\u00e4ngram.<\/p>\n<p class=\"\" data-start=\"951\" data-end=\"1116\"><img decoding=\"async\" src=\"https:\/\/cdn.shopify.com\/s\/files\/1\/0914\/4945\/9070\/files\/RUUM-MYSA-MATT.jpg?v=1743504950\" alt=\"\" \/><\/p>","protected":false},"excerpt":{"rendered":"<p>Mysa \u2013 en s\u00e4ng som bjuder in till vila och v\u00e4rme Mysa \u00e4r precis vad den heter \u2013 en s\u00e4ng<\/p>","protected":false},"featured_media":3291,"comment_status":"open","ping_status":"closed","template":"","meta":{"_acf_changed":false},"product_brand":[],"product_cat":[72,73,74,75,87,90,86,88],"product_tag":[],"class_list":{"0":"post-2119","1":"product","2":"type-product","3":"status-publish","4":"has-post-thumbnail","6":"product_cat-120x200cm","7":"product_cat-140x200cm","8":"product_cat-160x200cm","9":"product_cat-180x200cm","10":"product_cat-alla-sangar","11":"product_cat-products","12":"product_cat-ramsangar","13":"product_cat-startsida","15":"first","16":"instock","17":"shipping-taxable","18":"purchasable","19":"product-type-variable"},"acf":[],"_links":{"self":[{"href":"https:\/\/itsmyruum.com\/en\/wp-json\/wp\/v2\/product\/2119","targetHints":{"allow":["GET"]}}],"collection":[{"href":"https:\/\/itsmyruum.com\/en\/wp-json\/wp\/v2\/product"}],"about":[{"href":"https:\/\/itsmyruum.com\/en\/wp-json\/wp\/v2\/types\/product"}],"replies":[{"embeddable":true,"href":"https:\/\/itsmyruum.com\/en\/wp-json\/wp\/v2\/comments?post=2119"}],"version-history":[{"count":1,"href":"https:\/\/itsmyruum.com\/en\/wp-json\/wp\/v2\/product\/2119\/revisions"}],"predecessor-version":[{"id":5682,"href":"https:\/\/itsmyruum.com\/en\/wp-json\/wp\/v2\/product\/2119\/revisions\/5682"}],"wp:featuredmedia":[{"embeddable":true,"href":"https:\/\/itsmyruum.com\/en\/wp-json\/wp\/v2\/media\/3291"}],"wp:attachment":[{"href":"https:\/\/itsmyruum.com\/en\/wp-json\/wp\/v2\/media?parent=2119"}],"wp:term":[{"taxonomy":"product_brand","embeddable":true,"href":"https:\/\/itsmyruum.com\/en\/wp-json\/wp\/v2\/product_brand?post=2119"},{"taxonomy":"product_cat","embeddable":true,"href":"https:\/\/itsmyruum.com\/en\/wp-json\/wp\/v2\/product_cat?post=2119"},{"taxonomy":"product_tag","embeddable":true,"href":"https:\/\/itsmyruum.com\/en\/wp-json\/wp\/v2\/product_tag?post=2119"}],"curies":[{"name":"wp","href":"https:\/\/api.w.org\/{rel}","templated":true}]}}