{"id":2152,"date":"2025-04-01T18:25:08","date_gmt":"2025-04-01T16:25:08","guid":{"rendered":"https:\/\/itsmyruum.com\/product\/nattglans\/"},"modified":"2025-11-24T19:45:58","modified_gmt":"2025-11-24T18:45:58","slug":"nattglans","status":"publish","type":"product","link":"https:\/\/itsmyruum.com\/en\/product\/nattglans\/","title":{"rendered":"Nattglans &#8211; S\u00e4ngram med f\u00f6rvaring"},"content":{"rendered":"<h3 class=\"\" data-start=\"230\" data-end=\"279\">Skapa ett elegant sovrum med s\u00e4ngen Nattglans<\/h3>\n<p class=\"\" data-start=\"281\" data-end=\"624\">Nattglans \u00e4r en stilren s\u00e4ng som kombinerar funktion, komfort och modern design p\u00e5 b\u00e4sta s\u00e4tt. Den h\u00f6ga s\u00e4nggaveln med vertikala s\u00f6mmar ger s\u00e4ngen ett elegant uttryck och g\u00f6r det samtidigt bekv\u00e4mt att luta sig tillbaka med en bok eller en film i s\u00e4ngen. Den mjuka stoppningen ger b\u00e5de en exklusiv k\u00e4nsla och ett bra st\u00f6d f\u00f6r ryggen.<\/p>\n<p class=\"\" data-start=\"626\" data-end=\"1036\">S\u00e4ngen \u00e4r tillverkad med en stabil stomme av tr\u00e4 och m\u00f6belsp\u00e5nskiva, och hela konstruktionen \u00e4r kl\u00e4dd i v\u00e5rt mjuka och slitstarka sammetstyg <em data-start=\"767\" data-end=\"774\">Magic<\/em>. Under s\u00e4ngen finns tv\u00e5 stora f\u00f6rvaringsl\u00e5dor med gott om plats f\u00f6r t\u00e4cken, kuddar eller andra textilier. F\u00f6rvaringsl\u00e5dorna \u00e4r l\u00e4tta att \u00f6ppna tack vare ett fj\u00e4derbelastat lyftsystem, vilket g\u00f6r s\u00e4ngen praktisk \u00e4ven i mindre utrymmen d\u00e4r extra f\u00f6rvaring beh\u00f6vs.<\/p>\n<p class=\"\" data-start=\"626\" data-end=\"1036\">T\u00e4nk p\u00e5 att madrass inte ing\u00e5r vid k\u00f6p av en s\u00e4ngram.<\/p>\n<p class=\"\" data-start=\"1038\" data-end=\"1259\"><img decoding=\"async\" src=\"https:\/\/cdn.shopify.com\/s\/files\/1\/0914\/4945\/9070\/files\/RUUM-NATTGLANS-MATT.jpg?v=1743525285\" alt=\"\" \/><\/p>","protected":false},"excerpt":{"rendered":"<p>Skapa ett elegant sovrum med s\u00e4ngen Nattglans Nattglans \u00e4r en stilren s\u00e4ng som kombinerar funktion, komfort och modern design p\u00e5<\/p>","protected":false},"featured_media":2834,"comment_status":"open","ping_status":"closed","template":"","meta":{"_acf_changed":false},"product_brand":[],"product_cat":[72,73,74,75,77,87,90,86,88],"product_tag":[],"class_list":{"0":"post-2152","1":"product","2":"type-product","3":"status-publish","4":"has-post-thumbnail","6":"product_cat-120x200cm","7":"product_cat-140x200cm","8":"product_cat-160x200cm","9":"product_cat-180x200cm","10":"product_cat-200x200cm","11":"product_cat-alla-sangar","12":"product_cat-products","13":"product_cat-ramsangar","14":"product_cat-startsida","16":"first","17":"instock","18":"shipping-taxable","19":"purchasable","20":"product-type-variable"},"acf":[],"_links":{"self":[{"href":"https:\/\/itsmyruum.com\/en\/wp-json\/wp\/v2\/product\/2152","targetHints":{"allow":["GET"]}}],"collection":[{"href":"https:\/\/itsmyruum.com\/en\/wp-json\/wp\/v2\/product"}],"about":[{"href":"https:\/\/itsmyruum.com\/en\/wp-json\/wp\/v2\/types\/product"}],"replies":[{"embeddable":true,"href":"https:\/\/itsmyruum.com\/en\/wp-json\/wp\/v2\/comments?post=2152"}],"version-history":[{"count":1,"href":"https:\/\/itsmyruum.com\/en\/wp-json\/wp\/v2\/product\/2152\/revisions"}],"predecessor-version":[{"id":5700,"href":"https:\/\/itsmyruum.com\/en\/wp-json\/wp\/v2\/product\/2152\/revisions\/5700"}],"wp:featuredmedia":[{"embeddable":true,"href":"https:\/\/itsmyruum.com\/en\/wp-json\/wp\/v2\/media\/2834"}],"wp:attachment":[{"href":"https:\/\/itsmyruum.com\/en\/wp-json\/wp\/v2\/media?parent=2152"}],"wp:term":[{"taxonomy":"product_brand","embeddable":true,"href":"https:\/\/itsmyruum.com\/en\/wp-json\/wp\/v2\/product_brand?post=2152"},{"taxonomy":"product_cat","embeddable":true,"href":"https:\/\/itsmyruum.com\/en\/wp-json\/wp\/v2\/product_cat?post=2152"},{"taxonomy":"product_tag","embeddable":true,"href":"https:\/\/itsmyruum.com\/en\/wp-json\/wp\/v2\/product_tag?post=2152"}],"curies":[{"name":"wp","href":"https:\/\/api.w.org\/{rel}","templated":true}]}}