{"id":2178,"date":"2025-07-11T20:57:06","date_gmt":"2025-07-11T18:57:06","guid":{"rendered":"https:\/\/itsmyruum.com\/product\/nattro\/"},"modified":"2025-11-24T20:25:38","modified_gmt":"2025-11-24T19:25:38","slug":"nattro","status":"publish","type":"product","link":"https:\/\/itsmyruum.com\/en\/product\/nattro\/","title":{"rendered":"Nattro &#8211; S\u00e4ngram med f\u00f6rvaring"},"content":{"rendered":"<h2 class=\"\" data-start=\"141\" data-end=\"185\">Nattro \u2013 tidl\u00f6s elegans f\u00f6r stilla n\u00e4tter<\/h2>\n<p class=\"\" data-start=\"187\" data-end=\"474\">Nattro \u00e4r en s\u00e4ng som f\u00f6r tankarna till klassisk brittisk elegans, samtidigt som den b\u00e4r p\u00e5 en modern sj\u00e4l. Med sin djuph\u00e4ftade s\u00e4nggavel i Chesterfield-stil och dekorativa knappar blir Nattro ett vackert statement i sovrummet \u2013 en m\u00f6bel som f\u00f6rh\u00f6jer k\u00e4nslan av lugn, v\u00e4rme och trygghet.<\/p>\n<p class=\"\" data-start=\"476\" data-end=\"749\">Den h\u00f6ga s\u00e4nggaveln \u00e4r inte bara en visuell blickf\u00e5ngare, utan ocks\u00e5 sk\u00f6n att luta sig mot n\u00e4r du vill l\u00e4sa eller koppla av i s\u00e4ngen. B\u00e5de gavel och ram \u00e4r gener\u00f6st stoppade med tjock skum och kl\u00e4dda i ett mjukt sammetstyg som ger s\u00e4ngen ett mjukt djup och en lyxig k\u00e4nsla.<\/p>\n<p class=\"\" data-start=\"751\" data-end=\"1043\">S\u00e4ngen \u00e4r utrustad med ett rymligt f\u00f6rvaringsutrymme under madrassen \u2013 idealiskt f\u00f6r att h\u00e5lla sovrummet prydligt och fritt fr\u00e5n \u00f6verfl\u00f6diga textilier. Med sin robusta konstruktion, stilrena silhuett och h\u00f6ga kvalitet \u00e4r Nattro ett sj\u00e4lvklart val f\u00f6r dig som s\u00f6ker komfort och karakt\u00e4r i ett.<\/p>\n<p class=\"\" data-start=\"751\" data-end=\"1043\">T\u00e4nk p\u00e5 att madrass inte ing\u00e5r vid k\u00f6p av en s\u00e4ngram.<\/p>\n<p class=\"\" data-start=\"751\" data-end=\"1043\"><img decoding=\"async\" src=\"https:\/\/cdn.shopify.com\/s\/files\/1\/0914\/4945\/9070\/files\/RUUM-NATTRO-MATT.jpg?v=1743507123\" alt=\"\" \/><\/p>","protected":false},"excerpt":{"rendered":"<p>Nattro \u2013 tidl\u00f6s elegans f\u00f6r stilla n\u00e4tter Nattro \u00e4r en s\u00e4ng som f\u00f6r tankarna till klassisk brittisk elegans, samtidigt som<\/p>","protected":false},"featured_media":3295,"comment_status":"open","ping_status":"closed","template":"","meta":{"_acf_changed":false},"product_brand":[],"product_cat":[72,73,74,75,77,87,90,86,88],"product_tag":[],"class_list":{"0":"post-2178","1":"product","2":"type-product","3":"status-publish","4":"has-post-thumbnail","6":"product_cat-120x200cm","7":"product_cat-140x200cm","8":"product_cat-160x200cm","9":"product_cat-180x200cm","10":"product_cat-200x200cm","11":"product_cat-alla-sangar","12":"product_cat-products","13":"product_cat-ramsangar","14":"product_cat-startsida","16":"first","17":"instock","18":"shipping-taxable","19":"purchasable","20":"product-type-variable"},"acf":[],"_links":{"self":[{"href":"https:\/\/itsmyruum.com\/en\/wp-json\/wp\/v2\/product\/2178","targetHints":{"allow":["GET"]}}],"collection":[{"href":"https:\/\/itsmyruum.com\/en\/wp-json\/wp\/v2\/product"}],"about":[{"href":"https:\/\/itsmyruum.com\/en\/wp-json\/wp\/v2\/types\/product"}],"replies":[{"embeddable":true,"href":"https:\/\/itsmyruum.com\/en\/wp-json\/wp\/v2\/comments?post=2178"}],"version-history":[{"count":1,"href":"https:\/\/itsmyruum.com\/en\/wp-json\/wp\/v2\/product\/2178\/revisions"}],"predecessor-version":[{"id":5719,"href":"https:\/\/itsmyruum.com\/en\/wp-json\/wp\/v2\/product\/2178\/revisions\/5719"}],"wp:featuredmedia":[{"embeddable":true,"href":"https:\/\/itsmyruum.com\/en\/wp-json\/wp\/v2\/media\/3295"}],"wp:attachment":[{"href":"https:\/\/itsmyruum.com\/en\/wp-json\/wp\/v2\/media?parent=2178"}],"wp:term":[{"taxonomy":"product_brand","embeddable":true,"href":"https:\/\/itsmyruum.com\/en\/wp-json\/wp\/v2\/product_brand?post=2178"},{"taxonomy":"product_cat","embeddable":true,"href":"https:\/\/itsmyruum.com\/en\/wp-json\/wp\/v2\/product_cat?post=2178"},{"taxonomy":"product_tag","embeddable":true,"href":"https:\/\/itsmyruum.com\/en\/wp-json\/wp\/v2\/product_tag?post=2178"}],"curies":[{"name":"wp","href":"https:\/\/api.w.org\/{rel}","templated":true}]}}