{"id":2209,"date":"2025-07-11T20:57:08","date_gmt":"2025-07-11T18:57:08","guid":{"rendered":"https:\/\/itsmyruum.com\/product\/nattskift\/"},"modified":"2025-11-24T21:08:34","modified_gmt":"2025-11-24T20:08:34","slug":"nattskift","status":"publish","type":"product","link":"https:\/\/itsmyruum.com\/en\/product\/nattskift\/","title":{"rendered":"Nattskift &#8211; S\u00e4ngram med f\u00f6rvaring"},"content":{"rendered":"<h2 class=\"\" data-start=\"142\" data-end=\"201\">Nattskift \u2013 formstark elegans f\u00f6r kv\u00e4llens stilla timmar<\/h2>\n<p class=\"\" data-start=\"203\" data-end=\"493\">Nattskift \u00e4r ett p\u00e5kostat, stabilt och elegant s\u00e4ngval f\u00f6r dig som s\u00f6ker en harmonisk balans mellan modern design och funktionell komfort. Den l\u00e5ga profilen tillsammans med mjuka, gener\u00f6sa linjer och extra breda sidor skapar ett vilsamt uttryck \u2013 perfekt f\u00f6r ett sovrum d\u00e4r lugnet f\u00e5r tala.<\/p>\n<p class=\"\" data-start=\"495\" data-end=\"843\">S\u00e4ngen \u00e4r kl\u00e4dd i ett mjukt och f\u00f6ljsamt tyg med matt yta som f\u00e5ngar ljuset p\u00e5 ett behagligt s\u00e4tt. Den gedigna s\u00e4ngramen \u00e4r stoppad med tjock, formbar skum f\u00f6r b\u00e5de komfort och karakt\u00e4r, vilket ger m\u00f6beln ett skulpturalt djup. De breda sidorna fungerar inte bara som designinslag \u2013 de \u00e4r perfekta att vila boken, telefonen eller ett glas vatten p\u00e5.<\/p>\n<p class=\"\" data-start=\"845\" data-end=\"1105\">Under s\u00e4ngen d\u00f6ljer sig ett gener\u00f6st f\u00f6rvaringsutrymme som n\u00e5s enkelt tack vare ett fj\u00e4drat lyftsystem. H\u00e4r finns plats f\u00f6r s\u00e4ngkl\u00e4der, textilier eller s\u00e5dant du vill h\u00e5lla utom synh\u00e5ll. Ett utm\u00e4rkt val f\u00f6r hem d\u00e4r b\u00e5de estetik och smart f\u00f6rvaring spelar roll.<\/p>\n<p class=\"\" data-start=\"1107\" data-end=\"1249\">Nattskift \u00e4r tillverkad i Europa av noggrant utvalda material och erbjuds i flera storlekar och tyger, s\u00e5 att du kan skapa din egen kv\u00e4llsoas.<\/p>\n<p class=\"\" data-start=\"1107\" data-end=\"1249\">T\u00e4nk p\u00e5 att madrass inte ing\u00e5r vid k\u00f6p av en s\u00e4ngram.<\/p>\n<p class=\"\" data-start=\"1107\" data-end=\"1249\"><img decoding=\"async\" src=\"https:\/\/cdn.shopify.com\/s\/files\/1\/0914\/4945\/9070\/files\/RUUM-NATTSKIFT-MATT.jpg?v=1743511798\" alt=\"\" \/><\/p>","protected":false},"excerpt":{"rendered":"<p>Nattskift \u2013 formstark elegans f\u00f6r kv\u00e4llens stilla timmar Nattskift \u00e4r ett p\u00e5kostat, stabilt och elegant s\u00e4ngval f\u00f6r dig som s\u00f6ker<\/p>","protected":false},"featured_media":3299,"comment_status":"open","ping_status":"closed","template":"","meta":{"_acf_changed":false},"product_brand":[],"product_cat":[72,73,74,75,87,90,86,88],"product_tag":[],"class_list":{"0":"post-2209","1":"product","2":"type-product","3":"status-publish","4":"has-post-thumbnail","6":"product_cat-120x200cm","7":"product_cat-140x200cm","8":"product_cat-160x200cm","9":"product_cat-180x200cm","10":"product_cat-alla-sangar","11":"product_cat-products","12":"product_cat-ramsangar","13":"product_cat-startsida","15":"first","16":"instock","17":"shipping-taxable","18":"purchasable","19":"product-type-variable"},"acf":[],"_links":{"self":[{"href":"https:\/\/itsmyruum.com\/en\/wp-json\/wp\/v2\/product\/2209","targetHints":{"allow":["GET"]}}],"collection":[{"href":"https:\/\/itsmyruum.com\/en\/wp-json\/wp\/v2\/product"}],"about":[{"href":"https:\/\/itsmyruum.com\/en\/wp-json\/wp\/v2\/types\/product"}],"replies":[{"embeddable":true,"href":"https:\/\/itsmyruum.com\/en\/wp-json\/wp\/v2\/comments?post=2209"}],"version-history":[{"count":1,"href":"https:\/\/itsmyruum.com\/en\/wp-json\/wp\/v2\/product\/2209\/revisions"}],"predecessor-version":[{"id":5752,"href":"https:\/\/itsmyruum.com\/en\/wp-json\/wp\/v2\/product\/2209\/revisions\/5752"}],"wp:featuredmedia":[{"embeddable":true,"href":"https:\/\/itsmyruum.com\/en\/wp-json\/wp\/v2\/media\/3299"}],"wp:attachment":[{"href":"https:\/\/itsmyruum.com\/en\/wp-json\/wp\/v2\/media?parent=2209"}],"wp:term":[{"taxonomy":"product_brand","embeddable":true,"href":"https:\/\/itsmyruum.com\/en\/wp-json\/wp\/v2\/product_brand?post=2209"},{"taxonomy":"product_cat","embeddable":true,"href":"https:\/\/itsmyruum.com\/en\/wp-json\/wp\/v2\/product_cat?post=2209"},{"taxonomy":"product_tag","embeddable":true,"href":"https:\/\/itsmyruum.com\/en\/wp-json\/wp\/v2\/product_tag?post=2209"}],"curies":[{"name":"wp","href":"https:\/\/api.w.org\/{rel}","templated":true}]}}