{"id":2238,"date":"2025-07-11T20:57:09","date_gmt":"2025-07-11T18:57:09","guid":{"rendered":"https:\/\/itsmyruum.com\/product\/nattstrimma\/"},"modified":"2025-11-24T21:36:17","modified_gmt":"2025-11-24T20:36:17","slug":"nattstrimma","status":"publish","type":"product","link":"https:\/\/itsmyruum.com\/en\/product\/nattstrimma\/","title":{"rendered":"Nattstrimma &#8211; S\u00e4ngram med f\u00f6rvaring"},"content":{"rendered":"<h3 class=\"\" data-start=\"140\" data-end=\"184\">Nattstrimma \u2013 d\u00e4r enkelhet m\u00f6ter elegans<\/h3>\n<p class=\"\" data-start=\"186\" data-end=\"465\"><strong data-start=\"186\" data-end=\"201\">Nattstrimma<\/strong> \u00e4r ett stilrent val f\u00f6r dig som s\u00f6ker en modern och tidl\u00f6s s\u00e4ng med h\u00f6g funktionalitet. Med sina raka linjer och vertikala s\u00f6mmar p\u00e5 b\u00e5de gavel och ram, skapar s\u00e4ngen ett harmoniskt intryck som passar lika bra i den avskalade som i den mer personliga inredningen.<\/p>\n<p class=\"\" data-start=\"467\" data-end=\"697\">Den h\u00f6ga gaveln erbjuder ett bekv\u00e4mt st\u00f6d n\u00e4r du vill l\u00e4sa, jobba fr\u00e5n s\u00e4ngen eller bara luta dig tillbaka. B\u00e5de konstruktion och tygval \u00e4r utvalda med omsorg, f\u00f6r att skapa en m\u00f6bel som h\u00e5ller \u00f6ver tid \u2013 b\u00e5de i kvalitet och stil.<\/p>\n<p class=\"\" data-start=\"699\" data-end=\"891\">Under s\u00e4ngen finns ett gener\u00f6st f\u00f6rvaringsutrymme, som l\u00e4tt n\u00e5s via ett smidigt lyftsystem. H\u00e4r kan du enkelt g\u00f6mma undan s\u00e4ngkl\u00e4der, filtar eller annat som annars l\u00e4tt tar plats i garderoben.<\/p>\n<p class=\"\" data-start=\"699\" data-end=\"891\">T\u00e4nk p\u00e5 att madrass inte ing\u00e5r vid k\u00f6p av en s\u00e4ngram.<\/p>\n<p class=\"\" data-start=\"699\" data-end=\"891\"><img decoding=\"async\" src=\"https:\/\/cdn.shopify.com\/s\/files\/1\/0914\/4945\/9070\/files\/RUUM-NATTSTRIMMA-MATT.jpg?v=1743547022\" alt=\"\" \/><\/p>","protected":false},"excerpt":{"rendered":"<p>Nattstrimma \u2013 d\u00e4r enkelhet m\u00f6ter elegans Nattstrimma \u00e4r ett stilrent val f\u00f6r dig som s\u00f6ker en modern och tidl\u00f6s s\u00e4ng<\/p>","protected":false},"featured_media":3243,"comment_status":"open","ping_status":"closed","template":"","meta":{"_acf_changed":false},"product_brand":[],"product_cat":[72,73,74,75,77,87,90,86,88],"product_tag":[],"class_list":{"0":"post-2238","1":"product","2":"type-product","3":"status-publish","4":"has-post-thumbnail","6":"product_cat-120x200cm","7":"product_cat-140x200cm","8":"product_cat-160x200cm","9":"product_cat-180x200cm","10":"product_cat-200x200cm","11":"product_cat-alla-sangar","12":"product_cat-products","13":"product_cat-ramsangar","14":"product_cat-startsida","16":"first","17":"instock","18":"shipping-taxable","19":"purchasable","20":"product-type-variable"},"acf":[],"_links":{"self":[{"href":"https:\/\/itsmyruum.com\/en\/wp-json\/wp\/v2\/product\/2238","targetHints":{"allow":["GET"]}}],"collection":[{"href":"https:\/\/itsmyruum.com\/en\/wp-json\/wp\/v2\/product"}],"about":[{"href":"https:\/\/itsmyruum.com\/en\/wp-json\/wp\/v2\/types\/product"}],"replies":[{"embeddable":true,"href":"https:\/\/itsmyruum.com\/en\/wp-json\/wp\/v2\/comments?post=2238"}],"version-history":[{"count":1,"href":"https:\/\/itsmyruum.com\/en\/wp-json\/wp\/v2\/product\/2238\/revisions"}],"predecessor-version":[{"id":5769,"href":"https:\/\/itsmyruum.com\/en\/wp-json\/wp\/v2\/product\/2238\/revisions\/5769"}],"wp:featuredmedia":[{"embeddable":true,"href":"https:\/\/itsmyruum.com\/en\/wp-json\/wp\/v2\/media\/3243"}],"wp:attachment":[{"href":"https:\/\/itsmyruum.com\/en\/wp-json\/wp\/v2\/media?parent=2238"}],"wp:term":[{"taxonomy":"product_brand","embeddable":true,"href":"https:\/\/itsmyruum.com\/en\/wp-json\/wp\/v2\/product_brand?post=2238"},{"taxonomy":"product_cat","embeddable":true,"href":"https:\/\/itsmyruum.com\/en\/wp-json\/wp\/v2\/product_cat?post=2238"},{"taxonomy":"product_tag","embeddable":true,"href":"https:\/\/itsmyruum.com\/en\/wp-json\/wp\/v2\/product_tag?post=2238"}],"curies":[{"name":"wp","href":"https:\/\/api.w.org\/{rel}","templated":true}]}}