{"id":2280,"date":"2025-07-11T20:57:18","date_gmt":"2025-07-11T18:57:18","guid":{"rendered":"https:\/\/itsmyruum.com\/product\/nattugglan\/"},"modified":"2025-09-05T20:54:12","modified_gmt":"2025-09-05T18:54:12","slug":"nattugglan","status":"publish","type":"product","link":"https:\/\/itsmyruum.com\/en\/product\/nattugglan\/","title":{"rendered":"Nattugglan &#8211; Kontinentals\u00e4ng med f\u00f6rvaring"},"content":{"rendered":"<h3 class=\"\" data-start=\"102\" data-end=\"166\"><strong data-start=\"106\" data-end=\"166\">Nattugglan \u2013 Stabil elegans med lyft och smart f\u00f6rvaring<\/strong><\/h3>\n<p class=\"\" data-start=\"168\" data-end=\"474\">Nattugglan \u00e4r en kontinentals\u00e4ng som kombinerar sofistikerad design med smart funktion \u2013 perfekt f\u00f6r dig som vill sova gott och samtidigt h\u00e5lla ordning i sovrummet. Med sina\u00a0<strong data-start=\"342\" data-end=\"360\">10 cm h\u00f6ga ben<\/strong>\u00a0f\u00e5r s\u00e4ngen ett l\u00e4tt och luftigt uttryck, samtidigt som den lyfts fr\u00e5n golvet och g\u00f6r det enklare att st\u00e4da under.<\/p>\n<p class=\"\" data-start=\"476\" data-end=\"712\">Under s\u00e4ngen hittar du\u00a0<strong data-start=\"499\" data-end=\"528\">tv\u00e5 stora f\u00f6rvaringsl\u00e5dor<\/strong>, perfekta f\u00f6r att f\u00f6rvara t\u00e4cken, kuddar eller andra textilier. L\u00e5dorna \u00f6ppnas enkelt tack vare ett\u00a0<strong data-start=\"629\" data-end=\"660\">fj\u00e4derassisterat lyftsystem<\/strong>, vilket g\u00f6r s\u00e4ngen lika praktisk som den \u00e4r vacker.<\/p>\n<p class=\"\" data-start=\"714\" data-end=\"905\">Den 20 cm tjocka huvudmadrassen med\u00a0<strong data-start=\"750\" data-end=\"768\">bonellfj\u00e4dring<\/strong>\u00a0erbjuder stabilt och j\u00e4mnt st\u00f6d under hela natten. Toppmadrassen p\u00e5 cirka 4 cm ing\u00e5r och tillf\u00f6r extra mjukhet f\u00f6r en riktigt sk\u00f6n s\u00f6mn.<\/p>\n<p class=\"\" data-start=\"907\" data-end=\"1135\">S\u00e4ngens h\u00f6ga, rundade och stoppade gavel skapar en trygg och inbjudande k\u00e4nsla. Med sin tidl\u00f6sa design passar Nattugglan i b\u00e5de moderna och klassiska sovrum \u2013 och den kan anpassas i det tyg och den f\u00e4rg som passar just din stil.<\/p>\n<p class=\"\" data-start=\"937\" data-end=\"1118\"><img decoding=\"async\" src=\"https:\/\/cdn.shopify.com\/s\/files\/1\/0914\/4945\/9070\/files\/RUUM-NATTUGGLAN-MATT.jpg?v=1743159984\" alt=\"\" \/><\/p>","protected":false},"excerpt":{"rendered":"<p>Nattugglan \u2013 Stabil elegans med lyft och smart f\u00f6rvaring Nattugglan \u00e4r en kontinentals\u00e4ng som kombinerar sofistikerad design med smart funktion<\/p>","protected":false},"featured_media":3254,"comment_status":"open","ping_status":"closed","template":"","meta":{"_acf_changed":false},"product_brand":[],"product_cat":[72,73,74,75,87,84,90,88],"product_tag":[],"class_list":{"0":"post-2280","1":"product","2":"type-product","3":"status-publish","4":"has-post-thumbnail","6":"product_cat-120x200cm","7":"product_cat-140x200cm","8":"product_cat-160x200cm","9":"product_cat-180x200cm","10":"product_cat-alla-sangar","11":"product_cat-kontinentalsangar","12":"product_cat-products","13":"product_cat-startsida","15":"first","16":"instock","17":"shipping-taxable","18":"purchasable","19":"product-type-variable","20":"has-default-attributes"},"acf":[],"_links":{"self":[{"href":"https:\/\/itsmyruum.com\/en\/wp-json\/wp\/v2\/product\/2280","targetHints":{"allow":["GET"]}}],"collection":[{"href":"https:\/\/itsmyruum.com\/en\/wp-json\/wp\/v2\/product"}],"about":[{"href":"https:\/\/itsmyruum.com\/en\/wp-json\/wp\/v2\/types\/product"}],"replies":[{"embeddable":true,"href":"https:\/\/itsmyruum.com\/en\/wp-json\/wp\/v2\/comments?post=2280"}],"version-history":[{"count":1,"href":"https:\/\/itsmyruum.com\/en\/wp-json\/wp\/v2\/product\/2280\/revisions"}],"predecessor-version":[{"id":4826,"href":"https:\/\/itsmyruum.com\/en\/wp-json\/wp\/v2\/product\/2280\/revisions\/4826"}],"wp:featuredmedia":[{"embeddable":true,"href":"https:\/\/itsmyruum.com\/en\/wp-json\/wp\/v2\/media\/3254"}],"wp:attachment":[{"href":"https:\/\/itsmyruum.com\/en\/wp-json\/wp\/v2\/media?parent=2280"}],"wp:term":[{"taxonomy":"product_brand","embeddable":true,"href":"https:\/\/itsmyruum.com\/en\/wp-json\/wp\/v2\/product_brand?post=2280"},{"taxonomy":"product_cat","embeddable":true,"href":"https:\/\/itsmyruum.com\/en\/wp-json\/wp\/v2\/product_cat?post=2280"},{"taxonomy":"product_tag","embeddable":true,"href":"https:\/\/itsmyruum.com\/en\/wp-json\/wp\/v2\/product_tag?post=2280"}],"curies":[{"name":"wp","href":"https:\/\/api.w.org\/{rel}","templated":true}]}}