{"id":2305,"date":"2025-07-11T20:57:19","date_gmt":"2025-07-11T18:57:19","guid":{"rendered":"https:\/\/itsmyruum.com\/product\/norrsken\/"},"modified":"2025-09-05T20:53:31","modified_gmt":"2025-09-05T18:53:31","slug":"norrsken","status":"publish","type":"product","link":"https:\/\/itsmyruum.com\/en\/product\/norrsken\/","title":{"rendered":"Norrsken &#8211; Kontinentals\u00e4ng med f\u00f6rvaring"},"content":{"rendered":"<h3 class=\"\" data-start=\"75\" data-end=\"116\"><strong data-start=\"79\" data-end=\"116\">Norrsken \u2013 En mjuk punkt i natten<\/strong><\/h3>\n<p class=\"\" data-start=\"118\" data-end=\"362\"><strong data-start=\"118\" data-end=\"130\">Norrsken<\/strong>\u00a0\u00e4r en kontinentals\u00e4ng som kombinerar ren design med total komfort. Med sin sl\u00e4ta, mjukt vadderade s\u00e4nggavel \u2013 helt utan s\u00f6mmar \u2013 bjuder den in till l\u00e5nga kv\u00e4llar med bok eller film, bekv\u00e4mt tillbakalutad i en avslappnad position.<\/p>\n<p class=\"\" data-start=\"364\" data-end=\"516\">S\u00e4ngen \u00e4r tillg\u00e4nglig i fyra storlekar:\u00a0<strong data-start=\"404\" data-end=\"433\">120&#215;200, 140&#215;200, 160&#215;200<\/strong>\u00a0och\u00a0<strong data-start=\"438\" data-end=\"452\">180&#215;200 cm<\/strong>, vilket g\u00f6r den till ett flexibelt val oavsett rum eller behov.<\/p>\n<p class=\"\" data-start=\"518\" data-end=\"719\">Under ytan d\u00f6ljer sig en konstruktion i flera lager: en 20 cm tjock\u00a0<strong data-start=\"586\" data-end=\"602\">huvudmadrass<\/strong>\u00a0med bonellfj\u00e4drar ger ett stabilt st\u00f6d, medan en\u00a0<strong data-start=\"652\" data-end=\"684\">cirka 4 cm tjock toppmadrass<\/strong>\u00a0erbjuder mjukhet och f\u00f6ljsamhet.<\/p>\n<p class=\"\" data-start=\"721\" data-end=\"1020\">Vill du ha b\u00e5de komfort och ordning i sovrummet?\u00a0<strong data-start=\"770\" data-end=\"812\">Norrsken har tv\u00e5 stora f\u00f6rvaringsl\u00e5dor<\/strong>\u00a0under liggytan \u2013 perfekta f\u00f6r att f\u00f6rvara s\u00e4ngkl\u00e4der, extra t\u00e4cken eller andra textilier. L\u00e5dorna \u00f6ppnas enkelt tack vare ett\u00a0<strong data-start=\"939\" data-end=\"970\">fj\u00e4derassisterat lyftsystem<\/strong>, s\u00e5 du slipper k\u00e4mpa med tunga lock eller luckor.<\/p>\n<p class=\"\" data-start=\"979\" data-end=\"1218\"><img decoding=\"async\" src=\"https:\/\/cdn.shopify.com\/s\/files\/1\/0914\/4945\/9070\/files\/RUUM-NORRSKEN-MATT.jpg?v=1743285710\" alt=\"\" \/><\/p>","protected":false},"excerpt":{"rendered":"<p>Norrsken \u2013 En mjuk punkt i natten Norrsken\u00a0\u00e4r en kontinentals\u00e4ng som kombinerar ren design med total komfort. Med sin sl\u00e4ta,<\/p>","protected":false},"featured_media":3233,"comment_status":"open","ping_status":"closed","template":"","meta":{"_acf_changed":false},"product_brand":[],"product_cat":[72,73,74,75,87,84,90,88],"product_tag":[],"class_list":{"0":"post-2305","1":"product","2":"type-product","3":"status-publish","4":"has-post-thumbnail","6":"product_cat-120x200cm","7":"product_cat-140x200cm","8":"product_cat-160x200cm","9":"product_cat-180x200cm","10":"product_cat-alla-sangar","11":"product_cat-kontinentalsangar","12":"product_cat-products","13":"product_cat-startsida","15":"first","16":"instock","17":"shipping-taxable","18":"purchasable","19":"product-type-variable"},"acf":[],"_links":{"self":[{"href":"https:\/\/itsmyruum.com\/en\/wp-json\/wp\/v2\/product\/2305","targetHints":{"allow":["GET"]}}],"collection":[{"href":"https:\/\/itsmyruum.com\/en\/wp-json\/wp\/v2\/product"}],"about":[{"href":"https:\/\/itsmyruum.com\/en\/wp-json\/wp\/v2\/types\/product"}],"replies":[{"embeddable":true,"href":"https:\/\/itsmyruum.com\/en\/wp-json\/wp\/v2\/comments?post=2305"}],"version-history":[{"count":1,"href":"https:\/\/itsmyruum.com\/en\/wp-json\/wp\/v2\/product\/2305\/revisions"}],"predecessor-version":[{"id":4825,"href":"https:\/\/itsmyruum.com\/en\/wp-json\/wp\/v2\/product\/2305\/revisions\/4825"}],"wp:featuredmedia":[{"embeddable":true,"href":"https:\/\/itsmyruum.com\/en\/wp-json\/wp\/v2\/media\/3233"}],"wp:attachment":[{"href":"https:\/\/itsmyruum.com\/en\/wp-json\/wp\/v2\/media?parent=2305"}],"wp:term":[{"taxonomy":"product_brand","embeddable":true,"href":"https:\/\/itsmyruum.com\/en\/wp-json\/wp\/v2\/product_brand?post=2305"},{"taxonomy":"product_cat","embeddable":true,"href":"https:\/\/itsmyruum.com\/en\/wp-json\/wp\/v2\/product_cat?post=2305"},{"taxonomy":"product_tag","embeddable":true,"href":"https:\/\/itsmyruum.com\/en\/wp-json\/wp\/v2\/product_tag?post=2305"}],"curies":[{"name":"wp","href":"https:\/\/api.w.org\/{rel}","templated":true}]}}