{"id":2357,"date":"2025-07-11T20:57:21","date_gmt":"2025-07-11T18:57:21","guid":{"rendered":"https:\/\/itsmyruum.com\/product\/skogsro\/"},"modified":"2025-11-24T23:55:12","modified_gmt":"2025-11-24T22:55:12","slug":"skogsro","status":"publish","type":"product","link":"https:\/\/itsmyruum.com\/en\/product\/skogsro\/","title":{"rendered":"Skogsro &#8211; S\u00e4ngram med f\u00f6rvaring"},"content":{"rendered":"<h2 class=\"\" data-start=\"105\" data-end=\"156\">Skogsro \u2013 d\u00e4r vila m\u00f6ter naturinspirerad elegans<\/h2>\n<p class=\"\" data-start=\"158\" data-end=\"409\">Skogsro \u00e4r ett stilrent och kraftfullt designat s\u00e4ngalternativ f\u00f6r dig som s\u00f6ker b\u00e5de funktion och form. Med sina tydliga vertikala s\u00f6mmar och dekorativa kantband f\u00e5r s\u00e4ngen en stilren struktur som samtidigt utstr\u00e5lar lugn \u2013 precis som namnet antyder.<\/p>\n<p class=\"\" data-start=\"411\" data-end=\"750\">Den kraftiga ramen, kl\u00e4dd i det mjuka tyget\u00a0<strong data-start=\"455\" data-end=\"466\">Whisper<\/strong>, ger ett gediget intryck samtidigt som den skapar en inbjudande plats f\u00f6r vila. Gavlens h\u00f6jd g\u00f6r den bekv\u00e4m att luta sig mot n\u00e4r du vill l\u00e4sa eller bara koppla av i s\u00e4ngen. De breda s\u00e4ngsidorna skapar dessutom en praktisk yta d\u00e4r du enkelt kan l\u00e4gga ifr\u00e5n dig en bok eller din mobil.<\/p>\n<p class=\"\" data-start=\"752\" data-end=\"1005\">Skogsro \u00e4r inte bara vacker \u2013 den \u00e4r ocks\u00e5 smart. Under liggytan d\u00f6ljer sig tv\u00e5 stora f\u00f6rvaringsl\u00e5dor som ger dig utrymme att h\u00e5lla ordning p\u00e5 s\u00e4ngkl\u00e4der, t\u00e4cken eller vad du \u00e4n vill g\u00f6mma undan. Perfekt f\u00f6r dig som uppskattar b\u00e5de estetik och funktion.<\/p>\n<p class=\"\" data-start=\"752\" data-end=\"1005\">T\u00e4nk p\u00e5 att madrass inte ing\u00e5r vid k\u00f6p av en s\u00e4ngram.<\/p>\n<p class=\"\" data-start=\"752\" data-end=\"1005\"><img decoding=\"async\" src=\"https:\/\/cdn.shopify.com\/s\/files\/1\/0914\/4945\/9070\/files\/RUUM-SKOGSRO-MATT.jpg?v=1743515258\" alt=\"\" \/><\/p>","protected":false},"excerpt":{"rendered":"<p>Skogsro \u2013 d\u00e4r vila m\u00f6ter naturinspirerad elegans Skogsro \u00e4r ett stilrent och kraftfullt designat s\u00e4ngalternativ f\u00f6r dig som s\u00f6ker b\u00e5de<\/p>","protected":false},"featured_media":3227,"comment_status":"open","ping_status":"closed","template":"","meta":{"_acf_changed":false},"product_brand":[],"product_cat":[72,73,74,75,87,90,86,88],"product_tag":[],"class_list":{"0":"post-2357","1":"product","2":"type-product","3":"status-publish","4":"has-post-thumbnail","6":"product_cat-120x200cm","7":"product_cat-140x200cm","8":"product_cat-160x200cm","9":"product_cat-180x200cm","10":"product_cat-alla-sangar","11":"product_cat-products","12":"product_cat-ramsangar","13":"product_cat-startsida","15":"first","16":"instock","17":"shipping-taxable","18":"purchasable","19":"product-type-variable"},"acf":[],"_links":{"self":[{"href":"https:\/\/itsmyruum.com\/en\/wp-json\/wp\/v2\/product\/2357","targetHints":{"allow":["GET"]}}],"collection":[{"href":"https:\/\/itsmyruum.com\/en\/wp-json\/wp\/v2\/product"}],"about":[{"href":"https:\/\/itsmyruum.com\/en\/wp-json\/wp\/v2\/types\/product"}],"replies":[{"embeddable":true,"href":"https:\/\/itsmyruum.com\/en\/wp-json\/wp\/v2\/comments?post=2357"}],"version-history":[{"count":2,"href":"https:\/\/itsmyruum.com\/en\/wp-json\/wp\/v2\/product\/2357\/revisions"}],"predecessor-version":[{"id":4945,"href":"https:\/\/itsmyruum.com\/en\/wp-json\/wp\/v2\/product\/2357\/revisions\/4945"}],"wp:featuredmedia":[{"embeddable":true,"href":"https:\/\/itsmyruum.com\/en\/wp-json\/wp\/v2\/media\/3227"}],"wp:attachment":[{"href":"https:\/\/itsmyruum.com\/en\/wp-json\/wp\/v2\/media?parent=2357"}],"wp:term":[{"taxonomy":"product_brand","embeddable":true,"href":"https:\/\/itsmyruum.com\/en\/wp-json\/wp\/v2\/product_brand?post=2357"},{"taxonomy":"product_cat","embeddable":true,"href":"https:\/\/itsmyruum.com\/en\/wp-json\/wp\/v2\/product_cat?post=2357"},{"taxonomy":"product_tag","embeddable":true,"href":"https:\/\/itsmyruum.com\/en\/wp-json\/wp\/v2\/product_tag?post=2357"}],"curies":[{"name":"wp","href":"https:\/\/api.w.org\/{rel}","templated":true}]}}