{"id":2394,"date":"2025-07-11T20:57:23","date_gmt":"2025-07-11T18:57:23","guid":{"rendered":"https:\/\/itsmyruum.com\/product\/skuggan\/"},"modified":"2025-09-06T16:32:16","modified_gmt":"2025-09-06T14:32:16","slug":"skuggan","status":"publish","type":"product","link":"https:\/\/itsmyruum.com\/en\/product\/skuggan\/","title":{"rendered":"Skuggan &#8211; Kontinentals\u00e4ng med f\u00f6rvaring"},"content":{"rendered":"<h3 class=\"\" data-start=\"127\" data-end=\"188\">Skuggan \u2013 elegans, funktion och komfort i perfekt harmoni<\/h3>\n<p class=\"\" data-start=\"190\" data-end=\"403\">Kontinentals\u00e4ngen\u00a0<strong data-start=\"208\" data-end=\"219\">Skuggan<\/strong>\u00a0\u00e4r en kombination av modern design, h\u00f6g sovkomfort och smart f\u00f6rvaring. Den finns i tre storlekar \u2013\u00a0<strong data-start=\"320\" data-end=\"352\">140\u00d7200, 160\u00d7200 och 180\u00d7200<\/strong>\u00a0\u2013 och passar d\u00e4rf\u00f6r b\u00e5de mindre och st\u00f6rre sovrum.<\/p>\n<p class=\"\" data-start=\"405\" data-end=\"594\">S\u00e4ngen \u00e4r utrustad med tv\u00e5 rymliga f\u00f6rvaringsl\u00e5dor under madrassen, som enkelt \u00f6ppnas med hj\u00e4lp av fj\u00e4dermekanism. Perfekt f\u00f6r dig som vill h\u00e5lla ordning och samtidigt spara plats i hemmet.<\/p>\n<p class=\"\" data-start=\"596\" data-end=\"821\">K\u00e4rnan i s\u00e4ngen best\u00e5r av en\u00a0<strong data-start=\"625\" data-end=\"657\">20 cm h\u00f6g bonellres\u00e5rmadrass<\/strong>\u00a0med ett lager skum f\u00f6r \u00f6kad komfort och kroppsanpassning. F\u00f6r \u00e4nnu b\u00e4ttre sovupplevelse ing\u00e5r en\u00a0<strong data-start=\"755\" data-end=\"779\">topper p\u00e5 cirka 4 cm<\/strong>\u00a0som ger en mjukare k\u00e4nsla och extra st\u00f6d.<\/p>\n<p class=\"\" data-start=\"823\" data-end=\"1043\">S\u00e4nggaveln har stilrena horisontella s\u00f6mmar som ger\u00a0<strong data-start=\"875\" data-end=\"886\">Skuggan<\/strong>\u00a0ett elegant och modernt uttryck. Detaljerna \u00e4r noggrant genomt\u00e4nkta, och den robusta konstruktionen s\u00e4kerst\u00e4ller h\u00e5llbarhet och komfort i m\u00e5nga \u00e5r fram\u00f6ver.<\/p>\n<p class=\"\" data-start=\"823\" data-end=\"1043\"><img decoding=\"async\" src=\"https:\/\/cdn.shopify.com\/s\/files\/1\/0914\/4945\/9070\/files\/RUUM-SKUGGAN-MATT.png?v=1743414564\" alt=\"\" \/><\/p>","protected":false},"excerpt":{"rendered":"<p>Skuggan \u2013 elegans, funktion och komfort i perfekt harmoni Kontinentals\u00e4ngen\u00a0Skuggan\u00a0\u00e4r en kombination av modern design, h\u00f6g sovkomfort och smart f\u00f6rvaring.<\/p>","protected":false},"featured_media":2932,"comment_status":"open","ping_status":"closed","template":"","meta":{"_acf_changed":false},"product_brand":[],"product_cat":[73,74,75,87,84,90,88],"product_tag":[],"class_list":{"0":"post-2394","1":"product","2":"type-product","3":"status-publish","4":"has-post-thumbnail","6":"product_cat-140x200cm","7":"product_cat-160x200cm","8":"product_cat-180x200cm","9":"product_cat-alla-sangar","10":"product_cat-kontinentalsangar","11":"product_cat-products","12":"product_cat-startsida","14":"first","15":"instock","16":"shipping-taxable","17":"purchasable","18":"product-type-variable"},"acf":[],"_links":{"self":[{"href":"https:\/\/itsmyruum.com\/en\/wp-json\/wp\/v2\/product\/2394","targetHints":{"allow":["GET"]}}],"collection":[{"href":"https:\/\/itsmyruum.com\/en\/wp-json\/wp\/v2\/product"}],"about":[{"href":"https:\/\/itsmyruum.com\/en\/wp-json\/wp\/v2\/types\/product"}],"replies":[{"embeddable":true,"href":"https:\/\/itsmyruum.com\/en\/wp-json\/wp\/v2\/comments?post=2394"}],"version-history":[{"count":1,"href":"https:\/\/itsmyruum.com\/en\/wp-json\/wp\/v2\/product\/2394\/revisions"}],"predecessor-version":[{"id":4823,"href":"https:\/\/itsmyruum.com\/en\/wp-json\/wp\/v2\/product\/2394\/revisions\/4823"}],"wp:featuredmedia":[{"embeddable":true,"href":"https:\/\/itsmyruum.com\/en\/wp-json\/wp\/v2\/media\/2932"}],"wp:attachment":[{"href":"https:\/\/itsmyruum.com\/en\/wp-json\/wp\/v2\/media?parent=2394"}],"wp:term":[{"taxonomy":"product_brand","embeddable":true,"href":"https:\/\/itsmyruum.com\/en\/wp-json\/wp\/v2\/product_brand?post=2394"},{"taxonomy":"product_cat","embeddable":true,"href":"https:\/\/itsmyruum.com\/en\/wp-json\/wp\/v2\/product_cat?post=2394"},{"taxonomy":"product_tag","embeddable":true,"href":"https:\/\/itsmyruum.com\/en\/wp-json\/wp\/v2\/product_tag?post=2394"}],"curies":[{"name":"wp","href":"https:\/\/api.w.org\/{rel}","templated":true}]}}