{"id":2416,"date":"2025-07-11T20:57:31","date_gmt":"2025-07-11T18:57:31","guid":{"rendered":"https:\/\/itsmyruum.com\/product\/skymningen\/"},"modified":"2025-09-06T16:16:59","modified_gmt":"2025-09-06T14:16:59","slug":"skymningen","status":"publish","type":"product","link":"https:\/\/itsmyruum.com\/en\/product\/skymningen\/","title":{"rendered":"Skymningen &#8211; Kontinentals\u00e4ng med f\u00f6rvaring"},"content":{"rendered":"<p class=\"\" data-start=\"85\" data-end=\"139\"><strong data-start=\"85\" data-end=\"139\">Skymningen \u2013 Elegans och Komfort i Perfekt Harmoni<\/strong><\/p>\n<p class=\"\" data-start=\"141\" data-end=\"399\">Skymningen \u00e4r en s\u00e4ng som f\u00f6rmedlar lugn och harmoni genom sitt stilrena design och den rundade s\u00e4nggaveln som ger en mjuk och inbjudande k\u00e4nsla. Med sin eleganta och moderna form \u00e4r Skymningen den perfekta s\u00e4ngen f\u00f6r den som s\u00f6ker b\u00e5de estetik och komfort.<\/p>\n<p class=\"\" data-start=\"401\" data-end=\"726\">S\u00e4ngen \u00e4r utformad f\u00f6r att ge en optimal s\u00f6mnupplevelse, med en konstruktion som st\u00f6djer din kropp p\u00e5 b\u00e4sta s\u00e4tt. Den rundade gaveln ger ett mjukt och omfamnande intryck som skapar en avkopplande atmosf\u00e4r i ditt sovrum. S\u00e4ngen passar b\u00e5de in i klassiska och moderna milj\u00f6er, och blir en vacker m\u00f6bel som f\u00f6rh\u00f6jer hela rummet.<\/p>\n<p class=\"\" data-start=\"728\" data-end=\"1030\">Skymningen \u00e4r utrustad med en h\u00f6gkvalitativ madrasskombination som ger utm\u00e4rkt st\u00f6d. Huvudmadrassen best\u00e5r av en bonellfj\u00e4dersystem som ger b\u00e5de fasthet och flexibilitet f\u00f6r en bekv\u00e4m natts\u00f6mn. Topper-madrassen, som ing\u00e5r i paketet, tillf\u00f6r extra komfort och g\u00f6r s\u00e4ngen \u00e4nnu mjukare och mer inbjudande.<\/p>\n<p class=\"\" data-start=\"1032\" data-end=\"1171\">Med Skymningen f\u00e5r du inte bara en s\u00e4ng, utan en plats f\u00f6r lugn och \u00e5terh\u00e4mtning. Njut av god s\u00f6mn och vakna upp till en ny dag med energi.<\/p>\n<h3 class=\"\" data-end=\"137\" data-start=\"75\"><img decoding=\"async\" src=\"https:\/\/cdn.shopify.com\/s\/files\/1\/0914\/4945\/9070\/files\/RUUM-SKYMNINGEN-MATT.jpg?v=1743111690\" alt=\"\" \/><\/h3>","protected":false},"excerpt":{"rendered":"<p>Skymningen \u2013 Elegans och Komfort i Perfekt Harmoni Skymningen \u00e4r en s\u00e4ng som f\u00f6rmedlar lugn och harmoni genom sitt stilrena<\/p>","protected":false},"featured_media":2898,"comment_status":"open","ping_status":"closed","template":"","meta":{"_acf_changed":false},"product_brand":[],"product_cat":[72,73,74,75,87,84,90,88],"product_tag":[],"class_list":{"0":"post-2416","1":"product","2":"type-product","3":"status-publish","4":"has-post-thumbnail","6":"product_cat-120x200cm","7":"product_cat-140x200cm","8":"product_cat-160x200cm","9":"product_cat-180x200cm","10":"product_cat-alla-sangar","11":"product_cat-kontinentalsangar","12":"product_cat-products","13":"product_cat-startsida","15":"first","16":"instock","17":"shipping-taxable","18":"purchasable","19":"product-type-variable"},"acf":[],"_links":{"self":[{"href":"https:\/\/itsmyruum.com\/en\/wp-json\/wp\/v2\/product\/2416","targetHints":{"allow":["GET"]}}],"collection":[{"href":"https:\/\/itsmyruum.com\/en\/wp-json\/wp\/v2\/product"}],"about":[{"href":"https:\/\/itsmyruum.com\/en\/wp-json\/wp\/v2\/types\/product"}],"replies":[{"embeddable":true,"href":"https:\/\/itsmyruum.com\/en\/wp-json\/wp\/v2\/comments?post=2416"}],"version-history":[{"count":1,"href":"https:\/\/itsmyruum.com\/en\/wp-json\/wp\/v2\/product\/2416\/revisions"}],"predecessor-version":[{"id":4822,"href":"https:\/\/itsmyruum.com\/en\/wp-json\/wp\/v2\/product\/2416\/revisions\/4822"}],"wp:featuredmedia":[{"embeddable":true,"href":"https:\/\/itsmyruum.com\/en\/wp-json\/wp\/v2\/media\/2898"}],"wp:attachment":[{"href":"https:\/\/itsmyruum.com\/en\/wp-json\/wp\/v2\/media?parent=2416"}],"wp:term":[{"taxonomy":"product_brand","embeddable":true,"href":"https:\/\/itsmyruum.com\/en\/wp-json\/wp\/v2\/product_brand?post=2416"},{"taxonomy":"product_cat","embeddable":true,"href":"https:\/\/itsmyruum.com\/en\/wp-json\/wp\/v2\/product_cat?post=2416"},{"taxonomy":"product_tag","embeddable":true,"href":"https:\/\/itsmyruum.com\/en\/wp-json\/wp\/v2\/product_tag?post=2416"}],"curies":[{"name":"wp","href":"https:\/\/api.w.org\/{rel}","templated":true}]}}