{"id":2445,"date":"2025-03-28T00:50:52","date_gmt":"2025-03-27T22:50:52","guid":{"rendered":"https:\/\/itsmyruum.com\/product\/slumra\/"},"modified":"2025-08-26T22:44:15","modified_gmt":"2025-08-26T20:44:15","slug":"slumra","status":"publish","type":"product","link":"https:\/\/itsmyruum.com\/en\/product\/slumra\/","title":{"rendered":"Slumra &#8211; Kontinentals\u00e4ng med f\u00f6rvaring &#8211; B\u00e4ddmadrass, Gavel &#038; Ben ing\u00e5r"},"content":{"rendered":"<p class=\"\" data-start=\"181\" data-end=\"231\"><strong data-start=\"181\" data-end=\"231\">Skapa en unik sovmilj\u00f6 med s\u00e4ngmodellen Slumra<\/strong><\/p>\n<p class=\"\" data-start=\"233\" data-end=\"505\">Slumra \u00e4r den perfekta kontinentals\u00e4ngen f\u00f6r dig som v\u00e4rdes\u00e4tter modern design och o\u00f6vertr\u00e4ffad komfort. Denna kontinentala s\u00e4ng med f\u00f6rvaring \u00e4r utrustad med tv\u00e5 rymliga f\u00f6rvaringsl\u00e5dor f\u00f6r s\u00e4ngkl\u00e4der, vilket ger extra utrymme f\u00f6r f\u00f6rvaring och h\u00e5ller ditt sovrum ordnat.<\/p>\n<p class=\"\" data-start=\"507\" data-end=\"741\">Huvudmadrassen \u00e4r 20 cm tjock och best\u00e5r av ett Bonell-fj\u00e4dersystem som ger optimalt st\u00f6d och komfort under natten. S\u00e4ngen levereras \u00e4ven med en toppmadrass p\u00e5 4 cm, vilket g\u00f6r s\u00e4ngen \u00e4nnu mjukare och ger en \u00e4nnu b\u00e4ttre sovupplevelse.<\/p>\n<p class=\"\" data-start=\"743\" data-end=\"1091\">Slumra har en stilren och modern design, med en rundad s\u00e4nggavel som ger s\u00e4ngen ett mjukt och inbjudande uttryck. Den extra panelen vid fot\u00e4ndan ger s\u00e4ngen en subtil puffighet som tillf\u00f6r elegans och mysighet till ditt sovrum. Den kontinentala s\u00e4ngen 180&#215;200 cm passar perfekt i alla sovrum och kombinerar funktionalitet med en sofistikerad design.<\/p>\n<p class=\"\" data-start=\"1093\" data-end=\"1324\">S\u00e4ngen \u00e4r utrustad med ett praktiskt automatiskt lyftsystem som g\u00f6r det enkelt att \u00f6ppna de stora f\u00f6rvaringsl\u00e5dorna och f\u00f6rvara s\u00e4ngkl\u00e4der och andra saker. Perfekt f\u00f6r de som beh\u00f6ver extra f\u00f6rvaring i hemmet och vill h\u00e5lla ordning.<\/p>\n<p class=\"\" data-start=\"1093\" data-end=\"1324\"><img decoding=\"async\" src=\"https:\/\/cdn.shopify.com\/s\/files\/1\/0914\/4945\/9070\/files\/RUUM-SLUMRA-MATT.jpg?v=1743115916\" alt=\"\" \/><\/p>","protected":false},"excerpt":{"rendered":"<p>Skapa en unik sovmilj\u00f6 med s\u00e4ngmodellen Slumra Slumra \u00e4r den perfekta kontinentals\u00e4ngen f\u00f6r dig som v\u00e4rdes\u00e4tter modern design och o\u00f6vertr\u00e4ffad<\/p>","protected":false},"featured_media":2838,"comment_status":"open","ping_status":"closed","template":"","meta":{"_acf_changed":false},"product_brand":[],"product_cat":[72,73,74,75,87,84,90,88],"product_tag":[],"class_list":{"0":"post-2445","1":"product","2":"type-product","3":"status-publish","4":"has-post-thumbnail","6":"product_cat-120x200cm","7":"product_cat-140x200cm","8":"product_cat-160x200cm","9":"product_cat-180x200cm","10":"product_cat-alla-sangar","11":"product_cat-kontinentalsangar","12":"product_cat-products","13":"product_cat-startsida","15":"first","16":"instock","17":"shipping-taxable","18":"purchasable","19":"product-type-variable"},"acf":[],"_links":{"self":[{"href":"https:\/\/itsmyruum.com\/en\/wp-json\/wp\/v2\/product\/2445","targetHints":{"allow":["GET"]}}],"collection":[{"href":"https:\/\/itsmyruum.com\/en\/wp-json\/wp\/v2\/product"}],"about":[{"href":"https:\/\/itsmyruum.com\/en\/wp-json\/wp\/v2\/types\/product"}],"replies":[{"embeddable":true,"href":"https:\/\/itsmyruum.com\/en\/wp-json\/wp\/v2\/comments?post=2445"}],"version-history":[{"count":0,"href":"https:\/\/itsmyruum.com\/en\/wp-json\/wp\/v2\/product\/2445\/revisions"}],"wp:featuredmedia":[{"embeddable":true,"href":"https:\/\/itsmyruum.com\/en\/wp-json\/wp\/v2\/media\/2838"}],"wp:attachment":[{"href":"https:\/\/itsmyruum.com\/en\/wp-json\/wp\/v2\/media?parent=2445"}],"wp:term":[{"taxonomy":"product_brand","embeddable":true,"href":"https:\/\/itsmyruum.com\/en\/wp-json\/wp\/v2\/product_brand?post=2445"},{"taxonomy":"product_cat","embeddable":true,"href":"https:\/\/itsmyruum.com\/en\/wp-json\/wp\/v2\/product_cat?post=2445"},{"taxonomy":"product_tag","embeddable":true,"href":"https:\/\/itsmyruum.com\/en\/wp-json\/wp\/v2\/product_tag?post=2445"}],"curies":[{"name":"wp","href":"https:\/\/api.w.org\/{rel}","templated":true}]}}