{"id":2478,"date":"2025-04-01T11:45:58","date_gmt":"2025-04-01T09:45:58","guid":{"rendered":"https:\/\/itsmyruum.com\/product\/somna\/"},"modified":"2025-11-25T00:48:32","modified_gmt":"2025-11-24T23:48:32","slug":"somna","status":"publish","type":"product","link":"https:\/\/itsmyruum.com\/en\/product\/somna\/","title":{"rendered":"Somna &#8211; S\u00e4ngram med f\u00f6rvaring"},"content":{"rendered":"<h2 class=\"\" data-start=\"113\" data-end=\"157\">Somna \u2013 ett mjukt formspr\u00e5k f\u00f6r djup vila<\/h2>\n<p class=\"\" data-start=\"159\" data-end=\"432\">Somna \u00e4r en s\u00e4ng skapad f\u00f6r dig som s\u00f6ker b\u00e5de komfort och ett uttrycksfullt formspr\u00e5k. Med sin gener\u00f6sa stoppning och de karakteristiska vertikala s\u00f6mmarna p\u00e5 gaveln skapas en inbjudande, modern silhuett \u2013 perfekt f\u00f6r ett sovrum d\u00e4r form och funktion f\u00e5r samsas i harmoni.<\/p>\n<p class=\"\" data-start=\"434\" data-end=\"626\">Den l\u00e5ga gaveln ger ett avslappnat intryck samtidigt som den beh\u00e5ller sin visuella styrka, och \u00e4r kl\u00e4dd i det mjuka tyget Magic \u2013 ett exklusivt sammetstyg med en subtil glans och lyxig k\u00e4nsla.<\/p>\n<p class=\"\" data-start=\"628\" data-end=\"895\">S\u00e4ngen \u00e4r utrustad med en rymlig f\u00f6rvaringsl\u00f6sning under madrassen. H\u00e4r f\u00e5r du enkelt plats med t\u00e4cken, kuddar, extra b\u00e4ddset eller vad du \u00e4n vill ha n\u00e4ra men inte synligt. De breda sidorna fungerar ocks\u00e5 praktiskt som avst\u00e4llningsyta f\u00f6r bok, glas\u00f6gon eller telefon.<\/p>\n<p class=\"\" data-start=\"897\" data-end=\"1052\">Somna tillverkas i Europa med fokus p\u00e5 komfort, kvalitet och h\u00e5llbarhet \u2013 och finns i flera storlekar och f\u00e4rgalternativ f\u00f6r att passa olika rum och behov.<\/p>\n<p class=\"\" data-start=\"897\" data-end=\"1052\">T\u00e4nk p\u00e5 att madrass inte ing\u00e5r vid k\u00f6p av en s\u00e4ngram.<\/p>\n<p class=\"\" data-start=\"897\" data-end=\"1052\"><img decoding=\"async\" src=\"https:\/\/cdn.shopify.com\/s\/files\/1\/0914\/4945\/9070\/files\/RUUM-SOMNA-MATT.png?v=1743500986\" alt=\"\" \/><\/p>","protected":false},"excerpt":{"rendered":"<p>Somna \u2013 ett mjukt formspr\u00e5k f\u00f6r djup vila Somna \u00e4r en s\u00e4ng skapad f\u00f6r dig som s\u00f6ker b\u00e5de komfort och<\/p>","protected":false},"featured_media":2831,"comment_status":"open","ping_status":"closed","template":"","meta":{"_acf_changed":false},"product_brand":[],"product_cat":[72,73,74,75,87,90,86,88],"product_tag":[],"class_list":{"0":"post-2478","1":"product","2":"type-product","3":"status-publish","4":"has-post-thumbnail","6":"product_cat-120x200cm","7":"product_cat-140x200cm","8":"product_cat-160x200cm","9":"product_cat-180x200cm","10":"product_cat-alla-sangar","11":"product_cat-products","12":"product_cat-ramsangar","13":"product_cat-startsida","15":"first","16":"instock","17":"shipping-taxable","18":"purchasable","19":"product-type-variable","20":"has-default-attributes"},"acf":[],"_links":{"self":[{"href":"https:\/\/itsmyruum.com\/en\/wp-json\/wp\/v2\/product\/2478","targetHints":{"allow":["GET"]}}],"collection":[{"href":"https:\/\/itsmyruum.com\/en\/wp-json\/wp\/v2\/product"}],"about":[{"href":"https:\/\/itsmyruum.com\/en\/wp-json\/wp\/v2\/types\/product"}],"replies":[{"embeddable":true,"href":"https:\/\/itsmyruum.com\/en\/wp-json\/wp\/v2\/comments?post=2478"}],"version-history":[{"count":0,"href":"https:\/\/itsmyruum.com\/en\/wp-json\/wp\/v2\/product\/2478\/revisions"}],"wp:featuredmedia":[{"embeddable":true,"href":"https:\/\/itsmyruum.com\/en\/wp-json\/wp\/v2\/media\/2831"}],"wp:attachment":[{"href":"https:\/\/itsmyruum.com\/en\/wp-json\/wp\/v2\/media?parent=2478"}],"wp:term":[{"taxonomy":"product_brand","embeddable":true,"href":"https:\/\/itsmyruum.com\/en\/wp-json\/wp\/v2\/product_brand?post=2478"},{"taxonomy":"product_cat","embeddable":true,"href":"https:\/\/itsmyruum.com\/en\/wp-json\/wp\/v2\/product_cat?post=2478"},{"taxonomy":"product_tag","embeddable":true,"href":"https:\/\/itsmyruum.com\/en\/wp-json\/wp\/v2\/product_tag?post=2478"}],"curies":[{"name":"wp","href":"https:\/\/api.w.org\/{rel}","templated":true}]}}