{"id":2555,"date":"2025-04-01T18:01:26","date_gmt":"2025-04-01T16:01:26","guid":{"rendered":"https:\/\/itsmyruum.com\/product\/svalna\/"},"modified":"2025-11-25T16:39:28","modified_gmt":"2025-11-25T15:39:28","slug":"svalna","status":"publish","type":"product","link":"https:\/\/itsmyruum.com\/en\/product\/svalna\/","title":{"rendered":"Svalna &#8211; S\u00e4ngram med f\u00f6rvaring"},"content":{"rendered":"<h3 class=\"\" data-start=\"140\" data-end=\"178\"><strong data-start=\"144\" data-end=\"178\">Svalna \u2013 mjuk form, maximal ro<\/strong><\/h3>\n<p class=\"\" data-start=\"180\" data-end=\"508\">Svalna \u00e4r en s\u00e4ng som omfamnar dig med sitt mjuka formspr\u00e5k och harmoniska design. Den rundade s\u00e4nggaveln breder f\u00f6rsiktigt ut sig \u00e5t sidorna \u2013 som en inbjudande kram \u2013 och skapar en varm, trygg k\u00e4nsla i sovrummet. Den b\u00f6ljande silhuetten ger Svalna ett organiskt uttryck som passar perfekt i b\u00e5de moderna och klassiska milj\u00f6er.<\/p>\n<p class=\"\" data-start=\"510\" data-end=\"730\">Den gener\u00f6st stoppade gaveln \u00e4r inte bara vacker \u2013 den \u00e4r ocks\u00e5 sk\u00f6n att luta sig mot n\u00e4r du vill koppla av med en bok eller film. Hela s\u00e4ngen \u00e4r kl\u00e4dd i ett mjukt, exklusivt tyg som ger en ombonad och inbjudande k\u00e4nsla.<\/p>\n<p class=\"\" data-start=\"732\" data-end=\"936\">Precis som alla v\u00e5ra s\u00e4ngar \u00e4r Svalna utrustad med rymliga f\u00f6rvaringsl\u00e5dor under madrassen. Perfekt f\u00f6r att g\u00f6mma undan extra t\u00e4cken, kuddar eller s\u00e4songstextilier \u2013 och h\u00e5lla sovrummet i stilren ordning.<\/p>\n<p class=\"\" data-start=\"938\" data-end=\"1117\">Med sin v\u00e4lvda elegans och genomt\u00e4nkta funktion \u00e4r Svalna en s\u00e4ng som b\u00e5de f\u00e5ngar \u00f6gat och ger kroppen vila. En plats d\u00e4r varje kv\u00e4ll k\u00e4nns som b\u00f6rjan p\u00e5 n\u00e5got stilla och vackert.<\/p>\n<p class=\"\" data-start=\"938\" data-end=\"1117\">T\u00e4nk p\u00e5 att madrass inte ing\u00e5r vid k\u00f6p av en s\u00e4ngram.<\/p>\n<p class=\"\" data-start=\"938\" data-end=\"1117\"><img decoding=\"async\" src=\"https:\/\/cdn.shopify.com\/s\/files\/1\/0914\/4945\/9070\/files\/RUUM-SVALNA-MATT.jpg?v=1743523869\" alt=\"\" \/><\/p>","protected":false},"excerpt":{"rendered":"<p>Svalna \u2013 mjuk form, maximal ro Svalna \u00e4r en s\u00e4ng som omfamnar dig med sitt mjuka formspr\u00e5k och harmoniska design.<\/p>","protected":false},"featured_media":2816,"comment_status":"open","ping_status":"closed","template":"","meta":{"_acf_changed":false},"product_brand":[],"product_cat":[72,73,74,75,87,90,86,88],"product_tag":[],"class_list":{"0":"post-2555","1":"product","2":"type-product","3":"status-publish","4":"has-post-thumbnail","6":"product_cat-120x200cm","7":"product_cat-140x200cm","8":"product_cat-160x200cm","9":"product_cat-180x200cm","10":"product_cat-alla-sangar","11":"product_cat-products","12":"product_cat-ramsangar","13":"product_cat-startsida","15":"first","16":"instock","17":"shipping-taxable","18":"purchasable","19":"product-type-variable"},"acf":[],"_links":{"self":[{"href":"https:\/\/itsmyruum.com\/en\/wp-json\/wp\/v2\/product\/2555","targetHints":{"allow":["GET"]}}],"collection":[{"href":"https:\/\/itsmyruum.com\/en\/wp-json\/wp\/v2\/product"}],"about":[{"href":"https:\/\/itsmyruum.com\/en\/wp-json\/wp\/v2\/types\/product"}],"replies":[{"embeddable":true,"href":"https:\/\/itsmyruum.com\/en\/wp-json\/wp\/v2\/comments?post=2555"}],"version-history":[{"count":1,"href":"https:\/\/itsmyruum.com\/en\/wp-json\/wp\/v2\/product\/2555\/revisions"}],"predecessor-version":[{"id":5898,"href":"https:\/\/itsmyruum.com\/en\/wp-json\/wp\/v2\/product\/2555\/revisions\/5898"}],"wp:featuredmedia":[{"embeddable":true,"href":"https:\/\/itsmyruum.com\/en\/wp-json\/wp\/v2\/media\/2816"}],"wp:attachment":[{"href":"https:\/\/itsmyruum.com\/en\/wp-json\/wp\/v2\/media?parent=2555"}],"wp:term":[{"taxonomy":"product_brand","embeddable":true,"href":"https:\/\/itsmyruum.com\/en\/wp-json\/wp\/v2\/product_brand?post=2555"},{"taxonomy":"product_cat","embeddable":true,"href":"https:\/\/itsmyruum.com\/en\/wp-json\/wp\/v2\/product_cat?post=2555"},{"taxonomy":"product_tag","embeddable":true,"href":"https:\/\/itsmyruum.com\/en\/wp-json\/wp\/v2\/product_tag?post=2555"}],"curies":[{"name":"wp","href":"https:\/\/api.w.org\/{rel}","templated":true}]}}