{"id":5125,"date":"2025-11-18T22:41:55","date_gmt":"2025-11-18T21:41:55","guid":{"rendered":"https:\/\/itsmyruum.com\/?post_type=product&#038;p=5125"},"modified":"2025-12-22T14:21:03","modified_gmt":"2025-12-22T13:21:03","slug":"loungen-3-sits-hornsoffa","status":"publish","type":"product","link":"https:\/\/itsmyruum.com\/en\/product\/loungen-3-sits-hornsoffa\/","title":{"rendered":"Loungen 3-sits h\u00f6rnsoffa"},"content":{"rendered":"<p class=\"\" data-start=\"247\" data-end=\"320\">En smart h\u00f6rnsoffa som kombinerar stil, komfort och funktion p\u00e5 b\u00e4sta s\u00e4tt. Loungen ser inte bara lyxig ut &#8211; utan den har \u00e4ven smarta funktioner d\u00e4r du kan flytta fram ryggst\u00f6det och skapa nya utseenden p\u00e5 soffan varje dag.<\/p>\n<p data-start=\"247\" data-end=\"320\"><strong data-start=\"247\" data-end=\"298\">M\u00e5tt: 289 \u00d7 183 \u00d7 88 cm (B \u00d7 D \u00d7 H)<\/strong><br data-start=\"298\" data-end=\"301\" \/><strong data-start=\"301\" data-end=\"320\">Sitth\u00f6jd: 44 cm<\/strong><\/p>","protected":false},"excerpt":{"rendered":"<p>En smart h\u00f6rnsoffa som kombinerar stil, komfort och funktion p\u00e5 b\u00e4sta s\u00e4tt. Loungen ser inte bara lyxig ut &#8211; utan<\/p>","protected":false},"featured_media":5134,"comment_status":"open","ping_status":"closed","template":"","meta":{"_acf_changed":false},"product_brand":[],"product_cat":[78,70,83,90,88],"product_tag":[],"class_list":{"0":"post-5125","1":"product","2":"type-product","3":"status-publish","4":"has-post-thumbnail","6":"product_cat-3-sits-soffor","7":"product_cat-alla-soffor","8":"product_cat-hornsoffor","9":"product_cat-products","10":"product_cat-startsida","12":"first","13":"instock","14":"shipping-taxable","15":"purchasable","16":"product-type-variable"},"acf":[],"_links":{"self":[{"href":"https:\/\/itsmyruum.com\/en\/wp-json\/wp\/v2\/product\/5125","targetHints":{"allow":["GET"]}}],"collection":[{"href":"https:\/\/itsmyruum.com\/en\/wp-json\/wp\/v2\/product"}],"about":[{"href":"https:\/\/itsmyruum.com\/en\/wp-json\/wp\/v2\/types\/product"}],"replies":[{"embeddable":true,"href":"https:\/\/itsmyruum.com\/en\/wp-json\/wp\/v2\/comments?post=5125"}],"version-history":[{"count":2,"href":"https:\/\/itsmyruum.com\/en\/wp-json\/wp\/v2\/product\/5125\/revisions"}],"predecessor-version":[{"id":5992,"href":"https:\/\/itsmyruum.com\/en\/wp-json\/wp\/v2\/product\/5125\/revisions\/5992"}],"wp:featuredmedia":[{"embeddable":true,"href":"https:\/\/itsmyruum.com\/en\/wp-json\/wp\/v2\/media\/5134"}],"wp:attachment":[{"href":"https:\/\/itsmyruum.com\/en\/wp-json\/wp\/v2\/media?parent=5125"}],"wp:term":[{"taxonomy":"product_brand","embeddable":true,"href":"https:\/\/itsmyruum.com\/en\/wp-json\/wp\/v2\/product_brand?post=5125"},{"taxonomy":"product_cat","embeddable":true,"href":"https:\/\/itsmyruum.com\/en\/wp-json\/wp\/v2\/product_cat?post=5125"},{"taxonomy":"product_tag","embeddable":true,"href":"https:\/\/itsmyruum.com\/en\/wp-json\/wp\/v2\/product_tag?post=5125"}],"curies":[{"name":"wp","href":"https:\/\/api.w.org\/{rel}","templated":true}]}}