{"id":5993,"date":"2025-12-26T15:58:10","date_gmt":"2025-12-26T14:58:10","guid":{"rendered":"https:\/\/itsmyruum.com\/?post_type=product&#038;p=5993"},"modified":"2025-12-27T01:57:28","modified_gmt":"2025-12-27T00:57:28","slug":"umgas-fatolj-med-badd-och-forvaring","status":"publish","type":"product","link":"https:\/\/itsmyruum.com\/en\/product\/umgas-fatolj-med-badd-och-forvaring\/","title":{"rendered":"Umg\u00e5s &#8211; F\u00e5t\u00f6lj med b\u00e4dd och f\u00f6rvaring"},"content":{"rendered":"<div data-elementor-type=\"product-post\" data-elementor-id=\"5993\" class=\"elementor elementor-5993\" data-elementor-post-type=\"product\">\n\t\t\t\t<div class=\"wd-negative-gap elementor-element elementor-element-1573eea1 e-flex e-con-boxed e-con e-parent\" data-id=\"1573eea1\" data-element_type=\"container\" data-e-type=\"container\">\n\t\t\t\t\t<div class=\"e-con-inner\">\n\t\t\t\t<div class=\"elementor-element elementor-element-2be6e1af color-scheme-inherit text-left elementor-widget elementor-widget-text-editor\" data-id=\"2be6e1af\" data-element_type=\"widget\" data-e-type=\"widget\" data-widget_type=\"text-editor.default\">\n\t\t\t\t\t\t\t\t\t<h3 data-start=\"127\" data-end=\"189\"><strong data-start=\"131\" data-end=\"189\">Umg\u00e5s &#8211; En f\u00e5t\u00f6lj med b\u00e4dd och f\u00f6rvaring i boucl\u00e9 tyg.<\/strong><\/h3><p data-start=\"224\" data-end=\"511\"><strong>Mjukt, genomt\u00e4nkt och inbjudande.<\/strong><br data-start=\"257\" data-end=\"260\" \/>Umg\u00e5s \u00e4r en stilren f\u00e5t\u00f6lj med b\u00e4ddfunktion kl\u00e4dd i trendigt boucl\u00e9tyg, skapad f\u00f6r att samla m\u00e4nniskor och g\u00f6ra vardagen enklare. Med sina mjuka former och gener\u00f6sa kuddar blir den snabbt hemmets naturliga samlingsplats \u2013 lika sk\u00f6n att sl\u00e5 sig ner i som att sova i.<\/p><p data-start=\"513\" data-end=\"755\">Under sitsen finns en rymlig f\u00f6rvaring d\u00e4r du smidigt kan f\u00f6rvara s\u00e4ngkl\u00e4der, filtar eller kuddar. N\u00e4r kv\u00e4llen kommer f\u00e4lls Umg\u00e5s enkelt ut till en bekv\u00e4m b\u00e4dd med sovyta p\u00e5 <strong data-start=\"687\" data-end=\"703\">152 \u00d7 132 cm<\/strong> \u2013 perfekt f\u00f6r g\u00e4ster eller spontana \u00f6vernattningar.<\/p><p data-start=\"757\" data-end=\"810\"><strong data-start=\"757\" data-end=\"810\">Detaljer som g\u00f6r Umg\u00e5s till mer \u00e4n bara en f\u00e5t\u00f6lj:<\/strong><\/p><ul data-start=\"811\" data-end=\"956\"><li data-start=\"811\" data-end=\"838\"><p data-start=\"813\" data-end=\"838\">Inkluderar mjuka kuddar<\/p><\/li><li data-start=\"839\" data-end=\"874\"><p data-start=\"841\" data-end=\"874\">Praktisk f\u00f6rvaring under sitsen<\/p><\/li><li data-start=\"875\" data-end=\"916\"><p data-start=\"877\" data-end=\"916\">Kl\u00e4dd i mjukt, strukturerat boucl\u00e9tyg<\/p><\/li><li data-start=\"917\" data-end=\"956\"><p data-start=\"919\" data-end=\"956\">Stabil konstruktion med h\u00f6g komfort<\/p><\/li><\/ul><p data-start=\"958\" data-end=\"981\"><strong data-start=\"958\" data-end=\"981\">M\u00e5tt &amp; information:<\/strong><\/p><ul data-start=\"982\" data-end=\"1135\"><li data-start=\"982\" data-end=\"998\"><p data-start=\"984\" data-end=\"998\">Djup: 110 cm<\/p><\/li><li data-start=\"999\" data-end=\"1014\"><p data-start=\"1001\" data-end=\"1014\">H\u00f6jd: 94 cm<\/p><\/li><li data-start=\"1015\" data-end=\"1032\"><p data-start=\"1017\" data-end=\"1032\">Bredd: 190 cm<\/p><\/li><li data-start=\"1033\" data-end=\"1054\"><p data-start=\"1035\" data-end=\"1054\">Sittbredd: 132 cm<\/p><\/li><li data-start=\"1055\" data-end=\"1074\"><p data-start=\"1057\" data-end=\"1074\">Sitth\u00f6jd: 41 cm<\/p><\/li><li data-start=\"1075\" data-end=\"1099\"><p data-start=\"1077\" data-end=\"1099\">Sovyta: 152 \u00d7 132 cm<\/p><\/li><li data-start=\"1100\" data-end=\"1135\"><p data-start=\"1102\" data-end=\"1135\">F\u00f6rvaringsyta: 128 \u00d7 68 \u00d7 24 cm<\/p><\/li><\/ul><p data-start=\"1137\" data-end=\"1343\">Umg\u00e5s passar perfekt i mindre hem, g\u00e4strum eller vardagsrum d\u00e4r varje kvadratmeter r\u00e4knas.<br data-start=\"1227\" data-end=\"1230\" \/>En f\u00e5t\u00f6lj designad f\u00f6r att anv\u00e4ndas, delas och uppskattas \u2013 utan att kompromissa med vare sig stil eller funktion.<\/p><p data-start=\"1345\" data-end=\"1366\">\u00a0<\/p><p data-start=\"1345\" data-end=\"1366\"><img loading=\"lazy\" decoding=\"async\" class=\"alignnone size-full wp-image-6022\" src=\"https:\/\/itsmyruum.com\/wp-content\/uploads\/2025\/12\/RUUM-UMGAS-FATOLJ-MED-BADD-OCH-FUNKTION-MATT.jpg\" alt=\"\" width=\"1920\" height=\"1064\" srcset=\"https:\/\/itsmyruum.com\/wp-content\/uploads\/2025\/12\/RUUM-UMGAS-FATOLJ-MED-BADD-OCH-FUNKTION-MATT.jpg 1920w, https:\/\/itsmyruum.com\/wp-content\/uploads\/2025\/12\/RUUM-UMGAS-FATOLJ-MED-BADD-OCH-FUNKTION-MATT-300x166.jpg 300w, https:\/\/itsmyruum.com\/wp-content\/uploads\/2025\/12\/RUUM-UMGAS-FATOLJ-MED-BADD-OCH-FUNKTION-MATT-768x426.jpg 768w, https:\/\/itsmyruum.com\/wp-content\/uploads\/2025\/12\/RUUM-UMGAS-FATOLJ-MED-BADD-OCH-FUNKTION-MATT-1536x851.jpg 1536w, https:\/\/itsmyruum.com\/wp-content\/uploads\/2025\/12\/RUUM-UMGAS-FATOLJ-MED-BADD-OCH-FUNKTION-MATT-18x10.jpg 18w, https:\/\/itsmyruum.com\/wp-content\/uploads\/2025\/12\/RUUM-UMGAS-FATOLJ-MED-BADD-OCH-FUNKTION-MATT-1200x665.jpg 1200w, https:\/\/itsmyruum.com\/wp-content\/uploads\/2025\/12\/RUUM-UMGAS-FATOLJ-MED-BADD-OCH-FUNKTION-MATT-150x83.jpg 150w\" sizes=\"auto, (max-width: 1920px) 100vw, 1920px\" \/><\/p>\t\t\t\t\t\t\t\t<\/div>\n\t\t\t\t\t<\/div>\n\t\t\t\t<\/div>\n\t\t\t\t<\/div>","protected":false},"excerpt":{"rendered":"<p>Umg\u00e5s &#8211; En f\u00e5t\u00f6lj med b\u00e4dd och f\u00f6rvaring i boucl\u00e9 tyg. Mjukt, genomt\u00e4nkt och inbjudande.Umg\u00e5s \u00e4r en stilren f\u00e5t\u00f6lj med<\/p>","protected":false},"featured_media":6004,"comment_status":"open","ping_status":"closed","template":"","meta":{"_acf_changed":false},"product_brand":[],"product_cat":[70,69,82,90,88],"product_tag":[],"class_list":{"0":"post-5993","1":"product","2":"type-product","3":"status-publish","4":"has-post-thumbnail","6":"product_cat-alla-soffor","7":"product_cat-baddsoffor","8":"product_cat-fatoljer","9":"product_cat-products","10":"product_cat-startsida","12":"first","13":"instock","14":"shipping-taxable","15":"purchasable","16":"product-type-variable"},"acf":[],"_links":{"self":[{"href":"https:\/\/itsmyruum.com\/en\/wp-json\/wp\/v2\/product\/5993","targetHints":{"allow":["GET"]}}],"collection":[{"href":"https:\/\/itsmyruum.com\/en\/wp-json\/wp\/v2\/product"}],"about":[{"href":"https:\/\/itsmyruum.com\/en\/wp-json\/wp\/v2\/types\/product"}],"replies":[{"embeddable":true,"href":"https:\/\/itsmyruum.com\/en\/wp-json\/wp\/v2\/comments?post=5993"}],"version-history":[{"count":5,"href":"https:\/\/itsmyruum.com\/en\/wp-json\/wp\/v2\/product\/5993\/revisions"}],"predecessor-version":[{"id":6039,"href":"https:\/\/itsmyruum.com\/en\/wp-json\/wp\/v2\/product\/5993\/revisions\/6039"}],"wp:featuredmedia":[{"embeddable":true,"href":"https:\/\/itsmyruum.com\/en\/wp-json\/wp\/v2\/media\/6004"}],"wp:attachment":[{"href":"https:\/\/itsmyruum.com\/en\/wp-json\/wp\/v2\/media?parent=5993"}],"wp:term":[{"taxonomy":"product_brand","embeddable":true,"href":"https:\/\/itsmyruum.com\/en\/wp-json\/wp\/v2\/product_brand?post=5993"},{"taxonomy":"product_cat","embeddable":true,"href":"https:\/\/itsmyruum.com\/en\/wp-json\/wp\/v2\/product_cat?post=5993"},{"taxonomy":"product_tag","embeddable":true,"href":"https:\/\/itsmyruum.com\/en\/wp-json\/wp\/v2\/product_tag?post=5993"}],"curies":[{"name":"wp","href":"https:\/\/api.w.org\/{rel}","templated":true}]}}